{"id":756952,"date":"2025-08-28T07:22:07","date_gmt":"2025-08-28T04:22:07","guid":{"rendered":"https:\/\/roveyayinevi.com.tr\/index.php\/urun\/kbi-kuantum-boyutunda-istihbarat\/"},"modified":"2026-04-16T03:10:01","modified_gmt":"2026-04-16T00:10:01","slug":"kbi-kuantum-boyutunda-istihbarat","status":"publish","type":"product","link":"https:\/\/roveyayinevi.com.tr\/index.php\/urun\/kbi-kuantum-boyutunda-istihbarat\/","title":{"rendered":"KBI: Kuantum Boyutunda \u0130stihbarat"},"content":{"rendered":"<p>Evren, insan ve yarad\u0131l\u0131\u015f\u0131n gizemi gibi konular kuantum fizi\u011fi \u0131\u015f\u0131\u011f\u0131nda metafizik bilinmeyenler, bu kitapta kapal\u0131 kutusundan \u00e7\u0131kar\u0131l\u0131p detayl\u0131 anla\u015f\u0131l\u0131r, bilimsel olarak izah buluyor. Y\u00fczy\u0131llard\u0131r insanl\u0131\u011f\u0131n sorular\u0131 ve aray\u0131\u015flar\u0131 ekseninde ortaya \u00e7\u0131kan din ve bilimin \u00e7at\u0131\u015fmalar\u0131na ra\u011fmen dini inan\u00e7lar\u0131m\u0131z ve hatta ilahi metinler kuantum fizi\u011fi boyutunda ele al\u0131nd\u0131\u011f\u0131nda metafizik sayd\u0131\u011f\u0131m\u0131z bir\u00e7ok fenomen b\u00fcy\u00fcleyici bir hakikat olarak kar\u015f\u0131m\u0131za \u00e7\u0131kmaktad\u0131r. Kitab\u0131n yazarlar\u0131 kuantum fizik ilkeleri \u00e7er\u00e7evesinde bilinmeyenin \u00fcrk\u00fct\u00fcc\u00fc karanl\u0131\u011f\u0131na kar\u015f\u0131 bir \u0131\u015f\u0131k yakm\u0131\u015flard\u0131r. Say\u0131n Prof. Dr. Ramazan Bi\u00e7er ve Say\u0131n Eda Alemdar\u2019\u0131n teolojiyi \u00e7a\u011f\u0131n yeni kuantum tan\u0131mlar\u0131 ile bulu\u015fturan multidisipliner yakla\u015f\u0131m\u0131 bu kitab\u0131 \u00f6zel ve \u00f6zg\u00fcn k\u0131lan yeg\u00e2ne sebeptir.Binlerce y\u0131ll\u0131k \u2018T\u00fcrk Devlet Gelene\u011fi\u2019mizin devlet ve askeri yap\u0131lanmas\u0131 do\u011frultusunda istihbarat ba\u015far\u0131l\u0131 bir \u015fekilde i\u015flemi\u015ftir. Olduk\u00e7a jeo-stratejik bir co\u011frafyada bulunan \u00fclkemiz i\u00e7in \u00e7a\u011f\u0131n gereklerine uygun bir istihbarat te\u015fkilat\u0131n\u0131n olmas\u0131 ka\u00e7\u0131n\u0131lmazd\u0131r. Bu kitapta kuantum \u00e7a\u011f\u0131 ile ortaya \u00e7\u0131kan yeni hakikatler \u0131\u015f\u0131\u011f\u0131nda \u00f6zg\u00fcn tan\u0131mlar, ilmi izahlar bulacak, \u00fclkemizin eri\u015fti\u011fi bu kozmik seviyenin fark\u0131na varacaks\u0131n\u0131z. Kuantum Boyutunda \u0130stihbarat, \u0131\u015f\u0131k h\u0131z\u0131nda kuantik dijital enformasyon alan\u0131na insan\u0131 da katarak fiziki boyutsal varl\u0131\u011f\u0131m\u0131z\u0131n atom alt\u0131 d\u00fcnyas\u0131na a\u00e7\u0131kl\u0131k getirmektedir. Bu kitab\u0131n en m\u00fchim \u00f6zelli\u011fi, fizik \u00f6tesi istihbarat y\u00f6ntemlerini fantastik ve magazinsel izahlardan ar\u0131nd\u0131r\u0131p i\u00e7inde oldu\u011fumuz \u00e7a\u011f\u0131n bilimi ve \u00f6tesine projeksiyon tutmas\u0131d\u0131r. S\u00fcrprizlerle dolu b\u00f6l\u00fcmleri bir \u00e7\u0131rp\u0131da okuyacaks\u0131n\u0131z. Her sayfas\u0131nda yeni bir ayd\u0131nlanma ya\u015fayarak bu yeni hakikat sayesinde, kuantum evreninde i\u015flerin \u00e7ok farkl\u0131 ilkelerle \u00e7al\u0131\u015ft\u0131\u011f\u0131n\u0131 fark edeceksiniz. Adeta bir gizemli karadeli\u011fin i\u00e7inde e\u015fsiz hakikatlerin ke\u015ffine tan\u0131k olacaks\u0131n\u0131z. Okuyucuyu i\u00e7ine \u00e7eken bir ser\u00fcven dizini, konuyla ilgilenen okuyucular\u0131n rahat\u00e7a anlayabilece\u011fi dille kaleme al\u0131nm\u0131\u015f bu kitap ola\u011fan\u00fcst\u00fcl\u00fckleri, bilinmeyenleri, paradokslar\u0131, \u00fctopik olmaktan \u00e7\u0131karmakla kalmay\u0131p realiteye yans\u0131tarak, bilimsel bir zeminde istihbarat ve kozmik bilin\u00e7 alan\u0131na da yeni bulu\u015f niteli\u011finde tan\u0131mlar getirmektedir. Kendinizi ve evrenin bilinmeyenlerini ke\u015ffetme yolunda bu kitap ayd\u0131nlat\u0131c\u0131 ve yol g\u00f6sterici bir rehber olacakt\u0131r.<\/p>\n","protected":false},"excerpt":{"rendered":"<p>Evren, insan ve yarad\u0131l\u0131\u015f\u0131n gizemi gibi konular kuantum fizi\u011fi \u0131\u015f\u0131\u011f\u0131nda metafizik bilinmeyenler, bu kitapta kapal\u0131 kutusundan \u00e7\u0131kar\u0131l\u0131p detayl\u0131 anla\u015f\u0131l\u0131r, bilimsel olarak izah buluyor. Y\u00fczy\u0131llard\u0131r insanl\u0131\u011f\u0131n sorular\u0131<span class=\"excerpt-hellip\"> [\u2026]<\/span><\/p>\n","protected":false},"featured_media":0,"template":"","meta":{"_monsterinsights_skip_tracking":false,"_monsterinsights_sitenote_active":false,"_monsterinsights_sitenote_note":"","_monsterinsights_sitenote_category":0},"product_brand":[],"product_cat":[13005,13006],"product_tag":[],"class_list":{"0":"post-756952","1":"product","2":"type-product","3":"status-publish","5":"product_cat-bilim-muhendislik","6":"product_cat-populer-bilim","7":"pa_cilt-ciltsiz","8":"pa_tur-kitap","9":"pa_yayinevi-hayykitap","10":"pa_yazar-ramazan-bicer-eda-alemdar","12":"first","13":"instock","14":"sale","15":"shipping-taxable","16":"purchasable","17":"product-type-simple"},"_links":{"self":[{"href":"https:\/\/roveyayinevi.com.tr\/index.php\/wp-json\/wp\/v2\/product\/756952","targetHints":{"allow":["GET"]}}],"collection":[{"href":"https:\/\/roveyayinevi.com.tr\/index.php\/wp-json\/wp\/v2\/product"}],"about":[{"href":"https:\/\/roveyayinevi.com.tr\/index.php\/wp-json\/wp\/v2\/types\/product"}],"wp:attachment":[{"href":"https:\/\/roveyayinevi.com.tr\/index.php\/wp-json\/wp\/v2\/media?parent=756952"}],"wp:term":[{"taxonomy":"product_brand","embeddable":true,"href":"https:\/\/roveyayinevi.com.tr\/index.php\/wp-json\/wp\/v2\/product_brand?post=756952"},{"taxonomy":"product_cat","embeddable":true,"href":"https:\/\/roveyayinevi.com.tr\/index.php\/wp-json\/wp\/v2\/product_cat?post=756952"},{"taxonomy":"product_tag","embeddable":true,"href":"https:\/\/roveyayinevi.com.tr\/index.php\/wp-json\/wp\/v2\/product_tag?post=756952"}],"curies":[{"name":"wp","href":"https:\/\/api.w.org\/{rel}","templated":true}]}}