{"id":756950,"date":"2025-08-28T07:22:05","date_gmt":"2025-08-28T04:22:05","guid":{"rendered":"https:\/\/roveyayinevi.com.tr\/index.php\/urun\/toplumsal-yasam-ve-eski-turk-inanclari-kazakistan-kulturu\/"},"modified":"2026-04-16T03:10:01","modified_gmt":"2026-04-16T00:10:01","slug":"toplumsal-yasam-ve-eski-turk-inanclari-kazakistan-kulturu","status":"publish","type":"product","link":"https:\/\/roveyayinevi.com.tr\/index.php\/urun\/toplumsal-yasam-ve-eski-turk-inanclari-kazakistan-kulturu\/","title":{"rendered":"Toplumsal Ya\u015fam ve Eski T\u00fcrk \u0130nan\u00e7lar\u0131 &#8211; Kazakistan K\u00fclt\u00fcr\u00fc"},"content":{"rendered":"<p>Eski T\u00fcrk inan\u00e7lar\u0131n\u0131n izleri konusundaki bu \u00e7al\u0131\u015fmaya ba\u015flama iste\u011fim, eski T\u00fcrk yurdu olan Orta Asya\u2019ya olan yo\u011fun ilgim ve merak\u0131mla  ilgiliydi. Kazakistan topraklar\u0131na ayak bast\u0131\u011f\u0131mda kendimi \u00e7ok uzun s\u00fcredir \u00f6z vatan\u0131ndan ayr\u0131 kalm\u0131\u015f biri gibi hissettim. \u00c7ok k\u0131sa bir s\u00fcrede oradaki ya\u015fama uyum sa\u011flad\u0131m ve b\u00f6ylece uzun bir ara\u015ft\u0131rma maratonu ba\u015flam\u0131\u015f oldu. Kazakistan iklimlerden sonbahar\u0131n yo\u011fun olarak ya\u015fand\u0131\u011f\u0131 bir  \u00fclkeydi. Orada hayat\u0131m\u0131n en uzun sonbahar\u0131na tan\u0131k oldum. Eyl\u00fcl ve Kas\u0131m aylar\u0131 aras\u0131ndaki \u00fc\u00e7 ay boyunca a\u011fa\u00e7lardan m\u00fctemadiyen yapraklar d\u00f6k\u00fcl\u00fcyordu. Yapraklar\u0131 kad\u0131n temizlik i\u015f\u00e7ileri temizlemeye \u00e7al\u0131\u015fsalar da yeti\u015fmeleri olanaks\u0131zd\u0131. Sadece sonbahar\u0131n uzun olmas\u0131 de\u011fil, oradaki ya\u015fam bi\u00e7imi de beni olduk\u00e7a \u015fa\u015f\u0131rtt\u0131. Bu y\u00fczden inan\u00e7 bi\u00e7iminin yan\u0131 s\u0131ra, bir sosyal antropolog g\u00f6z\u00fcyle Kazakistan k\u00fclt\u00fcr\u00fc hakk\u0131nda da g\u00f6zlemler  yapmaya karar verdim. Daha sonra Orta Asya ve Kazakistan b\u00f6lgesinde  \u015eamanizm\u2019in ve T\u00fcrkiye\u2019deki t\u00fcrbe inanc\u0131n\u0131n benzerinin g\u00fc\u00e7l\u00fc olarak var oldu\u011funu \u00f6\u011frendi\u011fimde; ara\u015ft\u0131rman\u0131n yo\u011funluklu olarak din k\u00fclt\u00fcr\u00fc konusunda yap\u0131lmas\u0131 gerekti\u011fini d\u00fc\u015f\u00fcnd\u00fcm. Bu nedenle, kitap eski T\u00fcrk inanc\u0131n\u0131n g\u00fcn\u00fcm\u00fczdeki izleri olan atalar k\u00fclt\u00fc-t\u00fcrbe inanc\u0131 ve \u015eamanizm konusunda yo\u011funla\u015fan objektif bir bak\u0131\u015f a\u00e7\u0131s\u0131n\u0131 yans\u0131tmaktad\u0131r. <\/p>\n","protected":false},"excerpt":{"rendered":"<p>Eski T\u00fcrk inan\u00e7lar\u0131n\u0131n izleri konusundaki bu \u00e7al\u0131\u015fmaya ba\u015flama iste\u011fim, eski T\u00fcrk yurdu olan Orta Asya\u2019ya olan yo\u011fun ilgim ve merak\u0131mla ilgiliydi. Kazakistan topraklar\u0131na ayak bast\u0131\u011f\u0131mda kendimi<span class=\"excerpt-hellip\"> [\u2026]<\/span><\/p>\n","protected":false},"featured_media":0,"template":"","meta":{"_monsterinsights_skip_tracking":false,"_monsterinsights_sitenote_active":false,"_monsterinsights_sitenote_note":"","_monsterinsights_sitenote_category":0},"product_brand":[],"product_cat":[12324],"product_tag":[],"class_list":{"0":"post-756950","1":"product","2":"type-product","3":"status-publish","5":"product_cat-sosyoloji","6":"pa_cilt-ciltsiz","7":"pa_tur-kitap","8":"pa_yayinevi-siyasal-kitabevi","9":"pa_yazar-huseyin-turk","11":"first","12":"instock","13":"sale","14":"shipping-taxable","15":"purchasable","16":"product-type-simple"},"_links":{"self":[{"href":"https:\/\/roveyayinevi.com.tr\/index.php\/wp-json\/wp\/v2\/product\/756950","targetHints":{"allow":["GET"]}}],"collection":[{"href":"https:\/\/roveyayinevi.com.tr\/index.php\/wp-json\/wp\/v2\/product"}],"about":[{"href":"https:\/\/roveyayinevi.com.tr\/index.php\/wp-json\/wp\/v2\/types\/product"}],"wp:attachment":[{"href":"https:\/\/roveyayinevi.com.tr\/index.php\/wp-json\/wp\/v2\/media?parent=756950"}],"wp:term":[{"taxonomy":"product_brand","embeddable":true,"href":"https:\/\/roveyayinevi.com.tr\/index.php\/wp-json\/wp\/v2\/product_brand?post=756950"},{"taxonomy":"product_cat","embeddable":true,"href":"https:\/\/roveyayinevi.com.tr\/index.php\/wp-json\/wp\/v2\/product_cat?post=756950"},{"taxonomy":"product_tag","embeddable":true,"href":"https:\/\/roveyayinevi.com.tr\/index.php\/wp-json\/wp\/v2\/product_tag?post=756950"}],"curies":[{"name":"wp","href":"https:\/\/api.w.org\/{rel}","templated":true}]}}