{"id":756948,"date":"2025-08-28T07:22:01","date_gmt":"2025-08-28T04:22:01","guid":{"rendered":"https:\/\/roveyayinevi.com.tr\/index.php\/urun\/turizm\/"},"modified":"2026-04-16T03:10:01","modified_gmt":"2026-04-16T00:10:01","slug":"turizm","status":"publish","type":"product","link":"https:\/\/roveyayinevi.com.tr\/index.php\/urun\/turizm\/","title":{"rendered":"Turizm"},"content":{"rendered":"<p>Bu tam bir muamma bir insan bir \u015feyleri kaybetmeye ba\u015flad\u0131\u011f\u0131nda her \u015feyini kaybedebilir ve elinde tutamaz Hi\u00e7bir \u015feyi \u00c7\u00fcnk\u00fc her \u015fey \u00f6l\u00fcr Ve sen de en az benim kadar duygusuz ve \u00f6l\u00fcs\u00fcn Ben \u015fimdi her \u015feyi yapabilecek durumday\u0131m Ve sen Evet Sen de \u00f6ylesin<\/p>\n","protected":false},"excerpt":{"rendered":"<p>Bu tam bir muamma bir insan bir \u015feyleri kaybetmeye ba\u015flad\u0131\u011f\u0131nda her \u015feyini kaybedebilir ve elinde tutamaz Hi\u00e7bir \u015feyi \u00c7\u00fcnk\u00fc her \u015fey \u00f6l\u00fcr Ve sen de en<span class=\"excerpt-hellip\"> [\u2026]<\/span><\/p>\n","protected":false},"featured_media":0,"template":"","meta":{"_monsterinsights_skip_tracking":false,"_monsterinsights_sitenote_active":false,"_monsterinsights_sitenote_note":"","_monsterinsights_sitenote_category":0},"product_brand":[],"product_cat":[12291,12509],"product_tag":[],"class_list":{"0":"post-756948","1":"product","2":"type-product","3":"status-publish","5":"product_cat-edebiyat","6":"product_cat-siir","7":"pa_cilt-ciltsiz","8":"pa_tur-kitap","9":"pa_yayinevi-habitus-yayinlari","10":"pa_yazar-tiago-correia","12":"first","13":"instock","14":"sale","15":"shipping-taxable","16":"purchasable","17":"product-type-simple"},"_links":{"self":[{"href":"https:\/\/roveyayinevi.com.tr\/index.php\/wp-json\/wp\/v2\/product\/756948","targetHints":{"allow":["GET"]}}],"collection":[{"href":"https:\/\/roveyayinevi.com.tr\/index.php\/wp-json\/wp\/v2\/product"}],"about":[{"href":"https:\/\/roveyayinevi.com.tr\/index.php\/wp-json\/wp\/v2\/types\/product"}],"wp:attachment":[{"href":"https:\/\/roveyayinevi.com.tr\/index.php\/wp-json\/wp\/v2\/media?parent=756948"}],"wp:term":[{"taxonomy":"product_brand","embeddable":true,"href":"https:\/\/roveyayinevi.com.tr\/index.php\/wp-json\/wp\/v2\/product_brand?post=756948"},{"taxonomy":"product_cat","embeddable":true,"href":"https:\/\/roveyayinevi.com.tr\/index.php\/wp-json\/wp\/v2\/product_cat?post=756948"},{"taxonomy":"product_tag","embeddable":true,"href":"https:\/\/roveyayinevi.com.tr\/index.php\/wp-json\/wp\/v2\/product_tag?post=756948"}],"curies":[{"name":"wp","href":"https:\/\/api.w.org\/{rel}","templated":true}]}}