{"id":756945,"date":"2025-08-28T07:21:57","date_gmt":"2025-08-28T04:21:57","guid":{"rendered":"https:\/\/roveyayinevi.com.tr\/index.php\/urun\/nordik-oyunlar-4-oyun\/"},"modified":"2026-01-21T03:42:46","modified_gmt":"2026-01-21T00:42:46","slug":"nordik-oyunlar-4-oyun","status":"publish","type":"product","link":"https:\/\/roveyayinevi.com.tr\/index.php\/urun\/nordik-oyunlar-4-oyun\/","title":{"rendered":"Nordik Oyunlar  (4 Oyun)"},"content":{"rendered":"<p>Mesafe Kristofer Blindheim Gr\u00f8nskag Uzak ve ilgisiz\u2026 D\u00fcnyan\u0131n hissi. Yabanc\u0131 bir \u015fey. Art\u0131k bunun bir anlam\u0131 yoktu. D\u00fcnyan\u0131n da. \u0130nsanlar\u0131n da. B\u00f6yle bir d\u00fcnyaya ne oldu\u011fu kimin umurundayd\u0131 ki? Yan\u0131p y\u0131k\u0131labilirdi pekala. K\u0131yamet Malin Axelsson Son g\u00fcnler ya\u015fan\u0131rken hayatta olman\u0131n yaratt\u0131\u011f\u0131 belli belirsiz duyguyu hat\u0131rl\u0131yorsun. \u00c7ok k\u00fc\u00e7\u00fck ya\u015flardan beri hissetti\u011fin bir duygu, h\u00fcz\u00fcnden \u00e7ok \u00f6nce \u00e7\u00f6ken bir h\u00fcz\u00fcn. Sanki olacaklardan \u00f6nceden haberin vard\u0131, her \u015feyin ellerinden kay\u0131p gidece\u011fini biliyordun. M\u00fcd\u00fcr Marie Bj\u00f8rn \u2026yeni bir yap\u0131lanmaya gidiyoruz, yani her \u015feyi k\u00fc\u00e7\u00fcltmenin, daha k\u00fc\u00e7\u00fcltmenin, daha da k\u00fc\u00e7\u00fcltmenin (\u2026) Rocky! Kaybedenin D\u00f6n\u00fc\u015f\u00fc Tue Biering Rocky bu kez kazanam\u0131yor. Ama geri geliyor. Onu engelleyemezsin. Kaybedecek hi\u00e7bir \u015feyi yok. Biz onu d\u0131\u015far\u0131 att\u0131k\u00e7a, daha fazlas\u0131 ringe \u00e7\u0131k\u0131yor.<\/p>\n","protected":false},"excerpt":{"rendered":"<p>Mesafe Kristofer Blindheim Gr\u00f8nskag Uzak ve ilgisiz\u2026 D\u00fcnyan\u0131n hissi. Yabanc\u0131 bir \u015fey. Art\u0131k bunun bir anlam\u0131 yoktu. D\u00fcnyan\u0131n da. \u0130nsanlar\u0131n da. B\u00f6yle bir d\u00fcnyaya ne oldu\u011fu<span class=\"excerpt-hellip\"> [\u2026]<\/span><\/p>\n","protected":false},"featured_media":0,"template":"","meta":{"_monsterinsights_skip_tracking":false,"_monsterinsights_sitenote_active":false,"_monsterinsights_sitenote_note":"","_monsterinsights_sitenote_category":0},"product_brand":[],"product_cat":[12409,12408],"product_tag":[],"class_list":{"0":"post-756945","1":"product","2":"type-product","3":"status-publish","5":"product_cat-fotograf-sinema-tiyatro","6":"product_cat-sanat","7":"pa_cilt-ciltsiz","8":"pa_tur-kitap","9":"pa_yayinevi-habitus-yayinlari","10":"pa_yazar-kolektif","12":"first","13":"instock","14":"sale","15":"shipping-taxable","16":"purchasable","17":"product-type-simple"},"_links":{"self":[{"href":"https:\/\/roveyayinevi.com.tr\/index.php\/wp-json\/wp\/v2\/product\/756945","targetHints":{"allow":["GET"]}}],"collection":[{"href":"https:\/\/roveyayinevi.com.tr\/index.php\/wp-json\/wp\/v2\/product"}],"about":[{"href":"https:\/\/roveyayinevi.com.tr\/index.php\/wp-json\/wp\/v2\/types\/product"}],"wp:attachment":[{"href":"https:\/\/roveyayinevi.com.tr\/index.php\/wp-json\/wp\/v2\/media?parent=756945"}],"wp:term":[{"taxonomy":"product_brand","embeddable":true,"href":"https:\/\/roveyayinevi.com.tr\/index.php\/wp-json\/wp\/v2\/product_brand?post=756945"},{"taxonomy":"product_cat","embeddable":true,"href":"https:\/\/roveyayinevi.com.tr\/index.php\/wp-json\/wp\/v2\/product_cat?post=756945"},{"taxonomy":"product_tag","embeddable":true,"href":"https:\/\/roveyayinevi.com.tr\/index.php\/wp-json\/wp\/v2\/product_tag?post=756945"}],"curies":[{"name":"wp","href":"https:\/\/api.w.org\/{rel}","templated":true}]}}