{"id":756943,"date":"2025-08-28T07:21:54","date_gmt":"2025-08-28T04:21:54","guid":{"rendered":"https:\/\/roveyayinevi.com.tr\/index.php\/urun\/ortaogretimde-aktif-spor-yapan-ve-yapmayan-ogrencilerin-sosyallesme-duzeylerinin-incelenmesi\/"},"modified":"2026-04-16T03:10:01","modified_gmt":"2026-04-16T00:10:01","slug":"ortaogretimde-aktif-spor-yapan-ve-yapmayan-ogrencilerin-sosyallesme-duzeylerinin-incelenmesi","status":"publish","type":"product","link":"https:\/\/roveyayinevi.com.tr\/index.php\/urun\/ortaogretimde-aktif-spor-yapan-ve-yapmayan-ogrencilerin-sosyallesme-duzeylerinin-incelenmesi\/","title":{"rendered":"Orta\u00f6\u011fretimde Aktif Spor Yapan Ve Yapmayan \u00d6\u011frencilerin Sosyalle\u015fme D\u00fczeylerinin \u0130ncelenmesi"},"content":{"rendered":"<p>\u0130\u00e7indekiler     \u00b7         B\u00d6L\u00dcM 1 G\u0130R\u0130\u015e   \u00b7         B\u00d6L\u00dcM II KAVRAMSAL \u00c7ER\u00c7EVE   \u00b7         B\u00d6L\u00dcM III Y\u00d6NTEM   \u00b7         B\u00d6L\u00dcM IV BULGULAR VE YORUM   \u00b7         B\u00d6L\u00dcM V TARTI\u015eMA ve SONU\u00c7 <\/p>\n","protected":false},"excerpt":{"rendered":"<p>\u0130\u00e7indekiler \u00b7 B\u00d6L\u00dcM 1 G\u0130R\u0130\u015e \u00b7 B\u00d6L\u00dcM II KAVRAMSAL \u00c7ER\u00c7EVE \u00b7 B\u00d6L\u00dcM III Y\u00d6NTEM \u00b7 B\u00d6L\u00dcM IV BULGULAR VE YORUM \u00b7 B\u00d6L\u00dcM V TARTI\u015eMA ve SONU\u00c7<\/p>\n","protected":false},"featured_media":0,"template":"","meta":{"_monsterinsights_skip_tracking":false,"_monsterinsights_sitenote_active":false,"_monsterinsights_sitenote_note":"","_monsterinsights_sitenote_category":0},"product_brand":[],"product_cat":[12573,12566],"product_tag":[],"class_list":{"0":"post-756943","1":"product","2":"type-product","3":"status-publish","5":"product_cat-akademik-kitaplar","6":"product_cat-egitim","7":"pa_cilt-ciltsiz","8":"pa_tur-kitap","9":"pa_yayinevi-gazi-kitabevi","10":"pa_yazar-mustafa-gok","12":"first","13":"instock","14":"sale","15":"shipping-taxable","16":"purchasable","17":"product-type-simple"},"_links":{"self":[{"href":"https:\/\/roveyayinevi.com.tr\/index.php\/wp-json\/wp\/v2\/product\/756943","targetHints":{"allow":["GET"]}}],"collection":[{"href":"https:\/\/roveyayinevi.com.tr\/index.php\/wp-json\/wp\/v2\/product"}],"about":[{"href":"https:\/\/roveyayinevi.com.tr\/index.php\/wp-json\/wp\/v2\/types\/product"}],"wp:attachment":[{"href":"https:\/\/roveyayinevi.com.tr\/index.php\/wp-json\/wp\/v2\/media?parent=756943"}],"wp:term":[{"taxonomy":"product_brand","embeddable":true,"href":"https:\/\/roveyayinevi.com.tr\/index.php\/wp-json\/wp\/v2\/product_brand?post=756943"},{"taxonomy":"product_cat","embeddable":true,"href":"https:\/\/roveyayinevi.com.tr\/index.php\/wp-json\/wp\/v2\/product_cat?post=756943"},{"taxonomy":"product_tag","embeddable":true,"href":"https:\/\/roveyayinevi.com.tr\/index.php\/wp-json\/wp\/v2\/product_tag?post=756943"}],"curies":[{"name":"wp","href":"https:\/\/api.w.org\/{rel}","templated":true}]}}