{"id":756939,"date":"2025-08-28T07:21:48","date_gmt":"2025-08-28T04:21:48","guid":{"rendered":"https:\/\/roveyayinevi.com.tr\/index.php\/urun\/surdurulebilir-uretim-perspektifinden-paylasim-ekonomisi\/"},"modified":"2026-04-16T03:10:01","modified_gmt":"2026-04-16T00:10:01","slug":"surdurulebilir-uretim-perspektifinden-paylasim-ekonomisi","status":"publish","type":"product","link":"https:\/\/roveyayinevi.com.tr\/index.php\/urun\/surdurulebilir-uretim-perspektifinden-paylasim-ekonomisi\/","title":{"rendered":"S\u00fcrd\u00fcr\u00fclebilir \u00dcretim Perspektifinden Payla\u015f\u0131m Ekonomisi"},"content":{"rendered":"<p>\u0130\u00e7indekiler     Birinci B\u00f6l\u00fcm PAYLA\u015eIM EKONOM\u0130S\u0130   \u0130kinci B\u00f6l\u00fcm S\u00dcRD\u00dcR\u00dcLEB\u0130L\u0130R \u00dcRET\u0130M   \u00dc\u00e7\u00fcnc\u00fc B\u00f6l\u00fcm PAYLA\u015eIM EKONOM\u0130S\u0130N\u0130N S\u00dcRD\u00dcR\u00dcLEB\u0130L\u0130R \u00dcRET\u0130M A\u00c7ISINDAN DE\u011eERLEND\u0130R\u0130LMES\u0130 <\/p>\n","protected":false},"excerpt":{"rendered":"<p>\u0130\u00e7indekiler Birinci B\u00f6l\u00fcm PAYLA\u015eIM EKONOM\u0130S\u0130 \u0130kinci B\u00f6l\u00fcm S\u00dcRD\u00dcR\u00dcLEB\u0130L\u0130R \u00dcRET\u0130M \u00dc\u00e7\u00fcnc\u00fc B\u00f6l\u00fcm PAYLA\u015eIM EKONOM\u0130S\u0130N\u0130N S\u00dcRD\u00dcR\u00dcLEB\u0130L\u0130R \u00dcRET\u0130M A\u00c7ISINDAN DE\u011eERLEND\u0130R\u0130LMES\u0130<\/p>\n","protected":false},"featured_media":0,"template":"","meta":{"_monsterinsights_skip_tracking":false,"_monsterinsights_sitenote_active":false,"_monsterinsights_sitenote_note":"","_monsterinsights_sitenote_category":0},"product_brand":[],"product_cat":[13043],"product_tag":[],"class_list":{"0":"post-756939","1":"product","2":"type-product","3":"status-publish","5":"product_cat-ekonomi","6":"pa_cilt-ciltsiz","7":"pa_tur-kitap","8":"pa_yayinevi-gazi-kitabevi","9":"pa_yazar-merve-mebruke-guler-mevhibe-ay-turkmen","11":"first","12":"instock","13":"sale","14":"shipping-taxable","15":"purchasable","16":"product-type-simple"},"_links":{"self":[{"href":"https:\/\/roveyayinevi.com.tr\/index.php\/wp-json\/wp\/v2\/product\/756939","targetHints":{"allow":["GET"]}}],"collection":[{"href":"https:\/\/roveyayinevi.com.tr\/index.php\/wp-json\/wp\/v2\/product"}],"about":[{"href":"https:\/\/roveyayinevi.com.tr\/index.php\/wp-json\/wp\/v2\/types\/product"}],"wp:attachment":[{"href":"https:\/\/roveyayinevi.com.tr\/index.php\/wp-json\/wp\/v2\/media?parent=756939"}],"wp:term":[{"taxonomy":"product_brand","embeddable":true,"href":"https:\/\/roveyayinevi.com.tr\/index.php\/wp-json\/wp\/v2\/product_brand?post=756939"},{"taxonomy":"product_cat","embeddable":true,"href":"https:\/\/roveyayinevi.com.tr\/index.php\/wp-json\/wp\/v2\/product_cat?post=756939"},{"taxonomy":"product_tag","embeddable":true,"href":"https:\/\/roveyayinevi.com.tr\/index.php\/wp-json\/wp\/v2\/product_tag?post=756939"}],"curies":[{"name":"wp","href":"https:\/\/api.w.org\/{rel}","templated":true}]}}