{"id":756938,"date":"2025-08-28T07:21:46","date_gmt":"2025-08-28T04:21:46","guid":{"rendered":"https:\/\/roveyayinevi.com.tr\/index.php\/urun\/keske-2\/"},"modified":"2026-04-16T03:10:01","modified_gmt":"2026-04-16T00:10:01","slug":"keske-2","status":"publish","type":"product","link":"https:\/\/roveyayinevi.com.tr\/index.php\/urun\/keske-2\/","title":{"rendered":"Ke\u015fke&#8230;"},"content":{"rendered":"<p>Yervant Gobelyan\u2019\u0131n 100. do\u011fum y\u0131ld\u00f6n\u00fcm\u00fcne ithafen yay\u0131mlad\u0131\u011f\u0131m\u0131z bu kitap, \u00f6yk\u00fcc\u00fcl\u00fc\u011f\u00fc ve gazetecili\u011fi ile tan\u0131nan Gobelyan\u2019\u0131n 1948 y\u0131l\u0131nda yay\u0131mlanan biricik \u015fiir kitab\u0131n\u0131n Ohannes \u015ea\u015fkal taraf\u0131ndan yap\u0131lan T\u00fcrk\u00e7e \u00e7evirisidir. Gobelyan\u2019\u0131n di\u011fer yay\u0131nlarda yer alan d\u00f6rt \u015fiirini de i\u00e7eren Ke\u015fke\u2026 \u015fairin sava\u015fa, \u015fiddete ve ya\u015fanmam\u0131\u015f gen\u00e7li\u011fe isyan\u0131n\u0131, do\u011faya \u015f\u00fckran\u0131n\u0131 dile getiren g\u00fc\u00e7l\u00fc dizelerinin \u201c\u0130stanbul Ermeni \u015eiiri\u201d ile ili\u015fkisini de g\u00f6zler \u00f6n\u00fcne seriyor. <\/p>\n","protected":false},"excerpt":{"rendered":"<p>Yervant Gobelyan\u2019\u0131n 100. do\u011fum y\u0131ld\u00f6n\u00fcm\u00fcne ithafen yay\u0131mlad\u0131\u011f\u0131m\u0131z bu kitap, \u00f6yk\u00fcc\u00fcl\u00fc\u011f\u00fc ve gazetecili\u011fi ile tan\u0131nan Gobelyan\u2019\u0131n 1948 y\u0131l\u0131nda yay\u0131mlanan biricik \u015fiir kitab\u0131n\u0131n Ohannes \u015ea\u015fkal taraf\u0131ndan yap\u0131lan T\u00fcrk\u00e7e<span class=\"excerpt-hellip\"> [\u2026]<\/span><\/p>\n","protected":false},"featured_media":0,"template":"","meta":{"_monsterinsights_skip_tracking":false,"_monsterinsights_sitenote_active":false,"_monsterinsights_sitenote_note":"","_monsterinsights_sitenote_category":0},"product_brand":[],"product_cat":[12291,12509],"product_tag":[],"class_list":{"0":"post-756938","1":"product","2":"type-product","3":"status-publish","5":"product_cat-edebiyat","6":"product_cat-siir","7":"pa_cilt-ciltsiz","8":"pa_tur-kitap","9":"pa_yayinevi-aras-yayinlari","10":"pa_yazar-yervant-gobelyan","12":"first","13":"instock","14":"sale","15":"shipping-taxable","16":"purchasable","17":"product-type-simple"},"_links":{"self":[{"href":"https:\/\/roveyayinevi.com.tr\/index.php\/wp-json\/wp\/v2\/product\/756938","targetHints":{"allow":["GET"]}}],"collection":[{"href":"https:\/\/roveyayinevi.com.tr\/index.php\/wp-json\/wp\/v2\/product"}],"about":[{"href":"https:\/\/roveyayinevi.com.tr\/index.php\/wp-json\/wp\/v2\/types\/product"}],"wp:attachment":[{"href":"https:\/\/roveyayinevi.com.tr\/index.php\/wp-json\/wp\/v2\/media?parent=756938"}],"wp:term":[{"taxonomy":"product_brand","embeddable":true,"href":"https:\/\/roveyayinevi.com.tr\/index.php\/wp-json\/wp\/v2\/product_brand?post=756938"},{"taxonomy":"product_cat","embeddable":true,"href":"https:\/\/roveyayinevi.com.tr\/index.php\/wp-json\/wp\/v2\/product_cat?post=756938"},{"taxonomy":"product_tag","embeddable":true,"href":"https:\/\/roveyayinevi.com.tr\/index.php\/wp-json\/wp\/v2\/product_tag?post=756938"}],"curies":[{"name":"wp","href":"https:\/\/api.w.org\/{rel}","templated":true}]}}