{"id":756934,"date":"2025-08-28T07:21:39","date_gmt":"2025-08-28T04:21:39","guid":{"rendered":"https:\/\/roveyayinevi.com.tr\/index.php\/urun\/ve-bir-gun\/"},"modified":"2026-04-16T03:10:01","modified_gmt":"2026-04-16T00:10:01","slug":"ve-bir-gun","status":"publish","type":"product","link":"https:\/\/roveyayinevi.com.tr\/index.php\/urun\/ve-bir-gun\/","title":{"rendered":"Ve Bir G\u00fcn"},"content":{"rendered":"<p>\u201cKa\u00e7\u0131nc\u0131 senfoni? Hayat\u0131m\u0131n hangi ritmindeyim? Hangi senfoninin ba\u015flang\u0131c\u0131nday\u0131m, hangisinin biti\u015findeyim bilmiyorum. Antik \u015fehrimin kalbinde ellerim Beethoven&#8217;\u0131n Ay\u0131\u015f\u0131\u011f\u0131 Sonat\u0131, y\u00fcre\u011fim ise Clair de Lune i\u00e7in heyecanl\u0131.\u201d<\/p>\n","protected":false},"excerpt":{"rendered":"<p>\u201cKa\u00e7\u0131nc\u0131 senfoni? Hayat\u0131m\u0131n hangi ritmindeyim? Hangi senfoninin ba\u015flang\u0131c\u0131nday\u0131m, hangisinin biti\u015findeyim bilmiyorum. Antik \u015fehrimin kalbinde ellerim Beethoven&#8217;\u0131n Ay\u0131\u015f\u0131\u011f\u0131 Sonat\u0131, y\u00fcre\u011fim ise Clair de Lune i\u00e7in heyecanl\u0131.\u201d<\/p>\n","protected":false},"featured_media":0,"template":"","meta":{"_monsterinsights_skip_tracking":false,"_monsterinsights_sitenote_active":false,"_monsterinsights_sitenote_note":"","_monsterinsights_sitenote_category":0},"product_brand":[],"product_cat":[12291,12509],"product_tag":[],"class_list":{"0":"post-756934","1":"product","2":"type-product","3":"status-publish","5":"product_cat-edebiyat","6":"product_cat-siir","7":"pa_cilt-ciltsiz","8":"pa_tur-kitap","9":"pa_yayinevi-luna-yayinlari","10":"pa_yazar-asya-tekin","12":"first","13":"instock","14":"sale","15":"shipping-taxable","16":"purchasable","17":"product-type-simple"},"_links":{"self":[{"href":"https:\/\/roveyayinevi.com.tr\/index.php\/wp-json\/wp\/v2\/product\/756934","targetHints":{"allow":["GET"]}}],"collection":[{"href":"https:\/\/roveyayinevi.com.tr\/index.php\/wp-json\/wp\/v2\/product"}],"about":[{"href":"https:\/\/roveyayinevi.com.tr\/index.php\/wp-json\/wp\/v2\/types\/product"}],"wp:attachment":[{"href":"https:\/\/roveyayinevi.com.tr\/index.php\/wp-json\/wp\/v2\/media?parent=756934"}],"wp:term":[{"taxonomy":"product_brand","embeddable":true,"href":"https:\/\/roveyayinevi.com.tr\/index.php\/wp-json\/wp\/v2\/product_brand?post=756934"},{"taxonomy":"product_cat","embeddable":true,"href":"https:\/\/roveyayinevi.com.tr\/index.php\/wp-json\/wp\/v2\/product_cat?post=756934"},{"taxonomy":"product_tag","embeddable":true,"href":"https:\/\/roveyayinevi.com.tr\/index.php\/wp-json\/wp\/v2\/product_tag?post=756934"}],"curies":[{"name":"wp","href":"https:\/\/api.w.org\/{rel}","templated":true}]}}