{"id":756932,"date":"2025-08-28T07:21:36","date_gmt":"2025-08-28T04:21:36","guid":{"rendered":"https:\/\/roveyayinevi.com.tr\/index.php\/urun\/kudusun-yeni-statusu-ve-iki-devletli-cozum\/"},"modified":"2026-04-16T03:10:01","modified_gmt":"2026-04-16T00:10:01","slug":"kudusun-yeni-statusu-ve-iki-devletli-cozum","status":"publish","type":"product","link":"https:\/\/roveyayinevi.com.tr\/index.php\/urun\/kudusun-yeni-statusu-ve-iki-devletli-cozum\/","title":{"rendered":"Kud\u00fcs&#8217;\u00fcn Yeni Stat\u00fcs\u00fc ve \u0130ki Devletli \u00c7\u00f6z\u00fcm"},"content":{"rendered":"<p>Kud\u00fcs ve ona sahip olmak i\u00e7in y\u00fczy\u0131llard\u0131r verilen \u00e7aba&#8230; Peki ya sonu\u00e7? Birbirine d\u00fc\u015fman iki devlet ve millet&#8230;   B\u00f6lgede ya\u015fanan son geli\u015fmeler ile birlikte art\u0131k s\u00fcrd\u00fcr\u00fclemez yap\u0131ya kavu\u015fmu\u015f bu yoldaki eylemler, bizi hukukun \u00fcst\u00fcnl\u00fc\u011f\u00fcne inanarak \u00e7\u00f6z\u00fcm aray\u0131\u015flar\u0131na y\u00f6neltti.   \u00c7al\u0131\u015fmam\u0131z boyunca, iki d\u00fc\u015fman ve husumet sahibi devletten iki dost ve kom\u015fu devlete ge\u00e7i\u015f s\u00fcrecini, bahsetti\u011fimiz inan\u00e7la ele ald\u0131k.   Ba\u015fta b\u00f6lge bar\u0131\u015f\u0131 olmak \u00fczere t\u00fcm d\u00fcnya bar\u0131\u015f\u0131n\u0131n en k\u0131sa s\u00fcrede tesisi dileklerimizle&#8230;<\/p>\n","protected":false},"excerpt":{"rendered":"<p>Kud\u00fcs ve ona sahip olmak i\u00e7in y\u00fczy\u0131llard\u0131r verilen \u00e7aba&#8230; Peki ya sonu\u00e7? Birbirine d\u00fc\u015fman iki devlet ve millet&#8230; B\u00f6lgede ya\u015fanan son geli\u015fmeler ile birlikte art\u0131k s\u00fcrd\u00fcr\u00fclemez<span class=\"excerpt-hellip\"> [\u2026]<\/span><\/p>\n","protected":false},"featured_media":0,"template":"","meta":{"_monsterinsights_skip_tracking":false,"_monsterinsights_sitenote_active":false,"_monsterinsights_sitenote_note":"","_monsterinsights_sitenote_category":0},"product_brand":[],"product_cat":[13590,12337],"product_tag":[],"class_list":{"0":"post-756932","1":"product","2":"type-product","3":"status-publish","5":"product_cat-arastirma-inceleme-politika-siyaset","6":"product_cat-politika-siyaset","7":"pa_cilt-ciltsiz","8":"pa_tur-kitap","9":"pa_yayinevi-luna-yayinlari","10":"pa_yazar-yavuz-varan","12":"first","13":"instock","14":"sale","15":"shipping-taxable","16":"purchasable","17":"product-type-simple"},"_links":{"self":[{"href":"https:\/\/roveyayinevi.com.tr\/index.php\/wp-json\/wp\/v2\/product\/756932","targetHints":{"allow":["GET"]}}],"collection":[{"href":"https:\/\/roveyayinevi.com.tr\/index.php\/wp-json\/wp\/v2\/product"}],"about":[{"href":"https:\/\/roveyayinevi.com.tr\/index.php\/wp-json\/wp\/v2\/types\/product"}],"wp:attachment":[{"href":"https:\/\/roveyayinevi.com.tr\/index.php\/wp-json\/wp\/v2\/media?parent=756932"}],"wp:term":[{"taxonomy":"product_brand","embeddable":true,"href":"https:\/\/roveyayinevi.com.tr\/index.php\/wp-json\/wp\/v2\/product_brand?post=756932"},{"taxonomy":"product_cat","embeddable":true,"href":"https:\/\/roveyayinevi.com.tr\/index.php\/wp-json\/wp\/v2\/product_cat?post=756932"},{"taxonomy":"product_tag","embeddable":true,"href":"https:\/\/roveyayinevi.com.tr\/index.php\/wp-json\/wp\/v2\/product_tag?post=756932"}],"curies":[{"name":"wp","href":"https:\/\/api.w.org\/{rel}","templated":true}]}}