{"id":756930,"date":"2025-08-28T07:21:33","date_gmt":"2025-08-28T04:21:33","guid":{"rendered":"https:\/\/roveyayinevi.com.tr\/index.php\/urun\/milli-egitime-darbe\/"},"modified":"2026-04-16T03:10:01","modified_gmt":"2026-04-16T00:10:01","slug":"milli-egitime-darbe","status":"publish","type":"product","link":"https:\/\/roveyayinevi.com.tr\/index.php\/urun\/milli-egitime-darbe\/","title":{"rendered":"Milli E\u011fitime Darbe"},"content":{"rendered":"<p>D\u00fcnya Bankas\u0131ndan gelen Tansu \u00c7iller (ve onun beraberinde getirdi\u011fi SPAN e\u011fitim \u015firketi), halk\u0131n ve devletin mal\u0131 olan ne varsa buday\u0131p k\u00fcresel \u015firketlere satmay\u0131 program\u0131na almad\u0131 m\u0131 ? \u0130\u015fleri, e\u011fitimi de o k\u00fcresel \u015firketin para kazanaca\u011f\u0131 \u015fekilde d\u00fczenlemekti.   MEB\u2019n\u0131n i\u015flevini bir g\u00fcn bitecek \u015fekilde belirlediler ve devletin g\u00f6revini \u201cpiyasaya g\u00f6re e\u011fitim sistemini d\u00fczenleyici\u201d anlam\u0131nda \u201creg\u00fclat\u00f6r devlet\u201d olarak tan\u0131mlad\u0131lar.   Piyasaya devredecek bir \u015fey kalmad\u0131\u011f\u0131 zaman otomatik olarak ortadan kalkacak olan devletin ad\u0131n\u0131 da 2006\u2019da Milli E\u011fitim Bakan\u0131na s\u00f6ylettiler ; \u201cdesantralizasyona ge\u00e7tik, liberal e\u011fitim modeli getirdik\u201d dedi. Yani MEB kendini la\u011fvediyordu.   Amerikanc\u0131 Kenan Evren darbesi oldu, asker eliyle liberal darbeydi, NATO darbesi diyorduk. Her mahallede \u00f6zel okullar, dershaneler, be\u015f y\u0131l kullan at ders kitaplar\u0131\u2026 2005\u2019den itibaren her y\u0131l kullan at ders kitaplar\u0131\u2026   Hangi y\u0131l bizler askerle kar\u015f\u0131 kar\u015f\u0131ya getirilirken D\u00fcnya Bankas\u0131 Y\u00d6K i\u00e7inde en korunakl\u0131 ofisini kurdu ? Milli E\u011fitimi budamaya, piyasaya para kazand\u0131rmaya, yani e\u011fitimi liberalize etmeye orada ba\u015flad\u0131lar.   Asl\u0131nda NATO eliyle kamucu devletimiz tasfiye ediliyordu.   Hangi y\u0131l hangi h\u00fck\u00fcmet reisi \u201cBOP e\u015fba\u015fkan\u0131y\u0131m. BOP\u2019un bir de e\u011fitim aya\u011f\u0131 var\u201d demi\u015fti ?   Hangi y\u0131l hangi Milli E\u011fitim Bakan\u0131 \u201cDesantralizasyona ge\u00e7iyoruz\u201d demi\u015fti ve bununla devleti la\u011fvediyoruz dedi\u011fini ka\u00e7 ki\u015fi anlam\u0131\u015ft\u0131 ?   Hangi y\u0131l o bakan\u0131n Talim ve Terbiye Kurulu Ba\u015fkan\u0131 bakan yap\u0131ld\u0131 ve MEB\u2019n\u0131 budamaya onunla devam ettiler ?   Hep akl\u0131ma d\u00fc\u015fer ; Sosyal Devlet yoksa\u2026<\/p>\n","protected":false},"excerpt":{"rendered":"<p>D\u00fcnya Bankas\u0131ndan gelen Tansu \u00c7iller (ve onun beraberinde getirdi\u011fi SPAN e\u011fitim \u015firketi), halk\u0131n ve devletin mal\u0131 olan ne varsa buday\u0131p k\u00fcresel \u015firketlere satmay\u0131 program\u0131na almad\u0131 m\u0131<span class=\"excerpt-hellip\"> [\u2026]<\/span><\/p>\n","protected":false},"featured_media":0,"template":"","meta":{"_monsterinsights_skip_tracking":false,"_monsterinsights_sitenote_active":false,"_monsterinsights_sitenote_note":"","_monsterinsights_sitenote_category":0},"product_brand":[],"product_cat":[13590,12337],"product_tag":[],"class_list":{"0":"post-756930","1":"product","2":"type-product","3":"status-publish","5":"product_cat-arastirma-inceleme-politika-siyaset","6":"product_cat-politika-siyaset","7":"pa_cilt-ciltsiz","8":"pa_tur-kitap","9":"pa_yayinevi-nergiz-yayinlari","10":"pa_yazar-mahiye-morgul","12":"first","13":"instock","14":"sale","15":"shipping-taxable","16":"purchasable","17":"product-type-simple"},"_links":{"self":[{"href":"https:\/\/roveyayinevi.com.tr\/index.php\/wp-json\/wp\/v2\/product\/756930","targetHints":{"allow":["GET"]}}],"collection":[{"href":"https:\/\/roveyayinevi.com.tr\/index.php\/wp-json\/wp\/v2\/product"}],"about":[{"href":"https:\/\/roveyayinevi.com.tr\/index.php\/wp-json\/wp\/v2\/types\/product"}],"wp:attachment":[{"href":"https:\/\/roveyayinevi.com.tr\/index.php\/wp-json\/wp\/v2\/media?parent=756930"}],"wp:term":[{"taxonomy":"product_brand","embeddable":true,"href":"https:\/\/roveyayinevi.com.tr\/index.php\/wp-json\/wp\/v2\/product_brand?post=756930"},{"taxonomy":"product_cat","embeddable":true,"href":"https:\/\/roveyayinevi.com.tr\/index.php\/wp-json\/wp\/v2\/product_cat?post=756930"},{"taxonomy":"product_tag","embeddable":true,"href":"https:\/\/roveyayinevi.com.tr\/index.php\/wp-json\/wp\/v2\/product_tag?post=756930"}],"curies":[{"name":"wp","href":"https:\/\/api.w.org\/{rel}","templated":true}]}}