{"id":756929,"date":"2025-08-28T07:21:32","date_gmt":"2025-08-28T04:21:32","guid":{"rendered":"https:\/\/roveyayinevi.com.tr\/index.php\/urun\/dersimiz-esmai-husna\/"},"modified":"2026-04-16T03:10:01","modified_gmt":"2026-04-16T00:10:01","slug":"dersimiz-esmai-husna","status":"publish","type":"product","link":"https:\/\/roveyayinevi.com.tr\/index.php\/urun\/dersimiz-esmai-husna\/","title":{"rendered":"Dersimiz Esmai H\u00fcsna"},"content":{"rendered":"<p>A\u015eIRI DERECE ZEK\u0130 AMA B\u0130R O KADAR DA YARAMAZ \u0130DR\u0130S TAKACI VE KANKASI TACETT\u0130N TAC\u0130, C\u0130MC\u0130ME SINIF BA\u015eKANI SAF\u0130NUR TAZENANE, HER YERE ALTIN KALPL\u0130 PAPATYA RES\u0130MLER\u0130 \u00c7\u0130ZEN LEP\u0130SKA SA\u00c7LI MAHPEYKER \u00c7ITIRAK, HAKSIZLI\u011eA H\u0130\u00c7 GELEMEYEN G\u00d6Z\u00dc KARA CEM\u0130LE M\u00dcRD\u00dcM \u0130LE SIRA ARKADA\u015eI NEF\u0130SE G\u00dcG\u00dcM, \u0130SM\u0130 SORULDU\u011eUNDA R\u00dcZG\u00c2RDA B\u0130R \u00c7\u0130\u00c7EK G\u0130B\u0130 T\u0130TREYEN ZARAFET AB\u0130DES\u0130 AY\u015eE MELEK, PEK MERAKLI OSMAN TERAZ\u0130 VE \u00c7OK ACAY\u0130P SIRADI\u015eI B\u0130R \u00d6\u011eRETMEN HAL\u0130S MUHL\u0130S! HEPS\u0130 VE DAHA FAZLASI \u00dcMM\u00dc\u015e P\u00d6RTLEK ORTAOKULU 5-A SINIFINDA!   \u201cMadem s\u00f6z isimlerden a\u00e7\u0131ld\u0131, \u00f6yleyse bu d\u00f6nemin en son dersinin konusu da \u00e7oktan ortaya \u00e7\u0131km\u0131\u015f oldu: DERS\u0130M\u0130Z: ESM\u00c2\u0130 H\u00dcSNA! Han\u0131mefendiler, beyefendiler size bunun s\u0131k\u0131c\u0131 bir ders olmayaca\u011f\u0131n\u0131 garanti ediyorum. \u015eimdi aran\u0131zdan biri kalks\u0131n ve bize ESM\u00c2\u0130 H\u00dcSNA ne demek onu s\u00f6ylesin!\u201d <\/p>\n","protected":false},"excerpt":{"rendered":"<p>A\u015eIRI DERECE ZEK\u0130 AMA B\u0130R O KADAR DA YARAMAZ \u0130DR\u0130S TAKACI VE KANKASI TACETT\u0130N TAC\u0130, C\u0130MC\u0130ME SINIF BA\u015eKANI SAF\u0130NUR TAZENANE, HER YERE ALTIN KALPL\u0130 PAPATYA RES\u0130MLER\u0130<span class=\"excerpt-hellip\"> [\u2026]<\/span><\/p>\n","protected":false},"featured_media":0,"template":"","meta":{"_monsterinsights_skip_tracking":false,"_monsterinsights_sitenote_active":false,"_monsterinsights_sitenote_note":"","_monsterinsights_sitenote_category":0},"product_brand":[],"product_cat":[12718],"product_tag":[],"class_list":{"0":"post-756929","1":"product","2":"type-product","3":"status-publish","5":"product_cat-din","6":"pa_cilt-ciltsiz","7":"pa_tur-kitap","8":"pa_yayinevi-ugurbocegi-yayinlari","9":"pa_yazar-ozkan-oze","11":"first","12":"instock","13":"sale","14":"shipping-taxable","15":"purchasable","16":"product-type-simple"},"_links":{"self":[{"href":"https:\/\/roveyayinevi.com.tr\/index.php\/wp-json\/wp\/v2\/product\/756929","targetHints":{"allow":["GET"]}}],"collection":[{"href":"https:\/\/roveyayinevi.com.tr\/index.php\/wp-json\/wp\/v2\/product"}],"about":[{"href":"https:\/\/roveyayinevi.com.tr\/index.php\/wp-json\/wp\/v2\/types\/product"}],"wp:attachment":[{"href":"https:\/\/roveyayinevi.com.tr\/index.php\/wp-json\/wp\/v2\/media?parent=756929"}],"wp:term":[{"taxonomy":"product_brand","embeddable":true,"href":"https:\/\/roveyayinevi.com.tr\/index.php\/wp-json\/wp\/v2\/product_brand?post=756929"},{"taxonomy":"product_cat","embeddable":true,"href":"https:\/\/roveyayinevi.com.tr\/index.php\/wp-json\/wp\/v2\/product_cat?post=756929"},{"taxonomy":"product_tag","embeddable":true,"href":"https:\/\/roveyayinevi.com.tr\/index.php\/wp-json\/wp\/v2\/product_tag?post=756929"}],"curies":[{"name":"wp","href":"https:\/\/api.w.org\/{rel}","templated":true}]}}