{"id":756926,"date":"2025-08-28T07:21:28","date_gmt":"2025-08-28T04:21:28","guid":{"rendered":"https:\/\/roveyayinevi.com.tr\/index.php\/urun\/rizki-veren-hudadir\/"},"modified":"2026-04-16T03:10:01","modified_gmt":"2026-04-16T00:10:01","slug":"rizki-veren-hudadir","status":"publish","type":"product","link":"https:\/\/roveyayinevi.com.tr\/index.php\/urun\/rizki-veren-hudadir\/","title":{"rendered":"R\u0131zk\u0131 Veren H\u00fcda&#8217;d\u0131r"},"content":{"rendered":"<p>R\u0131z\u0131k, nasiplenmedir. \u0130nsan\u0131n d\u00fcnya ya\u015fam\u0131nda nasibine d\u00fc\u015fene kavu\u015fmas\u0131d\u0131r. R\u0131z\u0131k sadece maddi kazan\u0131mlar olarak d\u00fc\u015f\u00fcn\u00fclmemelidir. Bu, yerine g\u00f6re v\u00fccudun temel ihtiyac\u0131 olan g\u0131da, yerine g\u00f6re ruhun g\u0131das\u0131 olan ilimdir. Bazen de g\u00fczel bir s\u00f6z, muhatap olunan olumlu bir davran\u0131\u015f ya da ruha \u015fifa bir dosttur. R\u0131z\u0131k, pay\u0131na d\u00fc\u015feni almakt\u0131r asl\u0131nda. Allah\u2019\u0131n sonsuz kudreti ile yaratm\u0131\u015f oldu\u011fu evrende, sonsuz c\u00f6mertli\u011fi ile her canl\u0131ya da\u011f\u0131tt\u0131\u011f\u0131 nimetten pay\u0131nca istifade edebilmektir. <\/p>\n","protected":false},"excerpt":{"rendered":"<p>R\u0131z\u0131k, nasiplenmedir. \u0130nsan\u0131n d\u00fcnya ya\u015fam\u0131nda nasibine d\u00fc\u015fene kavu\u015fmas\u0131d\u0131r. R\u0131z\u0131k sadece maddi kazan\u0131mlar olarak d\u00fc\u015f\u00fcn\u00fclmemelidir. Bu, yerine g\u00f6re v\u00fccudun temel ihtiyac\u0131 olan g\u0131da, yerine g\u00f6re ruhun g\u0131das\u0131<span class=\"excerpt-hellip\"> [\u2026]<\/span><\/p>\n","protected":false},"featured_media":0,"template":"","meta":{"_monsterinsights_skip_tracking":false,"_monsterinsights_sitenote_active":false,"_monsterinsights_sitenote_note":"","_monsterinsights_sitenote_category":0},"product_brand":[],"product_cat":[12364,12376],"product_tag":[],"class_list":{"0":"post-756926","1":"product","2":"type-product","3":"status-publish","5":"product_cat-genel-konular","6":"product_cat-kisisel-gelisim","7":"pa_cilt-ciltsiz","8":"pa_tur-kitap","9":"pa_yayinevi-cinaralti-yayinlari","10":"pa_yazar-alpaslan-demir","12":"first","13":"instock","14":"sale","15":"shipping-taxable","16":"purchasable","17":"product-type-simple"},"_links":{"self":[{"href":"https:\/\/roveyayinevi.com.tr\/index.php\/wp-json\/wp\/v2\/product\/756926","targetHints":{"allow":["GET"]}}],"collection":[{"href":"https:\/\/roveyayinevi.com.tr\/index.php\/wp-json\/wp\/v2\/product"}],"about":[{"href":"https:\/\/roveyayinevi.com.tr\/index.php\/wp-json\/wp\/v2\/types\/product"}],"wp:attachment":[{"href":"https:\/\/roveyayinevi.com.tr\/index.php\/wp-json\/wp\/v2\/media?parent=756926"}],"wp:term":[{"taxonomy":"product_brand","embeddable":true,"href":"https:\/\/roveyayinevi.com.tr\/index.php\/wp-json\/wp\/v2\/product_brand?post=756926"},{"taxonomy":"product_cat","embeddable":true,"href":"https:\/\/roveyayinevi.com.tr\/index.php\/wp-json\/wp\/v2\/product_cat?post=756926"},{"taxonomy":"product_tag","embeddable":true,"href":"https:\/\/roveyayinevi.com.tr\/index.php\/wp-json\/wp\/v2\/product_tag?post=756926"}],"curies":[{"name":"wp","href":"https:\/\/api.w.org\/{rel}","templated":true}]}}