{"id":756925,"date":"2025-08-28T07:21:26","date_gmt":"2025-08-28T04:21:26","guid":{"rendered":"https:\/\/roveyayinevi.com.tr\/index.php\/urun\/heybetli-yalnizligimiz\/"},"modified":"2026-04-16T03:10:01","modified_gmt":"2026-04-16T00:10:01","slug":"heybetli-yalnizligimiz","status":"publish","type":"product","link":"https:\/\/roveyayinevi.com.tr\/index.php\/urun\/heybetli-yalnizligimiz\/","title":{"rendered":"Heybetli Yaln\u0131zl\u0131\u011f\u0131m\u0131z"},"content":{"rendered":"<p>Sen bir sarma\u015f\u0131ks\u0131n; dolan\u0131yorsun en taze, k\u00f6rpe dal\u0131nla bir g\u00f6vdeye ya da bir \u015fehre. G\u00fcn\u00fc gelince al\u0131p bir ba\u015fka yere ta\u015f\u0131yorlar, g\u00fcn\u00fc gelince s\u00f6k\u00fcp at\u0131yorlar ve sen bunu biliyorsun. Sen bunu bekliyorsun! Hi\u00e7bir \u015fehre tutunam\u0131yorsun, hi\u00e7bir \u015fehre tam al\u0131\u015fmak istemiyorsun. Ya\u015flan\u0131yorsun sonra, k\u00f6rpe bir dal\u0131n kalm\u0131yor. A\u011fa\u00e7san, g\u00f6vdende halkalar\u0131n art\u0131yor, kat\u0131la\u015f\u0131yorsun. Geriye bir tek heybetli yaln\u0131zl\u0131\u011f\u0131n kal\u0131yor. <\/p>\n","protected":false},"excerpt":{"rendered":"<p>Sen bir sarma\u015f\u0131ks\u0131n; dolan\u0131yorsun en taze, k\u00f6rpe dal\u0131nla bir g\u00f6vdeye ya da bir \u015fehre. G\u00fcn\u00fc gelince al\u0131p bir ba\u015fka yere ta\u015f\u0131yorlar, g\u00fcn\u00fc gelince s\u00f6k\u00fcp at\u0131yorlar ve<span class=\"excerpt-hellip\"> [\u2026]<\/span><\/p>\n","protected":false},"featured_media":0,"template":"","meta":{"_monsterinsights_skip_tracking":false,"_monsterinsights_sitenote_active":false,"_monsterinsights_sitenote_note":"","_monsterinsights_sitenote_category":0},"product_brand":[],"product_cat":[12777,12291],"product_tag":[],"class_list":{"0":"post-756925","1":"product","2":"type-product","3":"status-publish","5":"product_cat-deneme","6":"product_cat-edebiyat","7":"pa_cilt-ciltsiz","8":"pa_tur-kitap","9":"pa_yayinevi-cinaralti-yayinlari","10":"pa_yazar-fahri-erdinc","12":"first","13":"instock","14":"sale","15":"shipping-taxable","16":"purchasable","17":"product-type-simple"},"_links":{"self":[{"href":"https:\/\/roveyayinevi.com.tr\/index.php\/wp-json\/wp\/v2\/product\/756925","targetHints":{"allow":["GET"]}}],"collection":[{"href":"https:\/\/roveyayinevi.com.tr\/index.php\/wp-json\/wp\/v2\/product"}],"about":[{"href":"https:\/\/roveyayinevi.com.tr\/index.php\/wp-json\/wp\/v2\/types\/product"}],"wp:attachment":[{"href":"https:\/\/roveyayinevi.com.tr\/index.php\/wp-json\/wp\/v2\/media?parent=756925"}],"wp:term":[{"taxonomy":"product_brand","embeddable":true,"href":"https:\/\/roveyayinevi.com.tr\/index.php\/wp-json\/wp\/v2\/product_brand?post=756925"},{"taxonomy":"product_cat","embeddable":true,"href":"https:\/\/roveyayinevi.com.tr\/index.php\/wp-json\/wp\/v2\/product_cat?post=756925"},{"taxonomy":"product_tag","embeddable":true,"href":"https:\/\/roveyayinevi.com.tr\/index.php\/wp-json\/wp\/v2\/product_tag?post=756925"}],"curies":[{"name":"wp","href":"https:\/\/api.w.org\/{rel}","templated":true}]}}