{"id":756924,"date":"2025-08-28T07:21:24","date_gmt":"2025-08-28T04:21:24","guid":{"rendered":"https:\/\/roveyayinevi.com.tr\/index.php\/urun\/yetiskin-egitiminde-donusumcu-liderlik\/"},"modified":"2026-04-16T03:10:01","modified_gmt":"2026-04-16T00:10:01","slug":"yetiskin-egitiminde-donusumcu-liderlik","status":"publish","type":"product","link":"https:\/\/roveyayinevi.com.tr\/index.php\/urun\/yetiskin-egitiminde-donusumcu-liderlik\/","title":{"rendered":"Yeti\u015fkin E\u011fitiminde D\u00f6n\u00fc\u015f\u00fcmc\u00fc Liderlik"},"content":{"rendered":"<p>Bilgi \u00e7a\u011f\u0131n\u0131n ba\u015flamas\u0131yla birlikte t\u00fcm alanlardaki de\u011fi\u015fim h\u0131zla artmakta ve g\u00fcn ge\u00e7tik\u00e7e hayat\u0131m\u0131za daha \u00e7ok yerle\u015fmektedir. De\u011fi\u015fen ekonomik, teknolojik ve sosyal ko\u015fullar kar\u015f\u0131s\u0131nda y\u00f6neticiler de de\u011fi\u015fime ayak uydurmak zorundad\u0131r. Mevcut d\u00fczenin ve verimlili\u011fin devam\u0131n\u0131 ama\u00e7 edinen klasik y\u00f6netim anlay\u0131\u015f\u0131na sahip liderlerin yerini, astlar\u0131yla ileti\u015fimi kuvvetli olan, hedef belirleme ve karar alma s\u00fcrecine astlar\u0131n\u0131 da d\u00e2hil eden ve hem \u00f6rg\u00fct\u00fc hem de astlar\u0131n\u0131 de\u011fi\u015fime haz\u0131rlayan liderler almaktad\u0131r. Teknolojik geli\u015fmeler ve k\u00fcreselle\u015fme; y\u00f6neticilerin de\u011fi\u015fim ortam\u0131na uyum sa\u011flamalar\u0131n\u0131, kendilerini geli\u015ftirmelerini, kurumlar\u0131na ve \u00e7al\u0131\u015fanlar\u0131na vizyon ve yeni stratejiler belirlemelerini zorunlu k\u0131lmaktad\u0131r. Bilgi \u00e7a\u011f\u0131, geli\u015fmelere uygun bir liderlik anlay\u0131\u015f\u0131n\u0131 (D\u00f6n\u00fc\u015f\u00fcmc\u00fc Liderlik) gerekli k\u0131lmaktad\u0131r. <\/p>\n","protected":false},"excerpt":{"rendered":"<p>Bilgi \u00e7a\u011f\u0131n\u0131n ba\u015flamas\u0131yla birlikte t\u00fcm alanlardaki de\u011fi\u015fim h\u0131zla artmakta ve g\u00fcn ge\u00e7tik\u00e7e hayat\u0131m\u0131za daha \u00e7ok yerle\u015fmektedir. De\u011fi\u015fen ekonomik, teknolojik ve sosyal ko\u015fullar kar\u015f\u0131s\u0131nda y\u00f6neticiler de de\u011fi\u015fime<span class=\"excerpt-hellip\"> [\u2026]<\/span><\/p>\n","protected":false},"featured_media":0,"template":"","meta":{"_monsterinsights_skip_tracking":false,"_monsterinsights_sitenote_active":false,"_monsterinsights_sitenote_note":"","_monsterinsights_sitenote_category":0},"product_brand":[],"product_cat":[13043,19008],"product_tag":[],"class_list":{"0":"post-756924","1":"product","2":"type-product","3":"status-publish","5":"product_cat-ekonomi","6":"product_cat-yonetim","7":"pa_cilt-ciltsiz","8":"pa_tur-kitap","9":"pa_yayinevi-cinaralti-yayinlari","10":"pa_yazar-lokman-yilmaz","12":"first","13":"instock","14":"sale","15":"shipping-taxable","16":"purchasable","17":"product-type-simple"},"_links":{"self":[{"href":"https:\/\/roveyayinevi.com.tr\/index.php\/wp-json\/wp\/v2\/product\/756924","targetHints":{"allow":["GET"]}}],"collection":[{"href":"https:\/\/roveyayinevi.com.tr\/index.php\/wp-json\/wp\/v2\/product"}],"about":[{"href":"https:\/\/roveyayinevi.com.tr\/index.php\/wp-json\/wp\/v2\/types\/product"}],"wp:attachment":[{"href":"https:\/\/roveyayinevi.com.tr\/index.php\/wp-json\/wp\/v2\/media?parent=756924"}],"wp:term":[{"taxonomy":"product_brand","embeddable":true,"href":"https:\/\/roveyayinevi.com.tr\/index.php\/wp-json\/wp\/v2\/product_brand?post=756924"},{"taxonomy":"product_cat","embeddable":true,"href":"https:\/\/roveyayinevi.com.tr\/index.php\/wp-json\/wp\/v2\/product_cat?post=756924"},{"taxonomy":"product_tag","embeddable":true,"href":"https:\/\/roveyayinevi.com.tr\/index.php\/wp-json\/wp\/v2\/product_tag?post=756924"}],"curies":[{"name":"wp","href":"https:\/\/api.w.org\/{rel}","templated":true}]}}