{"id":756923,"date":"2025-08-28T07:21:23","date_gmt":"2025-08-28T04:21:23","guid":{"rendered":"https:\/\/roveyayinevi.com.tr\/index.php\/urun\/hayallerini-ucuran-adam\/"},"modified":"2026-04-16T03:10:00","modified_gmt":"2026-04-16T00:10:00","slug":"hayallerini-ucuran-adam","status":"publish","type":"product","link":"https:\/\/roveyayinevi.com.tr\/index.php\/urun\/hayallerini-ucuran-adam\/","title":{"rendered":"Hayallerini U\u00e7uran Adam"},"content":{"rendered":"<p>Yakla\u015f\u0131k bir bu\u00e7uk y\u0131l kendime gelemedim. \u00d6l\u00fc gibi ya\u015fad\u0131m. Varl\u0131\u011f\u0131m\u0131 da yoklu\u011fumu da bilemez durumdayd\u0131m. Hayallerimi \u00e7alm\u0131\u015flard\u0131. Onu bir t\u00fcrl\u00fc akl\u0131mdan \u00e7\u0131karam\u0131yordum. Oysa ne kadar zor \u015fartlar alt\u0131nda ona ula\u015fm\u0131\u015ft\u0131m. \u015eerefli bir T\u00fcrk subay\u0131 olarak u\u00e7mak hayaliyle \u00e7\u0131kt\u0131\u011f\u0131m bu yolda, haks\u0131zl\u0131\u011fa maruz kalmak \u00e7ok \u00fcz\u00fcc\u00fcyd\u00fc. Bu haks\u0131zl\u0131\u011f\u0131 kabullenmem m\u00fcmk\u00fcn de\u011fildi. Ba\u015fka bir \u015feyler d\u00fc\u015f\u00fcnmek ya da hayal etmek, yapabilece\u011fim \u015feyler de\u011fildi. G\u00fcnler, aylar, y\u0131llar ge\u00e7ti. Ama ben o hayalimi asla unutamad\u0131m. Bundan sonra yapabilece\u011fim tek \u015fey; hayalimde u\u00e7mak, hayallerimi u\u00e7urmakt\u0131. <\/p>\n","protected":false},"excerpt":{"rendered":"<p>Yakla\u015f\u0131k bir bu\u00e7uk y\u0131l kendime gelemedim. \u00d6l\u00fc gibi ya\u015fad\u0131m. Varl\u0131\u011f\u0131m\u0131 da yoklu\u011fumu da bilemez durumdayd\u0131m. Hayallerimi \u00e7alm\u0131\u015flard\u0131. Onu bir t\u00fcrl\u00fc akl\u0131mdan \u00e7\u0131karam\u0131yordum. Oysa ne kadar zor<span class=\"excerpt-hellip\"> [\u2026]<\/span><\/p>\n","protected":false},"featured_media":0,"template":"","meta":{"_monsterinsights_skip_tracking":false,"_monsterinsights_sitenote_active":false,"_monsterinsights_sitenote_note":"","_monsterinsights_sitenote_category":0},"product_brand":[],"product_cat":[12291,12711],"product_tag":[],"class_list":{"0":"post-756923","1":"product","2":"type-product","3":"status-publish","5":"product_cat-edebiyat","6":"product_cat-roman-oyku","7":"pa_cilt-ciltsiz","8":"pa_tur-kitap","9":"pa_yayinevi-cinaralti-yayinlari","10":"pa_yazar-musa-uyanik","12":"first","13":"instock","14":"sale","15":"shipping-taxable","16":"purchasable","17":"product-type-simple"},"_links":{"self":[{"href":"https:\/\/roveyayinevi.com.tr\/index.php\/wp-json\/wp\/v2\/product\/756923","targetHints":{"allow":["GET"]}}],"collection":[{"href":"https:\/\/roveyayinevi.com.tr\/index.php\/wp-json\/wp\/v2\/product"}],"about":[{"href":"https:\/\/roveyayinevi.com.tr\/index.php\/wp-json\/wp\/v2\/types\/product"}],"wp:attachment":[{"href":"https:\/\/roveyayinevi.com.tr\/index.php\/wp-json\/wp\/v2\/media?parent=756923"}],"wp:term":[{"taxonomy":"product_brand","embeddable":true,"href":"https:\/\/roveyayinevi.com.tr\/index.php\/wp-json\/wp\/v2\/product_brand?post=756923"},{"taxonomy":"product_cat","embeddable":true,"href":"https:\/\/roveyayinevi.com.tr\/index.php\/wp-json\/wp\/v2\/product_cat?post=756923"},{"taxonomy":"product_tag","embeddable":true,"href":"https:\/\/roveyayinevi.com.tr\/index.php\/wp-json\/wp\/v2\/product_tag?post=756923"}],"curies":[{"name":"wp","href":"https:\/\/api.w.org\/{rel}","templated":true}]}}