{"id":756922,"date":"2025-08-28T07:21:21","date_gmt":"2025-08-28T04:21:21","guid":{"rendered":"https:\/\/roveyayinevi.com.tr\/index.php\/urun\/antropoloji-ve-antropologlar\/"},"modified":"2026-04-16T03:10:00","modified_gmt":"2026-04-16T00:10:00","slug":"antropoloji-ve-antropologlar","status":"publish","type":"product","link":"https:\/\/roveyayinevi.com.tr\/index.php\/urun\/antropoloji-ve-antropologlar\/","title":{"rendered":"Antropoloji ve Antropologlar"},"content":{"rendered":"<p>Antropoloji ve Antropologlar, disiplinin kurulu\u015fundan yirminci y\u00fczy\u0131l ortalar\u0131ndaki parlak g\u00fcnlerine ve son y\u0131llarda ya\u015fad\u0131\u011f\u0131 d\u00f6n\u00fc\u015f\u00fcme kadar Britanya sosyal antropolojisinin e\u011flenceli ve provokatif bir hikayesini anlat\u0131yor. Kitap, ilk bask\u0131s\u0131n\u0131n yay\u0131nland\u0131\u011f\u0131 1973 y\u0131l\u0131nda antropolojinin m\u00fcesses nizam\u0131n\u0131 sarsm\u0131\u015f ve rahats\u0131z etmi\u015f olsa da yay\u0131nlan\u0131\u015f\u0131ndan k\u0131sa s\u00fcre sonra antropoloji \u00f6\u011frencileri i\u00e7in en \u00f6nemli giri\u015f metinlerinden biri haline geldi. Yay\u0131nland\u0131ktan sonraki k\u0131rk y\u0131l i\u00e7inde klasik bir metin haline gelen kitab\u0131n ciddi de\u011fi\u015fiklikler i\u00e7eren yeni bask\u0131lar\u0131 yap\u0131ld\u0131. Adam Kuper kitapta antropoloji alan\u0131ndaki \u00f6nemli akt\u00f6rleri kendi tarihsel ve kurumsal ba\u011flamlar\u0131 i\u00e7inde ele al\u0131yor, aralar\u0131ndaki rekabeti de\u015fiyor ve temel etnografik metinleri de\u011ferlendiriyor. Disiplindeki son geli\u015fmeleri de g\u00f6z \u00f6n\u00fcne alarak disiplinin s\u00f6m\u00fcrgecilik ve sosyal bilimlerdeki geli\u015fmeler taraf\u0131ndan nas\u0131l \u015fekillendirildi\u011fini g\u00f6steriyor.<\/p>\n","protected":false},"excerpt":{"rendered":"<p>Antropoloji ve Antropologlar, disiplinin kurulu\u015fundan yirminci y\u00fczy\u0131l ortalar\u0131ndaki parlak g\u00fcnlerine ve son y\u0131llarda ya\u015fad\u0131\u011f\u0131 d\u00f6n\u00fc\u015f\u00fcme kadar Britanya sosyal antropolojisinin e\u011flenceli ve provokatif bir hikayesini anlat\u0131yor. Kitap,<span class=\"excerpt-hellip\"> [\u2026]<\/span><\/p>\n","protected":false},"featured_media":0,"template":"","meta":{"_monsterinsights_skip_tracking":false,"_monsterinsights_sitenote_active":false,"_monsterinsights_sitenote_note":"","_monsterinsights_sitenote_category":0},"product_brand":[],"product_cat":[15499,13488],"product_tag":[],"class_list":{"0":"post-756922","1":"product","2":"type-product","3":"status-publish","5":"product_cat-antropoloji","6":"product_cat-toplum-ve-insan","7":"pa_cilt-ciltsiz","8":"pa_tur-kitap","9":"pa_yayinevi-koyusiyah-kitap","10":"pa_yazar-adam-kuper","12":"first","13":"instock","14":"sale","15":"shipping-taxable","16":"purchasable","17":"product-type-simple"},"_links":{"self":[{"href":"https:\/\/roveyayinevi.com.tr\/index.php\/wp-json\/wp\/v2\/product\/756922","targetHints":{"allow":["GET"]}}],"collection":[{"href":"https:\/\/roveyayinevi.com.tr\/index.php\/wp-json\/wp\/v2\/product"}],"about":[{"href":"https:\/\/roveyayinevi.com.tr\/index.php\/wp-json\/wp\/v2\/types\/product"}],"wp:attachment":[{"href":"https:\/\/roveyayinevi.com.tr\/index.php\/wp-json\/wp\/v2\/media?parent=756922"}],"wp:term":[{"taxonomy":"product_brand","embeddable":true,"href":"https:\/\/roveyayinevi.com.tr\/index.php\/wp-json\/wp\/v2\/product_brand?post=756922"},{"taxonomy":"product_cat","embeddable":true,"href":"https:\/\/roveyayinevi.com.tr\/index.php\/wp-json\/wp\/v2\/product_cat?post=756922"},{"taxonomy":"product_tag","embeddable":true,"href":"https:\/\/roveyayinevi.com.tr\/index.php\/wp-json\/wp\/v2\/product_tag?post=756922"}],"curies":[{"name":"wp","href":"https:\/\/api.w.org\/{rel}","templated":true}]}}