{"id":756921,"date":"2025-08-28T07:21:20","date_gmt":"2025-08-28T04:21:20","guid":{"rendered":"https:\/\/roveyayinevi.com.tr\/index.php\/urun\/islam-ve-dogu-kiliseleri\/"},"modified":"2026-04-16T03:10:00","modified_gmt":"2026-04-16T00:10:00","slug":"islam-ve-dogu-kiliseleri","status":"publish","type":"product","link":"https:\/\/roveyayinevi.com.tr\/index.php\/urun\/islam-ve-dogu-kiliseleri\/","title":{"rendered":"\u0130slam ve Do\u011fu Kiliseleri"},"content":{"rendered":"<p>\u0130slam, d\u00fcnya dinleri aras\u0131nda kendisine \u00f6zg\u00fc melankolik bir \u00e7ekicili\u011fe sahiptir. \u0130slam\u2019\u0131n Hristiyanl\u0131k ile kar\u015f\u0131 kar\u015f\u0131ya kal\u0131p, onu alt etti\u011fi bile iddia edilebilir. \u0130slam, Hristiyanl\u0131k i\u00e7in eri\u015filebilir bir b\u00f6lgede ortaya \u00e7\u0131kt\u0131, Muhammed\u2019in gen\u00e7li\u011finde \u00e7ok\u00e7a katetti\u011fi bir mesafe olan Mekke ile Kud\u00fcs aras\u0131 sadece 1200 kilometre kadard\u0131r. \u0130slam, Hristiyanl\u0131\u011f\u0131n Arabistan&#8217;a Kitab\u0131 Mukaddes\u2019in mesaj\u0131n\u0131 \u00e7oktan yaym\u0131\u015f olmas\u0131 gereken bir zamanda ortaya \u00e7\u0131kt\u0131, zira Mesih&#8217;in m\u00fcjdesinin Muhammed&#8217;in inanc\u0131ndan \u00f6nce geldi\u011fi alt\u0131 y\u00fczy\u0131l boyunca, Hristiyanl\u0131k Pasifik, Hint ve Atlantik Okyanuslar\u0131n\u0131n s\u0131n\u0131rlar\u0131na yay\u0131ld\u0131 ve antik \u00e7a\u011f tarihinin tan\u0131k oldu\u011fu en b\u00fcy\u00fck imparatorlukta devrim ger\u00e7ekle\u015ftirdi ve geni\u015f bir edebiyat ve yeni bir ilim yaratt\u0131. Neden Asya\u2019da yenildi? Bu yenilginin sebepleri nelerdi? Muhammed\u2019in d\u00fcnya tarihinin o d\u00f6neminde y\u00fckselmesi nas\u0131l m\u00fcmk\u00fcn oldu? Onun dini neden Hristiyan tarihinde kutsal say\u0131lan topraklarda k\u00f6k sald\u0131 ve geli\u015fti?<\/p>\n","protected":false},"excerpt":{"rendered":"<p>\u0130slam, d\u00fcnya dinleri aras\u0131nda kendisine \u00f6zg\u00fc melankolik bir \u00e7ekicili\u011fe sahiptir. \u0130slam\u2019\u0131n Hristiyanl\u0131k ile kar\u015f\u0131 kar\u015f\u0131ya kal\u0131p, onu alt etti\u011fi bile iddia edilebilir. \u0130slam, Hristiyanl\u0131k i\u00e7in eri\u015filebilir<span class=\"excerpt-hellip\"> [\u2026]<\/span><\/p>\n","protected":false},"featured_media":0,"template":"","meta":{"_monsterinsights_skip_tracking":false,"_monsterinsights_sitenote_active":false,"_monsterinsights_sitenote_note":"","_monsterinsights_sitenote_category":0},"product_brand":[],"product_cat":[12304],"product_tag":[],"class_list":{"0":"post-756921","1":"product","2":"type-product","3":"status-publish","5":"product_cat-tarih","6":"pa_cilt-ciltsiz","7":"pa_tur-kitap","8":"pa_yayinevi-nostos-yayinevi","9":"pa_yazar-willam-ambrose-shedd","11":"first","12":"instock","13":"sale","14":"shipping-taxable","15":"purchasable","16":"product-type-simple"},"_links":{"self":[{"href":"https:\/\/roveyayinevi.com.tr\/index.php\/wp-json\/wp\/v2\/product\/756921","targetHints":{"allow":["GET"]}}],"collection":[{"href":"https:\/\/roveyayinevi.com.tr\/index.php\/wp-json\/wp\/v2\/product"}],"about":[{"href":"https:\/\/roveyayinevi.com.tr\/index.php\/wp-json\/wp\/v2\/types\/product"}],"wp:attachment":[{"href":"https:\/\/roveyayinevi.com.tr\/index.php\/wp-json\/wp\/v2\/media?parent=756921"}],"wp:term":[{"taxonomy":"product_brand","embeddable":true,"href":"https:\/\/roveyayinevi.com.tr\/index.php\/wp-json\/wp\/v2\/product_brand?post=756921"},{"taxonomy":"product_cat","embeddable":true,"href":"https:\/\/roveyayinevi.com.tr\/index.php\/wp-json\/wp\/v2\/product_cat?post=756921"},{"taxonomy":"product_tag","embeddable":true,"href":"https:\/\/roveyayinevi.com.tr\/index.php\/wp-json\/wp\/v2\/product_tag?post=756921"}],"curies":[{"name":"wp","href":"https:\/\/api.w.org\/{rel}","templated":true}]}}