{"id":756920,"date":"2025-08-28T07:21:19","date_gmt":"2025-08-28T04:21:19","guid":{"rendered":"https:\/\/roveyayinevi.com.tr\/index.php\/urun\/2025-kpss-matematik-11-deneme-tamami-video-cozumlu-yektugmat\/"},"modified":"2026-04-16T03:10:00","modified_gmt":"2026-04-16T00:10:00","slug":"2025-kpss-matematik-11-deneme-tamami-video-cozumlu-yektugmat","status":"publish","type":"product","link":"https:\/\/roveyayinevi.com.tr\/index.php\/urun\/2025-kpss-matematik-11-deneme-tamami-video-cozumlu-yektugmat\/","title":{"rendered":"2025 KPSS Matematik 11 Deneme Tamam\u0131 Video \u00c7\u00f6z\u00fcml\u00fc Yektugmat"},"content":{"rendered":"<p>2024 KPSS Matematik 11 Deneme Tamam\u0131 Video \u00c7\u00f6z\u00fcml\u00fc Yektugmat<\/p>\n","protected":false},"excerpt":{"rendered":"<p>2024 KPSS Matematik 11 Deneme Tamam\u0131 Video \u00c7\u00f6z\u00fcml\u00fc Yektugmat<\/p>\n","protected":false},"featured_media":0,"template":"","meta":{"_monsterinsights_skip_tracking":false,"_monsterinsights_sitenote_active":false,"_monsterinsights_sitenote_note":"","_monsterinsights_sitenote_category":0},"product_brand":[],"product_cat":[12566,122237,25157,122271,13473],"product_tag":[],"class_list":{"0":"post-756920","1":"product","2":"type-product","3":"status-publish","5":"product_cat-egitim","6":"product_cat-kpss-denemeler","7":"product_cat-kpss-kitaplari","8":"product_cat-kpss-matematik-deneme","9":"product_cat-sinavlara-hazirlik-okula-yardimci-kaynaklar","10":"pa_cilt-ciltsiz","11":"pa_tur-kitap","12":"pa_yayinevi-marka-yayinlari","13":"pa_yazar-yasin-kara","15":"first","16":"instock","17":"sale","18":"shipping-taxable","19":"purchasable","20":"product-type-simple"},"_links":{"self":[{"href":"https:\/\/roveyayinevi.com.tr\/index.php\/wp-json\/wp\/v2\/product\/756920","targetHints":{"allow":["GET"]}}],"collection":[{"href":"https:\/\/roveyayinevi.com.tr\/index.php\/wp-json\/wp\/v2\/product"}],"about":[{"href":"https:\/\/roveyayinevi.com.tr\/index.php\/wp-json\/wp\/v2\/types\/product"}],"wp:attachment":[{"href":"https:\/\/roveyayinevi.com.tr\/index.php\/wp-json\/wp\/v2\/media?parent=756920"}],"wp:term":[{"taxonomy":"product_brand","embeddable":true,"href":"https:\/\/roveyayinevi.com.tr\/index.php\/wp-json\/wp\/v2\/product_brand?post=756920"},{"taxonomy":"product_cat","embeddable":true,"href":"https:\/\/roveyayinevi.com.tr\/index.php\/wp-json\/wp\/v2\/product_cat?post=756920"},{"taxonomy":"product_tag","embeddable":true,"href":"https:\/\/roveyayinevi.com.tr\/index.php\/wp-json\/wp\/v2\/product_tag?post=756920"}],"curies":[{"name":"wp","href":"https:\/\/api.w.org\/{rel}","templated":true}]}}