{"id":756919,"date":"2025-08-28T07:21:18","date_gmt":"2025-08-28T04:21:18","guid":{"rendered":"https:\/\/roveyayinevi.com.tr\/index.php\/urun\/romanin-sira-disi-imparatoru\/"},"modified":"2026-04-16T03:10:00","modified_gmt":"2026-04-16T00:10:00","slug":"romanin-sira-disi-imparatoru","status":"publish","type":"product","link":"https:\/\/roveyayinevi.com.tr\/index.php\/urun\/romanin-sira-disi-imparatoru\/","title":{"rendered":"Roma&#8217;n\u0131n S\u0131ra D\u0131\u015f\u0131 \u0130mparatoru"},"content":{"rendered":"<p>Saray soytar\u0131lar\u0131n\u0131n oyunca\u011f\u0131 olmu\u015f, hatta \u00f6z annesi taraf\u0131ndan bile \u2018ucube\u2019 denilerek d\u0131\u015flanm\u0131\u015f, herkes taraf\u0131ndan \u2018aptal\u2019 olarak bilinen ve do\u011fumundan itibaren pek \u00e7ok hastal\u0131kla m\u00fccadele eden bir imparator\u2026 Bu kitapta \u00e7ekingen ve korkak tabiata sahip olan Claudius\u2019un hayat\u0131, psikolojisi, hastal\u0131klar\u0131 incelenmi\u015f, onun bilinmeyen y\u00f6nleri ara\u015ft\u0131r\u0131lm\u0131\u015ft\u0131r. \u201cClaudius Antik\u00e7a\u011f kaynaklar\u0131nda bahsedildi\u011fi gibi aptal birisi miydi yoksa ger\u00e7ek ki\u015fili\u011fini mi sakl\u0131yordu? \u00d6l\u00fcm\u00fcn\u00fcn arkas\u0131ndaki s\u0131r neydi? As\u0131l hastal\u0131\u011f\u0131 hayat\u0131n\u0131 nas\u0131l etkiledi?\u201d ***An emperor who became the plaything of the court jester, was even excluded by his own mother as a &#8216;freak&#8217;, was known as a &#8216;stupid&#8217; by everyone, and struggled with many diseases since his birth&#8230; In this book, the life, psychology and diseases of Claudius, who had a timid and cowardly nature, were examined and his unknown aspects were investigated. \u201cWas Claudius a stupid person, as mentioned in ancient sources, or was he hiding his true personality? What was the secret behind his death? How did his actual illness affect his life?\u201d<\/p>\n","protected":false},"excerpt":{"rendered":"<p>Saray soytar\u0131lar\u0131n\u0131n oyunca\u011f\u0131 olmu\u015f, hatta \u00f6z annesi taraf\u0131ndan bile \u2018ucube\u2019 denilerek d\u0131\u015flanm\u0131\u015f, herkes taraf\u0131ndan \u2018aptal\u2019 olarak bilinen ve do\u011fumundan itibaren pek \u00e7ok hastal\u0131kla m\u00fccadele eden bir<span class=\"excerpt-hellip\"> [\u2026]<\/span><\/p>\n","protected":false},"featured_media":0,"template":"","meta":{"_monsterinsights_skip_tracking":false,"_monsterinsights_sitenote_active":false,"_monsterinsights_sitenote_note":"","_monsterinsights_sitenote_category":0},"product_brand":[],"product_cat":[13946,12304],"product_tag":[],"class_list":{"0":"post-756919","1":"product","2":"type-product","3":"status-publish","5":"product_cat-biyografi-otobiyografi","6":"product_cat-tarih","7":"pa_cilt-ciltsiz","8":"pa_tur-kitap","9":"pa_yayinevi-bilgin-kultur-sanat","10":"pa_yazar-ebru-durmaz-akyuz","12":"first","13":"instock","14":"sale","15":"shipping-taxable","16":"purchasable","17":"product-type-simple"},"_links":{"self":[{"href":"https:\/\/roveyayinevi.com.tr\/index.php\/wp-json\/wp\/v2\/product\/756919","targetHints":{"allow":["GET"]}}],"collection":[{"href":"https:\/\/roveyayinevi.com.tr\/index.php\/wp-json\/wp\/v2\/product"}],"about":[{"href":"https:\/\/roveyayinevi.com.tr\/index.php\/wp-json\/wp\/v2\/types\/product"}],"wp:attachment":[{"href":"https:\/\/roveyayinevi.com.tr\/index.php\/wp-json\/wp\/v2\/media?parent=756919"}],"wp:term":[{"taxonomy":"product_brand","embeddable":true,"href":"https:\/\/roveyayinevi.com.tr\/index.php\/wp-json\/wp\/v2\/product_brand?post=756919"},{"taxonomy":"product_cat","embeddable":true,"href":"https:\/\/roveyayinevi.com.tr\/index.php\/wp-json\/wp\/v2\/product_cat?post=756919"},{"taxonomy":"product_tag","embeddable":true,"href":"https:\/\/roveyayinevi.com.tr\/index.php\/wp-json\/wp\/v2\/product_tag?post=756919"}],"curies":[{"name":"wp","href":"https:\/\/api.w.org\/{rel}","templated":true}]}}