{"id":756917,"date":"2025-08-28T07:21:15","date_gmt":"2025-08-28T04:21:15","guid":{"rendered":"https:\/\/roveyayinevi.com.tr\/index.php\/urun\/goc-olus-gilles-deleuze-dusuncesinde-goc-siyaset-ve-felsefe-iliskisi\/"},"modified":"2025-12-30T11:18:07","modified_gmt":"2025-12-30T08:18:07","slug":"goc-olus-gilles-deleuze-dusuncesinde-goc-siyaset-ve-felsefe-iliskisi","status":"publish","type":"product","link":"https:\/\/roveyayinevi.com.tr\/index.php\/urun\/goc-olus-gilles-deleuze-dusuncesinde-goc-siyaset-ve-felsefe-iliskisi\/","title":{"rendered":"G\u00f6\u00e7-Olu\u015f: Gilles Deleuze D\u00fc\u015f\u00fcncesinde G\u00f6\u00e7, Siyaset Ve Felsefe \u0130li\u015fkisi"},"content":{"rendered":"<p>\u0130\u00e7indekiler     B\u0130R\u0130NC\u0130 B\u00d6L\u00dcM GILLES DELEUZE   \u0130K\u0130NC\u0130 B\u00d6L\u00dcM FELSEF\u0130 VE S\u0130YAS\u0130 B\u0130R YAKLA\u015eIMLA G\u00d6\u00c7   \u00dc\u00c7\u00dcNC\u00dc B\u00d6L\u00dcM DELEUZE KAVRAMLARI \u00c7ER\u00c7EVES\u0130NDE G\u00d6\u00c7 ve G\u00d6\u00c7MENE BAKI\u015e <\/p>\n","protected":false},"excerpt":{"rendered":"<p>\u0130\u00e7indekiler B\u0130R\u0130NC\u0130 B\u00d6L\u00dcM GILLES DELEUZE \u0130K\u0130NC\u0130 B\u00d6L\u00dcM FELSEF\u0130 VE S\u0130YAS\u0130 B\u0130R YAKLA\u015eIMLA G\u00d6\u00c7 \u00dc\u00c7\u00dcNC\u00dc B\u00d6L\u00dcM DELEUZE KAVRAMLARI \u00c7ER\u00c7EVES\u0130NDE G\u00d6\u00c7 ve G\u00d6\u00c7MENE BAKI\u015e<\/p>\n","protected":false},"featured_media":0,"template":"","meta":{"_monsterinsights_skip_tracking":false,"_monsterinsights_sitenote_active":false,"_monsterinsights_sitenote_note":"","_monsterinsights_sitenote_category":0},"product_brand":[],"product_cat":[12573,12566],"product_tag":[],"class_list":{"0":"post-756917","1":"product","2":"type-product","3":"status-publish","5":"product_cat-akademik-kitaplar","6":"product_cat-egitim","7":"pa_cilt-ciltsiz","8":"pa_tur-kitap","9":"pa_yayinevi-gazi-kitabevi","10":"pa_yazar-esra-arslan","12":"first","13":"instock","14":"sale","15":"shipping-taxable","16":"purchasable","17":"product-type-simple"},"_links":{"self":[{"href":"https:\/\/roveyayinevi.com.tr\/index.php\/wp-json\/wp\/v2\/product\/756917","targetHints":{"allow":["GET"]}}],"collection":[{"href":"https:\/\/roveyayinevi.com.tr\/index.php\/wp-json\/wp\/v2\/product"}],"about":[{"href":"https:\/\/roveyayinevi.com.tr\/index.php\/wp-json\/wp\/v2\/types\/product"}],"wp:attachment":[{"href":"https:\/\/roveyayinevi.com.tr\/index.php\/wp-json\/wp\/v2\/media?parent=756917"}],"wp:term":[{"taxonomy":"product_brand","embeddable":true,"href":"https:\/\/roveyayinevi.com.tr\/index.php\/wp-json\/wp\/v2\/product_brand?post=756917"},{"taxonomy":"product_cat","embeddable":true,"href":"https:\/\/roveyayinevi.com.tr\/index.php\/wp-json\/wp\/v2\/product_cat?post=756917"},{"taxonomy":"product_tag","embeddable":true,"href":"https:\/\/roveyayinevi.com.tr\/index.php\/wp-json\/wp\/v2\/product_tag?post=756917"}],"curies":[{"name":"wp","href":"https:\/\/api.w.org\/{rel}","templated":true}]}}