{"id":756916,"date":"2025-08-28T07:21:14","date_gmt":"2025-08-28T04:21:14","guid":{"rendered":"https:\/\/roveyayinevi.com.tr\/index.php\/urun\/kayalipinar-2012-yili-kazisi-ciltli\/"},"modified":"2026-04-16T03:10:00","modified_gmt":"2026-04-16T00:10:00","slug":"kayalipinar-2012-yili-kazisi-ciltli","status":"publish","type":"product","link":"https:\/\/roveyayinevi.com.tr\/index.php\/urun\/kayalipinar-2012-yili-kazisi-ciltli\/","title":{"rendered":"Kayal\u0131p\u0131nar 2012 Y\u0131l\u0131 Kaz\u0131s\u0131 (Ciltli)"},"content":{"rendered":"<p>Kayal\u0131p\u0131nar, Sivas ili Y\u0131ld\u0131zeli il\u00e7esi Kayal\u0131p\u0131nar k\u00f6y\u00fcn\u00fcn \u201cHarabe Mevkii\u201d olarak adland\u0131r\u0131lan kesiminde yer almaktad\u0131r. Buras\u0131 ilk olarak 1977 y\u0131l\u0131nda yap\u0131lan bir y\u00fczey ara\u015ft\u0131rmalar\u0131 s\u0131ras\u0131nda saptanm\u0131\u015ft\u0131r. Bu tarihten sonra, Sivas M\u00fcze M\u00fcd\u00fcrl\u00fc\u011f\u00fc b\u00fcnyesinde bir dizi kaz\u0131 \u00e7al\u0131\u015fmas\u0131 y\u00fcr\u00fct\u00fclm\u00fc\u015ft\u00fcr. Kalkolitik Devir\u2019den ba\u015flayarak Roma Devri\u2019nin sonuna kadar yerle\u015fime sahne oldu\u011fu bilinen Kayal\u0131p\u0131nar\u2019\u0131n, 2014 y\u0131l\u0131nda bulunan bir Hitit tableti sayesinde Assur Ticaret Kolonileri \u00c7a\u011f\u0131 ve Hitit d\u00f6nemlerinde \u0160amuha ad\u0131yla bilinen merkez oldu\u011fu anla\u015f\u0131lm\u0131\u015ft\u0131r. Bu kitap, Kayal\u0131p\u0131nar\u2019da 2012 y\u0131l\u0131nda Sivas M\u00fczesi ba\u015fkanl\u0131\u011f\u0131nda ve Do\u00e7. Dr. Bora Uysal\u2019\u0131n bilimsel dan\u0131\u015fmanl\u0131\u011f\u0131nda yap\u0131lan kaz\u0131lar\u0131n sonu\u00e7lar\u0131n\u0131 kapsamaktad\u0131r. <\/p>\n","protected":false},"excerpt":{"rendered":"<p>Kayal\u0131p\u0131nar, Sivas ili Y\u0131ld\u0131zeli il\u00e7esi Kayal\u0131p\u0131nar k\u00f6y\u00fcn\u00fcn \u201cHarabe Mevkii\u201d olarak adland\u0131r\u0131lan kesiminde yer almaktad\u0131r. Buras\u0131 ilk olarak 1977 y\u0131l\u0131nda yap\u0131lan bir y\u00fczey ara\u015ft\u0131rmalar\u0131 s\u0131ras\u0131nda saptanm\u0131\u015ft\u0131r. Bu<span class=\"excerpt-hellip\"> [\u2026]<\/span><\/p>\n","protected":false},"featured_media":0,"template":"","meta":{"_monsterinsights_skip_tracking":false,"_monsterinsights_sitenote_active":false,"_monsterinsights_sitenote_note":"","_monsterinsights_sitenote_category":0},"product_brand":[],"product_cat":[52477,52478],"product_tag":[],"class_list":{"0":"post-756916","1":"product","2":"type-product","3":"status-publish","5":"product_cat-arastirma","6":"product_cat-arkeoloji","7":"pa_cilt-ciltli","8":"pa_tur-kitap","9":"pa_yayinevi-myrina-yayinlari","10":"pa_yazar-bora-uysal-hulya-torun","12":"first","13":"instock","14":"sale","15":"shipping-taxable","16":"purchasable","17":"product-type-simple"},"_links":{"self":[{"href":"https:\/\/roveyayinevi.com.tr\/index.php\/wp-json\/wp\/v2\/product\/756916","targetHints":{"allow":["GET"]}}],"collection":[{"href":"https:\/\/roveyayinevi.com.tr\/index.php\/wp-json\/wp\/v2\/product"}],"about":[{"href":"https:\/\/roveyayinevi.com.tr\/index.php\/wp-json\/wp\/v2\/types\/product"}],"wp:attachment":[{"href":"https:\/\/roveyayinevi.com.tr\/index.php\/wp-json\/wp\/v2\/media?parent=756916"}],"wp:term":[{"taxonomy":"product_brand","embeddable":true,"href":"https:\/\/roveyayinevi.com.tr\/index.php\/wp-json\/wp\/v2\/product_brand?post=756916"},{"taxonomy":"product_cat","embeddable":true,"href":"https:\/\/roveyayinevi.com.tr\/index.php\/wp-json\/wp\/v2\/product_cat?post=756916"},{"taxonomy":"product_tag","embeddable":true,"href":"https:\/\/roveyayinevi.com.tr\/index.php\/wp-json\/wp\/v2\/product_tag?post=756916"}],"curies":[{"name":"wp","href":"https:\/\/api.w.org\/{rel}","templated":true}]}}