{"id":756915,"date":"2025-08-28T07:21:12","date_gmt":"2025-08-28T04:21:12","guid":{"rendered":"https:\/\/roveyayinevi.com.tr\/index.php\/urun\/salinmak-hayattan-sevinc-duyma-sanati\/"},"modified":"2026-04-16T03:10:00","modified_gmt":"2026-04-16T00:10:00","slug":"salinmak-hayattan-sevinc-duyma-sanati","status":"publish","type":"product","link":"https:\/\/roveyayinevi.com.tr\/index.php\/urun\/salinmak-hayattan-sevinc-duyma-sanati\/","title":{"rendered":"Sal\u0131nmak  &#8211; Hayattan Sevin\u00e7 Duyma Sanat\u0131"},"content":{"rendered":"<p>Ya\u015famdan sevin\u00e7 duymak, hayat\u0131n kutupsall\u0131\u011f\u0131n\u0131 kucaklamaktan ge\u00e7er. G\u00fcn\u00fcm\u00fcz\u00fcn b\u00fcy\u00fck haz h\u0131rs\u0131 ve mutluluk salg\u0131n\u0131 hep pozitif kutupta kalmay\u0131 sal\u0131k verse de, tats\u0131z zamanlarla ve savrulmalarla ba\u015f edebilmek doygun bir hayat\u0131n vazge\u00e7ilmezidir. Herkes hayat\u0131n kutupsall\u0131\u011f\u0131n\u0131n suretlerini tan\u0131r: Sevin\u00e7 ve hiddet, uyum ve \u00e7at\u0131\u015fma, huzur ve huzursuzluk, zevk ve ac\u0131, sa\u011fl\u0131k ve hastal\u0131k, g\u00fczellik ve \u00e7irkinlik, ba\u015far\u0131 ve ba\u015far\u0131s\u0131zl\u0131k, anlam ve anlams\u0131zl\u0131k. Benli\u011fimiz aral\u0131ks\u0131z evreler halinde, her birini deneyimleyerek geli\u015fir ve var olur. U\u00e7lar aras\u0131nda, hayat\u0131n ritmini dengelemek m\u00fcmk\u00fcn m\u00fcd\u00fcr peki? \u0130stikrar ve s\u00fcreklilik nas\u0131l temin edilir? Dipleri ve zirveleri tecr\u00fcbe etmek zenginlik olarak g\u00f6r\u00fclebilir mi? Duyular\u0131n ya\u015fama sevinciyle nas\u0131l bir ba\u011f\u0131 vard\u0131r? Doya doya g\u00f6rmek, i\u015fitmek, koklamak, dokunmak ve tatmak, hayat\u0131n anlam\u0131na nas\u0131l katk\u0131da bulunur? Hayat\u0131n sarkac\u0131yla uyumlanma becerisi do\u011fu\u015ftan m\u0131 gelir, sonradan m\u0131 \u00f6\u011frenilir? Sal\u0131nma eylemi, sorun \u00e7\u00f6zme y\u00f6ntemi olarak kullan\u0131labilir mi? Dijital ile analog d\u00fcnyalar aras\u0131nda denge noktas\u0131 neresidir? Wilhelm Schmid, Sal\u0131nmak: Hayattan Sevin\u00e7 Duyma Sanat\u0131\u2019nda, hayat\u0131n dayatt\u0131\u011f\u0131 y\u00fck ile ki\u015finin g\u00fc\u00e7lerini yeniden toplamas\u0131n\u0131 sa\u011flayan hafiflik aras\u0131nda denge bulmay\u0131 \u00f6neriyor. Her \u015feyi ak\u0131\u015fta tutmaya \u00e7abalamak yerine, hem g\u00fczelliklerle hem gerilimlerle bar\u0131\u015f\u0131kl\u0131k i\u00e7inde sal\u0131nman\u0131n ya\u015fam sevincinin \u00f6n ko\u015fulu oldu\u011funu \u00f6rnekler e\u015fli\u011finde tart\u0131\u015f\u0131yor.<\/p>\n","protected":false},"excerpt":{"rendered":"<p>Ya\u015famdan sevin\u00e7 duymak, hayat\u0131n kutupsall\u0131\u011f\u0131n\u0131 kucaklamaktan ge\u00e7er. G\u00fcn\u00fcm\u00fcz\u00fcn b\u00fcy\u00fck haz h\u0131rs\u0131 ve mutluluk salg\u0131n\u0131 hep pozitif kutupta kalmay\u0131 sal\u0131k verse de, tats\u0131z zamanlarla ve savrulmalarla ba\u015f<span class=\"excerpt-hellip\"> [\u2026]<\/span><\/p>\n","protected":false},"featured_media":0,"template":"","meta":{"_monsterinsights_skip_tracking":false,"_monsterinsights_sitenote_active":false,"_monsterinsights_sitenote_note":"","_monsterinsights_sitenote_category":0},"product_brand":[],"product_cat":[12358,12357],"product_tag":[],"class_list":{"0":"post-756915","1":"product","2":"type-product","3":"status-publish","5":"product_cat-genel-psikoloji","6":"product_cat-psikoloji","7":"pa_cilt-ciltsiz","8":"pa_tur-kitap","9":"pa_yayinevi-iletisim-yayinlari","10":"pa_yazar-wilhelm-schmid","12":"first","13":"instock","14":"sale","15":"shipping-taxable","16":"purchasable","17":"product-type-simple"},"_links":{"self":[{"href":"https:\/\/roveyayinevi.com.tr\/index.php\/wp-json\/wp\/v2\/product\/756915","targetHints":{"allow":["GET"]}}],"collection":[{"href":"https:\/\/roveyayinevi.com.tr\/index.php\/wp-json\/wp\/v2\/product"}],"about":[{"href":"https:\/\/roveyayinevi.com.tr\/index.php\/wp-json\/wp\/v2\/types\/product"}],"wp:attachment":[{"href":"https:\/\/roveyayinevi.com.tr\/index.php\/wp-json\/wp\/v2\/media?parent=756915"}],"wp:term":[{"taxonomy":"product_brand","embeddable":true,"href":"https:\/\/roveyayinevi.com.tr\/index.php\/wp-json\/wp\/v2\/product_brand?post=756915"},{"taxonomy":"product_cat","embeddable":true,"href":"https:\/\/roveyayinevi.com.tr\/index.php\/wp-json\/wp\/v2\/product_cat?post=756915"},{"taxonomy":"product_tag","embeddable":true,"href":"https:\/\/roveyayinevi.com.tr\/index.php\/wp-json\/wp\/v2\/product_tag?post=756915"}],"curies":[{"name":"wp","href":"https:\/\/api.w.org\/{rel}","templated":true}]}}