{"id":756914,"date":"2025-08-28T07:21:11","date_gmt":"2025-08-28T04:21:11","guid":{"rendered":"https:\/\/roveyayinevi.com.tr\/index.php\/urun\/osmanli-izmiri\/"},"modified":"2026-04-16T03:10:00","modified_gmt":"2026-04-16T00:10:00","slug":"osmanli-izmiri","status":"publish","type":"product","link":"https:\/\/roveyayinevi.com.tr\/index.php\/urun\/osmanli-izmiri\/","title":{"rendered":"Osmanl\u0131 \u0130zmir&#8217;i"},"content":{"rendered":"<p>19. y\u00fczy\u0131l \u0130zmir\u2019i \u201cDo\u011fu\u2019nun Bat\u0131s\u0131 ve Bat\u0131\u2019n\u0131n Do\u011fusu\u201d olarak sosyal, k\u00fclt\u00fcrel, ekonomik ve siyasi bir kav\u015fak niteli\u011findeydi. Muazzam bir de\u011fi\u015fimin \u00e7alkant\u0131lar\u0131n\u0131 ya\u015f\u0131yor, bir yandan zenginle\u015fiyor, di\u011fer yandan da yeni sorunlarla kar\u015f\u0131 kar\u015f\u0131ya kal\u0131yor, yeni kurumlarla donan\u0131yor, fiziksel olarak da yenileniyordu. Sibel Zandi-Sayek, Osmanl\u0131 \u0130zmir\u2019i adl\u0131 \u00e7al\u0131\u015fmas\u0131nda, 1840-1880 aras\u0131nda \u0130zmir\u2019in ya\u015fad\u0131\u011f\u0131 bu k\u00f6kl\u00fc d\u00f6n\u00fc\u015f\u00fcm\u00fc, farkl\u0131 kentsel akt\u00f6rler aras\u0131ndaki ili\u015fkileri mercek alt\u0131na alarak inceliyor: b\u00fcrokratlar, din\u00ee cemaatler, etnik gruplar, yabanc\u0131lar, gazeteciler ve kent sakinleri. G\u00fcndelik hayat\u0131n bi\u00e7imleni\u015fini yurtta\u015fl\u0131k, kentsel aidiyet gibi kavramlar etraf\u0131nda ele al\u0131yor. \u0130zmir\u2019i kendi ba\u011flam\u0131 i\u00e7inde yorumlayarak, hassas dengeler \u00fczerine kurulu bir d\u00fcnyay\u0131 \u00f6zg\u00fcn bir bak\u0131\u015f a\u00e7\u0131s\u0131yla g\u00f6zler \u00f6n\u00fcne seriyor. \u201c19. y\u00fczy\u0131l\u0131n ortalar\u0131nda \u0130zmir\u2019i \u00f6zellikle b\u00fcy\u00fcleyici k\u0131lan \u015fey, kent modernle\u015fmesinin dinamiklerine ve bu dinamiklerin ge\u00e7ici, de\u011fi\u015fken ve \u00e7at\u0131\u015fmal\u0131 niteli\u011fine a\u00e7\u0131lan bir pencere olmas\u0131yd\u0131.\u201d S\u0130BEL ZAND\u0130-SAYEK<\/p>\n","protected":false},"excerpt":{"rendered":"<p>19. y\u00fczy\u0131l \u0130zmir\u2019i \u201cDo\u011fu\u2019nun Bat\u0131s\u0131 ve Bat\u0131\u2019n\u0131n Do\u011fusu\u201d olarak sosyal, k\u00fclt\u00fcrel, ekonomik ve siyasi bir kav\u015fak niteli\u011findeydi. Muazzam bir de\u011fi\u015fimin \u00e7alkant\u0131lar\u0131n\u0131 ya\u015f\u0131yor, bir yandan zenginle\u015fiyor, di\u011fer<span class=\"excerpt-hellip\"> [\u2026]<\/span><\/p>\n","protected":false},"featured_media":0,"template":"","meta":{"_monsterinsights_skip_tracking":false,"_monsterinsights_sitenote_active":false,"_monsterinsights_sitenote_note":"","_monsterinsights_sitenote_category":0},"product_brand":[],"product_cat":[13517,12304],"product_tag":[],"class_list":{"0":"post-756914","1":"product","2":"type-product","3":"status-publish","5":"product_cat-osmanli-tarihi","6":"product_cat-tarih","7":"pa_cilt-ciltsiz","8":"pa_tur-kitap","9":"pa_yayinevi-iletisim-yayinlari","10":"pa_yazar-sibel-zandi-sayek","12":"first","13":"instock","14":"sale","15":"shipping-taxable","16":"purchasable","17":"product-type-simple"},"_links":{"self":[{"href":"https:\/\/roveyayinevi.com.tr\/index.php\/wp-json\/wp\/v2\/product\/756914","targetHints":{"allow":["GET"]}}],"collection":[{"href":"https:\/\/roveyayinevi.com.tr\/index.php\/wp-json\/wp\/v2\/product"}],"about":[{"href":"https:\/\/roveyayinevi.com.tr\/index.php\/wp-json\/wp\/v2\/types\/product"}],"wp:attachment":[{"href":"https:\/\/roveyayinevi.com.tr\/index.php\/wp-json\/wp\/v2\/media?parent=756914"}],"wp:term":[{"taxonomy":"product_brand","embeddable":true,"href":"https:\/\/roveyayinevi.com.tr\/index.php\/wp-json\/wp\/v2\/product_brand?post=756914"},{"taxonomy":"product_cat","embeddable":true,"href":"https:\/\/roveyayinevi.com.tr\/index.php\/wp-json\/wp\/v2\/product_cat?post=756914"},{"taxonomy":"product_tag","embeddable":true,"href":"https:\/\/roveyayinevi.com.tr\/index.php\/wp-json\/wp\/v2\/product_tag?post=756914"}],"curies":[{"name":"wp","href":"https:\/\/api.w.org\/{rel}","templated":true}]}}