{"id":756913,"date":"2025-08-28T07:21:10","date_gmt":"2025-08-28T04:21:10","guid":{"rendered":"https:\/\/roveyayinevi.com.tr\/index.php\/urun\/linc-toplum-ve-devlet\/"},"modified":"2026-04-16T03:10:00","modified_gmt":"2026-04-16T00:10:00","slug":"linc-toplum-ve-devlet","status":"publish","type":"product","link":"https:\/\/roveyayinevi.com.tr\/index.php\/urun\/linc-toplum-ve-devlet\/","title":{"rendered":"Lin\u00e7, Toplum ve Devlet"},"content":{"rendered":"<p>Lin\u00e7, sadece fiziksel bir cezaland\u0131rma eylemi olmaktan \u00f6te sembolik, psikolojik, ekonomik ve politik, toplumsal bask\u0131 ve s\u0131n\u0131rlamalara yol a\u00e7an bir kitle eylemidir. Bireysel bir husumet ya da \u00f6\u00e7 almadan \u00f6te, \u015fiddetin toplumsal karakteri belirgindir. Lin\u00e7, \u00e7o\u011funlukla kamusal alanda bir g\u00f6steri bi\u00e7iminde icra edilir ve seyirciye ihtiya\u00e7 duyar.\u201d Diler Bulut, T\u00fcrkiye\u2019de lin\u00e7 olgusunu, gerek sosyolojik a\u00e7\u0131dan, gerek devlet rejimi a\u00e7\u0131s\u0131ndan enine boyuna analiz ediyor. Hukuki prati\u011fe, faillerin ve ma\u011fdurlar\u0131n alg\u0131lar\u0131na, a\u00e7\u0131klama ve me\u015frula\u015ft\u0131rma bi\u00e7imlerine e\u011filiyor. Lin\u00e7, Toplum ve Devlet, lincin toplumsal dinami\u011fi, me\u015frula\u015ft\u0131rma kal\u0131plar\u0131 bak\u0131m\u0131ndan farkl\u0131 y\u00f6nlerini g\u00f6rmemizi sa\u011flayan be\u015f vakaya odaklan\u0131yor. 2010 y\u0131lba\u015f\u0131 gecesi Manisa-Selendi\u2019de kahvehanede sigara i\u00e7me meselesinden \u00e7\u0131kan m\u00fcnaka\u015fa sonras\u0131, Romanlar\u0131 hedef alan lin\u00e7 sald\u0131r\u0131lar\u0131\u2026 2014 Ekimi\u2019nde \u0130zmir\u2019de, Kobani\u2019ye y\u00f6nelik I\u015e\u0130D sald\u0131r\u0131lar\u0131n\u0131 protesto eden gruptan bir ki\u015finin lin\u00e7 edilerek \u00f6ld\u00fcr\u00fclmesi\u2026 2015 Eyl\u00fcl\u00fc\u2019nde K\u0131r\u015fehir\u2019de bir \u201cTer\u00f6re Lanet\u201d y\u00fcr\u00fcy\u00fc\u015f\u00fc sonras\u0131 HDP il binas\u0131n\u0131n yan\u0131 s\u0131ra d\u00f6rt i\u015fyerinin yak\u0131lmas\u0131, 32 ev ve i\u015fyerinin sald\u0131r\u0131ya u\u011framas\u0131&#8230; 2015 Eyl\u00fcl\u00fc\u2019nde Mu\u011fla\u2019da bir \u015fehit erin mahallesinde d\u00fczenlenen y\u00fcr\u00fcy\u00fc\u015f\u00fcn ard\u0131ndan, pe\u015fmerge k\u0131yafetiyle foto\u011fraf \u00e7ektirmesi nedeniyle mimlenen bir mahallelinin evinden zorla al\u0131n\u0131p d\u00f6v\u00fclmesi ve kendisine zorla Atat\u00fcrk b\u00fcst\u00fc \u00f6pt\u00fcr\u00fclmesi&#8230; 2015 Mart\u0131\u2019nda \u0130stanbul-Beyaz\u0131t\u2019ta, yan\u0131nda k\u00f6pe\u011fiyle evine giden birisinin mahalleliyle basit bir kavgas\u0131 gibi ba\u015flayan olay\u0131n, lince d\u00f6n\u00fc\u015fmesi\u2026 G\u00fcvenlik\u00e7i ola\u011fan\u00fcst\u00fc hal siyasetinin, \u015fiddeti nas\u0131l \u201ctabana indirdi\u011fini\u201d g\u00f6steren bir inceleme. <\/p>\n","protected":false},"excerpt":{"rendered":"<p>Lin\u00e7, sadece fiziksel bir cezaland\u0131rma eylemi olmaktan \u00f6te sembolik, psikolojik, ekonomik ve politik, toplumsal bask\u0131 ve s\u0131n\u0131rlamalara yol a\u00e7an bir kitle eylemidir. Bireysel bir husumet ya<span class=\"excerpt-hellip\"> [\u2026]<\/span><\/p>\n","protected":false},"featured_media":0,"template":"","meta":{"_monsterinsights_skip_tracking":false,"_monsterinsights_sitenote_active":false,"_monsterinsights_sitenote_note":"","_monsterinsights_sitenote_category":0},"product_brand":[],"product_cat":[13590,12337],"product_tag":[],"class_list":{"0":"post-756913","1":"product","2":"type-product","3":"status-publish","5":"product_cat-arastirma-inceleme-politika-siyaset","6":"product_cat-politika-siyaset","7":"pa_cilt-ciltsiz","8":"pa_tur-kitap","9":"pa_yayinevi-iletisim-yayinlari","10":"pa_yazar-diler-bulut","12":"first","13":"instock","14":"sale","15":"shipping-taxable","16":"purchasable","17":"product-type-simple"},"_links":{"self":[{"href":"https:\/\/roveyayinevi.com.tr\/index.php\/wp-json\/wp\/v2\/product\/756913","targetHints":{"allow":["GET"]}}],"collection":[{"href":"https:\/\/roveyayinevi.com.tr\/index.php\/wp-json\/wp\/v2\/product"}],"about":[{"href":"https:\/\/roveyayinevi.com.tr\/index.php\/wp-json\/wp\/v2\/types\/product"}],"wp:attachment":[{"href":"https:\/\/roveyayinevi.com.tr\/index.php\/wp-json\/wp\/v2\/media?parent=756913"}],"wp:term":[{"taxonomy":"product_brand","embeddable":true,"href":"https:\/\/roveyayinevi.com.tr\/index.php\/wp-json\/wp\/v2\/product_brand?post=756913"},{"taxonomy":"product_cat","embeddable":true,"href":"https:\/\/roveyayinevi.com.tr\/index.php\/wp-json\/wp\/v2\/product_cat?post=756913"},{"taxonomy":"product_tag","embeddable":true,"href":"https:\/\/roveyayinevi.com.tr\/index.php\/wp-json\/wp\/v2\/product_tag?post=756913"}],"curies":[{"name":"wp","href":"https:\/\/api.w.org\/{rel}","templated":true}]}}