{"id":756911,"date":"2025-08-28T07:21:07","date_gmt":"2025-08-28T04:21:07","guid":{"rendered":"https:\/\/roveyayinevi.com.tr\/index.php\/urun\/halk-icin-kapitalizm-rehberi\/"},"modified":"2026-04-16T03:10:00","modified_gmt":"2026-04-16T00:10:00","slug":"halk-icin-kapitalizm-rehberi","status":"publish","type":"product","link":"https:\/\/roveyayinevi.com.tr\/index.php\/urun\/halk-icin-kapitalizm-rehberi\/","title":{"rendered":"Halk \u0130\u00e7in Kapitalizm Rehberi"},"content":{"rendered":"<p>&#8220;Hadas Thier\u2019in yeni kitab\u0131, Halk \u0130\u00e7in Kapitalizm Rehberi, kapitalizmin krizlerinin y\u00fck\u00fcn\u00fc neden her zaman yoksullar\u0131n ve i\u015f\u00e7i s\u0131n\u0131f\u0131n\u0131n \u00e7ekti\u011fini net bir \u015fekilde a\u00e7\u0131klamak i\u00e7in tam zaman\u0131nda geldi. Thier, bilgisi ve keskin analiziyle, kapitalist e\u015fitsizli\u011fin gizemini herkes taraf\u0131ndan anla\u015f\u0131l\u0131r ve eri\u015filebilir bir anlat\u0131mla g\u00f6zler \u00f6n\u00fcne seriyor. \u2018Yeni ger\u00e7ekler\u2019 d\u00fcnyas\u0131na girerken, bug\u00fcn m\u00fccadelelerimizin \u00e7o\u011funu \u015fekillendiren finansal krizlerin temel nedenlerini anlamam\u0131za yard\u0131mc\u0131 olacak Halk \u0130\u00e7in Rehber gibi kitaplara hepimizin ihtiyac\u0131 olacak.\u201d KEEANGHA-YAMAHTTA TAYLOR Anaak\u0131m iktisat\u00e7\u0131lar kapitalizmi gezegenimizi s\u00fcsleyen en b\u00fcy\u00fck sistem olarak tan\u0131t\u0131p, ard\u0131ndan piyasan\u0131n sihirli g\u00fc\u00e7lerini anlama i\u015fini \u201cuzmanlara\u201d b\u0131rakmam\u0131z gerekti\u011fini s\u00f6yl\u00fcyorlar.Bu anaak\u0131m yorumcular\u0131n bizi bu y\u00f6nde ikna etme \u00e7abalar\u0131na ra\u011fmen, bir\u00e7o\u011fumuz bu sistemin neden bu kadar b\u00fcy\u00fck bir e\u015fitsizlik ve kendi \u00e7evresel y\u0131k\u0131m\u0131na kar\u015f\u0131 ahl\u00e2ks\u0131zca bir umursamazl\u0131k \u00fcretti\u011fini sorguluyoruz. Hadas Thier\u2019in Halk \u0130\u00e7in Kapitalizm Rehberi, Marksist kavramlara bir giri\u015f niteli\u011finde olman\u0131n \u00f6tesinde, radikal bir ekonomi kuram\u0131na dayanarak tam da bu sorulara herkesin anlayaca\u011f\u0131 yan\u0131tlar \u00f6neriyor<\/p>\n","protected":false},"excerpt":{"rendered":"<p>&#8220;Hadas Thier\u2019in yeni kitab\u0131, Halk \u0130\u00e7in Kapitalizm Rehberi, kapitalizmin krizlerinin y\u00fck\u00fcn\u00fc neden her zaman yoksullar\u0131n ve i\u015f\u00e7i s\u0131n\u0131f\u0131n\u0131n \u00e7ekti\u011fini net bir \u015fekilde a\u00e7\u0131klamak i\u00e7in tam zaman\u0131nda<span class=\"excerpt-hellip\"> [\u2026]<\/span><\/p>\n","protected":false},"featured_media":0,"template":"","meta":{"_monsterinsights_skip_tracking":false,"_monsterinsights_sitenote_active":false,"_monsterinsights_sitenote_note":"","_monsterinsights_sitenote_category":0},"product_brand":[],"product_cat":[13059,12337],"product_tag":[],"class_list":{"0":"post-756911","1":"product","2":"type-product","3":"status-publish","5":"product_cat-diger-politika-siyaset","6":"product_cat-politika-siyaset","7":"pa_cilt-ciltsiz","8":"pa_tur-kitap","9":"pa_yayinevi-iletisim-yayinlari","10":"pa_yazar-hadas-thier","12":"first","13":"instock","14":"sale","15":"shipping-taxable","16":"purchasable","17":"product-type-simple"},"_links":{"self":[{"href":"https:\/\/roveyayinevi.com.tr\/index.php\/wp-json\/wp\/v2\/product\/756911","targetHints":{"allow":["GET"]}}],"collection":[{"href":"https:\/\/roveyayinevi.com.tr\/index.php\/wp-json\/wp\/v2\/product"}],"about":[{"href":"https:\/\/roveyayinevi.com.tr\/index.php\/wp-json\/wp\/v2\/types\/product"}],"wp:attachment":[{"href":"https:\/\/roveyayinevi.com.tr\/index.php\/wp-json\/wp\/v2\/media?parent=756911"}],"wp:term":[{"taxonomy":"product_brand","embeddable":true,"href":"https:\/\/roveyayinevi.com.tr\/index.php\/wp-json\/wp\/v2\/product_brand?post=756911"},{"taxonomy":"product_cat","embeddable":true,"href":"https:\/\/roveyayinevi.com.tr\/index.php\/wp-json\/wp\/v2\/product_cat?post=756911"},{"taxonomy":"product_tag","embeddable":true,"href":"https:\/\/roveyayinevi.com.tr\/index.php\/wp-json\/wp\/v2\/product_tag?post=756911"}],"curies":[{"name":"wp","href":"https:\/\/api.w.org\/{rel}","templated":true}]}}