{"id":756910,"date":"2025-08-28T07:21:06","date_gmt":"2025-08-28T04:21:06","guid":{"rendered":"https:\/\/roveyayinevi.com.tr\/index.php\/urun\/akp-101\/"},"modified":"2026-04-16T03:10:00","modified_gmt":"2026-04-16T00:10:00","slug":"akp-101","status":"publish","type":"product","link":"https:\/\/roveyayinevi.com.tr\/index.php\/urun\/akp-101\/","title":{"rendered":"AKP-101"},"content":{"rendered":"<p>&#8220;AKP, T\u00fcrkiye esnafl\u0131\u011f\u0131n\u0131n parti formunda v\u00fccut bulmu\u015f halidir. Kelimenin geni\u015f anlam\u0131yla zanaatk\u00e2rl\u0131\u011f\u0131 da kapsayan bir haldir bu. Se\u00e7menin oyunu, d\u00fckk\u00e2n\u0131 ayakta tutacak asli velinimet ve k\u00e2r olarak g\u00f6ren bir hal. AKP\u2019nin karma\u015f\u0131k k\u00e2r mekanizmas\u0131ndan sa\u011fa sola sa\u00e7\u0131lm\u0131\u015f kablo kalabal\u0131\u011f\u0131n\u0131 sab\u0131rla takip ederseniz, asl\u0131nda t\u00fcm kablolar\u0131n ucunun iktidarda kalmaya \u00e7\u0131kt\u0131\u011f\u0131n\u0131 g\u00f6r\u00fcrs\u00fcn\u00fcz.\u201d 101, \u00fcniversitelerde ba\u015flang\u0131\u00e7 derslerinin kod numaras\u0131d\u0131r. AKP-101, Adalet ve Kalk\u0131nma Partisi\u2019ni anlamak i\u00e7in bir \u201cgiri\u015f\u201d kitab\u0131, bir bak\u0131ma. Hi\u00e7 bilmeyen birisine anlat\u0131r kadar yal\u0131n, en ba\u015ftan ba\u015flayarak\u2026 Ama bu yal\u0131nl\u0131\u011f\u0131n arkas\u0131nda, siyasal ve toplumsal hayat\u0131n k\u0131lcal damarlar\u0131na inen, ayr\u0131nt\u0131l\u0131 bir analitik g\u00f6zlem var. Asl\u0131nda, tam manas\u0131yla bir \u201czaman\u0131n ruhu\u201d kitab\u0131, bu. 1990\u2019l\u0131 y\u0131llar\u0131n kurucu \u00f6nemdeki miras\u0131ndan ve hat\u0131ras\u0131ndan ba\u015flayarak, zaman\u0131n ruhuna e\u011filen bir kitap. AKP\u2019yi var eden ve ya\u015fatan endi\u015felerin, \u00f6fkelerin, al\u0131\u015fkanl\u0131klar\u0131n, tatminlerin reng\u00e2renk bir d\u00f6k\u00fcm\u00fc. AKP d\u00f6neminin parti manzaralar\u0131, muhalefetin hazin tablosu, AKP-101\u2019in olmazsa olmaz bir k\u0131sm\u0131n\u0131 olu\u015fturuyor. Muhalefetin \u00f6\u011frenme kabiliyetinin eksikli\u011finin, AKP\u2019nin g\u00fc\u00e7 kayna\u011f\u0131na d\u00f6n\u00fc\u015fmesi ve popun fantezi\/arabeske yenilmesi. H. Bahad\u0131r T\u00fcrk, AKP hakk\u0131nda hep bildi\u011fimizi zannettiklerimiz ve AKP iktidar\u0131n\u0131n onunla alakas\u0131z gibi g\u00f6r\u00fcnen \u015feylerle ba\u011flant\u0131s\u0131 \u00fczerine konu\u015fuyor. Ciddiyetle ama ne\u015feyle.<\/p>\n","protected":false},"excerpt":{"rendered":"<p>&#8220;AKP, T\u00fcrkiye esnafl\u0131\u011f\u0131n\u0131n parti formunda v\u00fccut bulmu\u015f halidir. Kelimenin geni\u015f anlam\u0131yla zanaatk\u00e2rl\u0131\u011f\u0131 da kapsayan bir haldir bu. Se\u00e7menin oyunu, d\u00fckk\u00e2n\u0131 ayakta tutacak asli velinimet ve k\u00e2r<span class=\"excerpt-hellip\"> [\u2026]<\/span><\/p>\n","protected":false},"featured_media":0,"template":"","meta":{"_monsterinsights_skip_tracking":false,"_monsterinsights_sitenote_active":false,"_monsterinsights_sitenote_note":"","_monsterinsights_sitenote_category":0},"product_brand":[],"product_cat":[31194,12337],"product_tag":[],"class_list":{"0":"post-756910","1":"product","2":"type-product","3":"status-publish","5":"product_cat-guncel-siyaset","6":"product_cat-politika-siyaset","7":"pa_cilt-ciltsiz","8":"pa_tur-kitap","9":"pa_yayinevi-iletisim-yayinlari","10":"pa_yazar-h-bahadir-turk","12":"first","13":"instock","14":"sale","15":"shipping-taxable","16":"purchasable","17":"product-type-simple"},"_links":{"self":[{"href":"https:\/\/roveyayinevi.com.tr\/index.php\/wp-json\/wp\/v2\/product\/756910","targetHints":{"allow":["GET"]}}],"collection":[{"href":"https:\/\/roveyayinevi.com.tr\/index.php\/wp-json\/wp\/v2\/product"}],"about":[{"href":"https:\/\/roveyayinevi.com.tr\/index.php\/wp-json\/wp\/v2\/types\/product"}],"wp:attachment":[{"href":"https:\/\/roveyayinevi.com.tr\/index.php\/wp-json\/wp\/v2\/media?parent=756910"}],"wp:term":[{"taxonomy":"product_brand","embeddable":true,"href":"https:\/\/roveyayinevi.com.tr\/index.php\/wp-json\/wp\/v2\/product_brand?post=756910"},{"taxonomy":"product_cat","embeddable":true,"href":"https:\/\/roveyayinevi.com.tr\/index.php\/wp-json\/wp\/v2\/product_cat?post=756910"},{"taxonomy":"product_tag","embeddable":true,"href":"https:\/\/roveyayinevi.com.tr\/index.php\/wp-json\/wp\/v2\/product_tag?post=756910"}],"curies":[{"name":"wp","href":"https:\/\/api.w.org\/{rel}","templated":true}]}}