{"id":756909,"date":"2025-08-28T07:21:05","date_gmt":"2025-08-28T04:21:05","guid":{"rendered":"https:\/\/roveyayinevi.com.tr\/index.php\/urun\/sabihanin-kiz-kardesleri\/"},"modified":"2026-04-16T03:10:00","modified_gmt":"2026-04-16T00:10:00","slug":"sabihanin-kiz-kardesleri","status":"publish","type":"product","link":"https:\/\/roveyayinevi.com.tr\/index.php\/urun\/sabihanin-kiz-kardesleri\/","title":{"rendered":"Sabiha\u2019n\u0131n K\u0131z Karde\u015fleri"},"content":{"rendered":"<p>Sabiha\u2019n\u0131n K\u0131z Karde\u015fleri\u2019nin ba\u015flang\u0131\u00e7 izle\u011fi T\u00fcrkiye sinemas\u0131nda kad\u0131nlar aras\u0131 deneyimlerin ne \u015fekilde temsil edildi\u011fi. Yak\u0131n okuma i\u00e7in se\u00e7ilmi\u015f d\u00f6rt film, \u0130ki Gen\u00e7 K\u0131z, Toz Bezi, Mavi Dalga ve A\u015fk, B\u00fcy\u00fc vs., kad\u0131nlar aras\u0131 deneyimleri feminist bir perspektiften in\u015fa ediyor ve do\u011frudan feminist bi\u00e7imlere ya da kameran\u0131n feminizmle \u00fcretken bir hizaya gelmesine olanak tan\u0131yorlar. Delal Yat\u00e7i\u2019nin ara\u015ft\u0131rmas\u0131, tarihsellik aray\u0131\u015f\u0131 i\u00e7inde geni\u015fliyor ve kad\u0131n \u00f6znelli\u011finin temsil bi\u00e7imlerini, kad\u0131nlar\u0131 merkeze ta\u015f\u0131yan hik\u00e2yeleri ve buna i\u015faret eden imgeleri\/sesleri ya da \u201ckad\u0131n y\u00f6netmen\u201d meselesini, yani feminist sinemaya ili\u015fkin pek \u00e7ok tart\u0131\u015fmay\u0131 T\u00fcrkiye sinemas\u0131 \u00fczerinden takip eden bir \u00e7er\u00e7eve kazan\u0131yor. B\u00f6ylelikle \u00e7al\u0131\u015fma, feminist film teorisinin ana u\u011fraklar\u0131na, k\u00fclt metinlerine, bu metinler \u00fczerine in\u015fa edilen birikimlere, \u00e7atallanmalara, ele\u015ftirel g\u00f6r\u00fc\u015flere ve \u00fcretici \u00e7eli\u015fkilere de de\u011finen bir kurguya kavu\u015fuyor. Yeni feminist tahayy\u00fcllere, yeni feminist icatlara a\u00e7\u0131labilecek imk\u00e2nlara i\u015faret eden bir yol bu. <\/p>\n","protected":false},"excerpt":{"rendered":"<p>Sabiha\u2019n\u0131n K\u0131z Karde\u015fleri\u2019nin ba\u015flang\u0131\u00e7 izle\u011fi T\u00fcrkiye sinemas\u0131nda kad\u0131nlar aras\u0131 deneyimlerin ne \u015fekilde temsil edildi\u011fi. Yak\u0131n okuma i\u00e7in se\u00e7ilmi\u015f d\u00f6rt film, \u0130ki Gen\u00e7 K\u0131z, Toz Bezi, Mavi<span class=\"excerpt-hellip\"> [\u2026]<\/span><\/p>\n","protected":false},"featured_media":0,"template":"","meta":{"_monsterinsights_skip_tracking":false,"_monsterinsights_sitenote_active":false,"_monsterinsights_sitenote_note":"","_monsterinsights_sitenote_category":0},"product_brand":[],"product_cat":[13252,12324],"product_tag":[],"class_list":{"0":"post-756909","1":"product","2":"type-product","3":"status-publish","5":"product_cat-kadin-calismalari","6":"product_cat-sosyoloji","7":"pa_cilt-ciltsiz","8":"pa_tur-kitap","9":"pa_yayinevi-metis-yayinlari","10":"pa_yazar-delal-yatci","12":"first","13":"instock","14":"sale","15":"shipping-taxable","16":"purchasable","17":"product-type-simple"},"_links":{"self":[{"href":"https:\/\/roveyayinevi.com.tr\/index.php\/wp-json\/wp\/v2\/product\/756909","targetHints":{"allow":["GET"]}}],"collection":[{"href":"https:\/\/roveyayinevi.com.tr\/index.php\/wp-json\/wp\/v2\/product"}],"about":[{"href":"https:\/\/roveyayinevi.com.tr\/index.php\/wp-json\/wp\/v2\/types\/product"}],"wp:attachment":[{"href":"https:\/\/roveyayinevi.com.tr\/index.php\/wp-json\/wp\/v2\/media?parent=756909"}],"wp:term":[{"taxonomy":"product_brand","embeddable":true,"href":"https:\/\/roveyayinevi.com.tr\/index.php\/wp-json\/wp\/v2\/product_brand?post=756909"},{"taxonomy":"product_cat","embeddable":true,"href":"https:\/\/roveyayinevi.com.tr\/index.php\/wp-json\/wp\/v2\/product_cat?post=756909"},{"taxonomy":"product_tag","embeddable":true,"href":"https:\/\/roveyayinevi.com.tr\/index.php\/wp-json\/wp\/v2\/product_tag?post=756909"}],"curies":[{"name":"wp","href":"https:\/\/api.w.org\/{rel}","templated":true}]}}