{"id":756908,"date":"2025-08-28T07:21:04","date_gmt":"2025-08-28T04:21:04","guid":{"rendered":"https:\/\/roveyayinevi.com.tr\/index.php\/urun\/multecilik-teori-ve-pratik-uzerinden-bir-inceleme\/"},"modified":"2026-04-16T03:10:00","modified_gmt":"2026-04-16T00:10:00","slug":"multecilik-teori-ve-pratik-uzerinden-bir-inceleme","status":"publish","type":"product","link":"https:\/\/roveyayinevi.com.tr\/index.php\/urun\/multecilik-teori-ve-pratik-uzerinden-bir-inceleme\/","title":{"rendered":"M\u00fcltecilik: Teori ve Pratik \u00dczerinden Bir \u0130nceleme"},"content":{"rendered":"<p>M\u00fcltecilik: Teori ve Pratik \u00dczerinden Bir \u0130nceleme, m\u00fcltecili\u011fin insan haklar\u0131yla olan ili\u015fkisine yurtta\u015fl\u0131k, egemenlik, s\u0131n\u0131r ve g\u00fcvenlik kavramlar\u0131 ba\u011flam\u0131nda ve Hannah Arendt\u2019in \u201chaklara sahip olma hakk\u0131\u201d \u00e7er\u00e7evesinden yakla\u015f\u0131yor. Birle\u015fmi\u015f Milletler ve Avrupa Birli\u011fi incelemesi \u00fczerinden de teori ile prati\u011fin bir araya gelme ko\u015fullar\u0131n\u0131 tespit ediyor.Bu kitab\u0131n en de\u011ferli yanlar\u0131ndan biri, insan haklar\u0131 ile m\u00fclteci sorunu veya -en geni\u015f anlamda- g\u00f6\u00e7 sorunu aras\u0131ndaki gerilimli ili\u015fkiyle ilgili tart\u0131\u015fmay\u0131 (\u00e7o\u011funlukla pozitivistlerinh\u00e2kim oldu\u011fu) hukuki d\u00fczeyden teorik d\u00fczeye \u00e7\u0131karmas\u0131d\u0131r.Bu y\u00f6ntem, bir \u201cyabanc\u0131n\u0131n\u201d ne oldu\u011fu ve ne yapmas\u0131na izin verildi\u011fine dair yerle\u015fik yarg\u0131lar\u0131 alt \u00fcst etmeyi m\u00fcmk\u00fcnk\u0131lmakt\u0131r.G\u00f6\u00e7 ara\u015ft\u0131rmalar\u0131nda proje \u00e7a\u011fr\u0131lar\u0131n\u0131n belirleyici oldu\u011fu, terminolojinin ba\u015fka hi\u00e7bir yerde olmad\u0131\u011f\u0131 kadar havada u\u00e7u\u015ftu\u011fu bir d\u00f6nemde yazar, insanlar aras\u0131ndaki yap\u0131sal e\u015fitsizlikleri teorik-politik bir temelden vazge\u00e7meden ger\u00e7ek\u00e7i bir \u015fekilde tasvir ediyor.<\/p>\n","protected":false},"excerpt":{"rendered":"<p>M\u00fcltecilik: Teori ve Pratik \u00dczerinden Bir \u0130nceleme, m\u00fcltecili\u011fin insan haklar\u0131yla olan ili\u015fkisine yurtta\u015fl\u0131k, egemenlik, s\u0131n\u0131r ve g\u00fcvenlik kavramlar\u0131 ba\u011flam\u0131nda ve Hannah Arendt\u2019in \u201chaklara sahip olma hakk\u0131\u201d<span class=\"excerpt-hellip\"> [\u2026]<\/span><\/p>\n","protected":false},"featured_media":0,"template":"","meta":{"_monsterinsights_skip_tracking":false,"_monsterinsights_sitenote_active":false,"_monsterinsights_sitenote_note":"","_monsterinsights_sitenote_category":0},"product_brand":[],"product_cat":[12325,12324],"product_tag":[],"class_list":{"0":"post-756908","1":"product","2":"type-product","3":"status-publish","5":"product_cat-diger-sosyoloji","6":"product_cat-sosyoloji","7":"pa_cilt-ciltsiz","8":"pa_tur-kitap","9":"pa_yayinevi-nika-yayinevi","10":"pa_yazar-muge-alacam-bocek","12":"first","13":"instock","14":"sale","15":"shipping-taxable","16":"purchasable","17":"product-type-simple"},"_links":{"self":[{"href":"https:\/\/roveyayinevi.com.tr\/index.php\/wp-json\/wp\/v2\/product\/756908","targetHints":{"allow":["GET"]}}],"collection":[{"href":"https:\/\/roveyayinevi.com.tr\/index.php\/wp-json\/wp\/v2\/product"}],"about":[{"href":"https:\/\/roveyayinevi.com.tr\/index.php\/wp-json\/wp\/v2\/types\/product"}],"wp:attachment":[{"href":"https:\/\/roveyayinevi.com.tr\/index.php\/wp-json\/wp\/v2\/media?parent=756908"}],"wp:term":[{"taxonomy":"product_brand","embeddable":true,"href":"https:\/\/roveyayinevi.com.tr\/index.php\/wp-json\/wp\/v2\/product_brand?post=756908"},{"taxonomy":"product_cat","embeddable":true,"href":"https:\/\/roveyayinevi.com.tr\/index.php\/wp-json\/wp\/v2\/product_cat?post=756908"},{"taxonomy":"product_tag","embeddable":true,"href":"https:\/\/roveyayinevi.com.tr\/index.php\/wp-json\/wp\/v2\/product_tag?post=756908"}],"curies":[{"name":"wp","href":"https:\/\/api.w.org\/{rel}","templated":true}]}}