{"id":756907,"date":"2025-08-28T07:21:02","date_gmt":"2025-08-28T04:21:02","guid":{"rendered":"https:\/\/roveyayinevi.com.tr\/index.php\/urun\/cocugun-istismari-ve-ihmali-vaka-ornekleri\/"},"modified":"2026-04-16T03:10:00","modified_gmt":"2026-04-16T00:10:00","slug":"cocugun-istismari-ve-ihmali-vaka-ornekleri","status":"publish","type":"product","link":"https:\/\/roveyayinevi.com.tr\/index.php\/urun\/cocugun-istismari-ve-ihmali-vaka-ornekleri\/","title":{"rendered":"\u00c7ocu\u011fun \u0130stismar\u0131 ve \u0130hmali: Vaka \u00d6rnekleri"},"content":{"rendered":"<p>\u00c7ocu\u011fun sa\u011fl\u0131kl\u0131 bir birey olarak geli\u015fimini tamamlayabilmesine engel olabilecek durumlardan biri de istismara ve ihmale maruz b\u0131rak\u0131lmas\u0131d\u0131r. \u00c7ocu\u011fun fiziksel, duygusal, ruhsal ve sosyal y\u00f6nlerden olumsuz etkilenme olas\u0131l\u0131\u011f\u0131 olan istismar ve ihmalden korunmas\u0131, bunlara yol a\u00e7an olas\u0131 risk fakt\u00f6rlerinin bilinmesi ve buna g\u00f6re koruyucu ve \u00f6nleyici \u00e7al\u0131\u015fmalar\u0131n geli\u015ftirilmesi a\u00e7\u0131s\u0131ndan \u00f6nemli ve gereklidir. \u00c7ocu\u011fa y\u00f6nelik ihmal ve istismar, farkl\u0131 bi\u00e7imlerde ve \u00e7ocu\u011fun bulundu\u011fu b\u00fct\u00fcn ortamlarda g\u00f6r\u00fclmekle birlikte, bu ortamlar koruyucu fakt\u00f6rler ve risk fakt\u00f6rleri a\u00e7\u0131s\u0131ndan birbirlerinden farkl\u0131la\u015fmaktad\u0131r. \u00c7ocuklar ev ortam\u0131nda aile i\u00e7inden ya da d\u0131\u015f\u0131ndan birileri taraf\u0131ndan istismar ve ihmale maruz b\u0131rak\u0131labilece\u011fi gibi, kapal\u0131 kurumlarda, sokakta, e\u011fitim ortamlar\u0131nda\/okullarda, dijital ortamlarda ve sistemlerde de, s\u00fcre\u00e7 i\u00e7erisinde istismar\u0131n ve ihmalin \u00e7e\u015fitli \u015fekilleriyle kar\u015f\u0131la\u015fabilmektedir. \u00c7ocukla \u00e7al\u0131\u015fan t\u00fcm meslek profesyonellerinin, \u00e7ocukla \u00e7al\u0131\u015fma olas\u0131l\u0131\u011f\u0131 olan \u00f6\u011frencilerin ve konuya ilgi duyan herkesin istismar ve ihmalin ger\u00e7ekle\u015fti\u011fi\/ger\u00e7ekle\u015febilece\u011fi ortamlara ili\u015fkin bilgilenmesi, riskleri fark etmek, \u00f6nlemek ve nihayetinde \u00e7ocuklar\u0131 korumak a\u00e7\u0131s\u0131ndan son derece \u00f6nemlidir. Bu kitapta, \u00e7ocuklar\u0131n istismar ve ihmale maruz b\u0131rak\u0131lma olas\u0131l\u0131\u011f\u0131 olan ortamlar, vakalar \u00f6zelinde tan\u0131mlanarak, bu ortamlar\u0131n risk fakt\u00f6r\u00fc olu\u015fturma ve \u00e7ocu\u011fun korunmas\u0131 a\u00e7\u0131s\u0131ndan i\u015flevlerine dikkat \u00e7ekilmeye \u00e7al\u0131\u015f\u0131lmaktad\u0131r. Kitab\u0131n, \u00e7ocuklar\u0131n korunmas\u0131na, onlar\u0131n korunmas\u0131ndan sorumlu olan ba\u015fta aile bireyleri ve \u00e7ocukla kar\u015f\u0131la\u015fan herkesin ihtiya\u00e7 duydu\u011fu \u00e7ocuk koruma hizmetlerinde iyile\u015ftirmeye ve sistemlerin e\u015fg\u00fcd\u00fcm i\u00e7inde \u00e7al\u0131\u015fabilmesine katk\u0131da bulunmas\u0131 dile\u011fiyle\u2026   Ev ve Aile Ortam\u0131nda \u00c7ocu\u011fun \u0130stismar\u0131 ve \u0130hmali-Aile \u0130\u00e7i \u0130stismarda Ensest Vaka \u00d6rne\u011fi P\u0131nar \u00d6zdemir \u2022 \u00c7ocu\u011fun Ticari Cinsel \u0130stismar\u0131 G\u00fcng\u00f6r \u00c7abuk \u2022 Koruyucu Aile Yan\u0131nda Kalan \u00c7ocuklar Ferda Karada\u011fE\u011fitim Ortamlar\u0131nda \u00c7ocu\u011fun \u0130stismar\u0131 ve \u0130hmali-Orta E\u011fitim Kurumlar\u0131nda \u00c7ocu\u011fun \u0130hmal ve \u0130stismar\u0131 \u00d6zg\u00fcr Sa\u011flam \u2022 Cinsel \u0130stismar: \u00dcniversite \u00d6\u011frencileri Ay\u015fe K\u0131z\u0131lta\u015f-Kurumsal Ortamlarda \u00c7ocu\u011fun \u0130stismar\u0131 ve \u0130hmali-Yat\u0131l\u0131 Sosyal Hizmet Kurulu\u015flar\u0131nda \u0130hmal ve \u0130stismar Figen Pasl\u0131 \u2022 5395 Say\u0131l\u0131 \u00c7ocuk Koruma Kanununun Uygulama S\u00fcre\u00e7lerinde Ya\u015fanan \u0130hmal ve \u0130stismar Hacer Ta\u015fk\u0131ran Tepe-\u00c7ocuklar\u0131n \u00d6zg\u00fcrl\u00fcklerinden Yoksun B\u0131rak\u0131ld\u0131\u011f\u0131  Ortamlarda \u0130stismar\u0131 ve \u0130hmali-Ceza \u0130nfaz Kurumlar\u0131nda \u0130hmal ve \u0130stismar Zeki Karata\u015f \u2022 Aile Hukuku Davalar\u0131nda \u00c7ocuk \u0130hmal ve \u0130stismar\u0131: Ebeveyne Yabanc\u0131la\u015fma Sendromu Derya Kayma-Kamusal Alanda ve \u00c7al\u0131\u015fma Ortamlar\u0131nda \u00c7ocu\u011fun \u0130stismar\u0131 ve \u0130hmali-Kamusal Alanda \u00c7ocu\u011fun Cinsel \u0130stismar\u0131: Pedofili Ayten Kaya K\u0131l\u0131\u00e7, Mine Ersoy \u2022 \u00c7al\u0131\u015ft\u0131r\u0131lan \u00c7ocuklar\u0131n \u0130hmal ve \u0130stismar\u0131  Derya Kayma,  Semra Saru\u00e7-Dijital Ortamlarda \u00c7ocu\u011fun \u0130stismar\u0131 ve \u0130hmali-Ebeveynlerin \u00c7ocuklar\u0131 Dijital Ortamlarda \u0130stismar\u0131 G\u00f6khan Yanar <\/p>\n","protected":false},"excerpt":{"rendered":"<p>\u00c7ocu\u011fun sa\u011fl\u0131kl\u0131 bir birey olarak geli\u015fimini tamamlayabilmesine engel olabilecek durumlardan biri de istismara ve ihmale maruz b\u0131rak\u0131lmas\u0131d\u0131r. \u00c7ocu\u011fun fiziksel, duygusal, ruhsal ve sosyal y\u00f6nlerden olumsuz etkilenme<span class=\"excerpt-hellip\"> [\u2026]<\/span><\/p>\n","protected":false},"featured_media":0,"template":"","meta":{"_monsterinsights_skip_tracking":false,"_monsterinsights_sitenote_active":false,"_monsterinsights_sitenote_note":"","_monsterinsights_sitenote_category":0},"product_brand":[],"product_cat":[12679,12357],"product_tag":[],"class_list":{"0":"post-756907","1":"product","2":"type-product","3":"status-publish","5":"product_cat-cocuk-psikolojisi","6":"product_cat-psikoloji","7":"pa_cilt-ciltsiz","8":"pa_tur-kitap","9":"pa_yayinevi-nika-yayinevi","10":"pa_yazar-figen-pasli-husnunur-aslanturk","12":"first","13":"instock","14":"sale","15":"shipping-taxable","16":"purchasable","17":"product-type-simple"},"_links":{"self":[{"href":"https:\/\/roveyayinevi.com.tr\/index.php\/wp-json\/wp\/v2\/product\/756907","targetHints":{"allow":["GET"]}}],"collection":[{"href":"https:\/\/roveyayinevi.com.tr\/index.php\/wp-json\/wp\/v2\/product"}],"about":[{"href":"https:\/\/roveyayinevi.com.tr\/index.php\/wp-json\/wp\/v2\/types\/product"}],"wp:attachment":[{"href":"https:\/\/roveyayinevi.com.tr\/index.php\/wp-json\/wp\/v2\/media?parent=756907"}],"wp:term":[{"taxonomy":"product_brand","embeddable":true,"href":"https:\/\/roveyayinevi.com.tr\/index.php\/wp-json\/wp\/v2\/product_brand?post=756907"},{"taxonomy":"product_cat","embeddable":true,"href":"https:\/\/roveyayinevi.com.tr\/index.php\/wp-json\/wp\/v2\/product_cat?post=756907"},{"taxonomy":"product_tag","embeddable":true,"href":"https:\/\/roveyayinevi.com.tr\/index.php\/wp-json\/wp\/v2\/product_tag?post=756907"}],"curies":[{"name":"wp","href":"https:\/\/api.w.org\/{rel}","templated":true}]}}