{"id":756906,"date":"2025-08-28T07:21:01","date_gmt":"2025-08-28T04:21:01","guid":{"rendered":"https:\/\/roveyayinevi.com.tr\/index.php\/urun\/kirsal-sosyal-hizmet-kavramlar-teori-ve-uygulama\/"},"modified":"2026-04-16T03:10:00","modified_gmt":"2026-04-16T00:10:00","slug":"kirsal-sosyal-hizmet-kavramlar-teori-ve-uygulama","status":"publish","type":"product","link":"https:\/\/roveyayinevi.com.tr\/index.php\/urun\/kirsal-sosyal-hizmet-kavramlar-teori-ve-uygulama\/","title":{"rendered":"K\u0131rsal Sosyal Hizmet: Kavramlar, Teori ve Uygulama"},"content":{"rendered":"<p>K\u0131rsalda ya\u015fam, insanlar\u0131n farkl\u0131la\u015fan k\u00fclt\u00fcrlerini, \u00f6zelliklerini ve ya\u015fam pratiklerini ihtiva eden e\u015fsiz deneyimler bar\u0131nd\u0131rmaktad\u0131r. K\u0131rsal alanlarda ya\u015fayan insanlar\u0131n ihtiya\u00e7lar\u0131n\u0131n, problemlerinin, potansiyellerinin ve ba\u015f etme mekanizmalar\u0131n\u0131n -insan\u0131 oda\u011fa alan yap\u0131s\u0131yla- sosyal hizmet bilimi ve mesle\u011fi taraf\u0131ndan anla\u015f\u0131lmas\u0131 \u00f6nem arz etmektedir. \u201cK\u0131rsal Sosyal Hizmet: Kavramlar, Teori ve Uygulama\u201d ba\u015fl\u0131kl\u0131 bu eser, k\u0131rsal alanlarda sosyal hizmetin derinliklerine inmekte ve bu alandaki kavramlar\u0131, teorileri ve uygulamalar\u0131 ele almaktad\u0131r. Ayn\u0131 zamanda, k\u0131rsal b\u00f6lgelerde ya\u015fayan bireyler, gruplar, aileler ve toplumlar\u0131n \u00f6zg\u00fcn sosyal sorunlar\u0131n\u0131 incelemek, toplumsal dayan\u0131\u015fma uygulamalar\u0131n\u0131 anlamak ve bu alana \u00f6zg\u00fc sosyal hizmet yakla\u015f\u0131mlar\u0131n\u0131 ele almak suretiyle k\u0131rsal b\u00f6lgelerde sosyal hizmetin etkili bir bi\u00e7imde nas\u0131l uygulanabilece\u011fini ara\u015ft\u0131rmaktad\u0131r. Yazar, bu kitapta k\u0131rsal sosyal hizmetin temel teorilerini ve uygulama y\u00f6ntemlerini detayl\u0131 bir \u015fekilde a\u00e7\u0131klamaktad\u0131r. Ger\u00e7ek hayattan \u00f6rnekler ve vaka sunumlar\u0131 ile zenginle\u015ftirilen kitap, k\u0131rsal sosyal hizmetin pratik y\u00f6nlerini ayd\u0131nlatan, k\u0131rsal alanlarda sosyal hizmetin \u00f6nemini vurgulayan, bu alandaki meslek elemanlar\u0131n\u0131n ve \u00f6\u011frencilerin temel bilgilerini geli\u015ftirmelerine yard\u0131mc\u0131 olmay\u0131 ama\u00e7layan bir kaynakt\u0131r. Bu kitap, k\u0131rsal alanlarda sosyal hizmeti daha iyi anlama ve bu alanlarda daha fazla etki yaratma yolculu\u011funda bulunmak isteyen sosyal hizmet uzmanlar\u0131, \u00f6\u011frenciler ve alana ilgi duyan ara\u015ft\u0131rmac\u0131lar i\u00e7in bir rehber olarak tasarlanm\u0131\u015ft\u0131r. <\/p>\n","protected":false},"excerpt":{"rendered":"<p>K\u0131rsalda ya\u015fam, insanlar\u0131n farkl\u0131la\u015fan k\u00fclt\u00fcrlerini, \u00f6zelliklerini ve ya\u015fam pratiklerini ihtiva eden e\u015fsiz deneyimler bar\u0131nd\u0131rmaktad\u0131r. K\u0131rsal alanlarda ya\u015fayan insanlar\u0131n ihtiya\u00e7lar\u0131n\u0131n, problemlerinin, potansiyellerinin ve ba\u015f etme mekanizmalar\u0131n\u0131n -insan\u0131<span class=\"excerpt-hellip\"> [\u2026]<\/span><\/p>\n","protected":false},"featured_media":0,"template":"","meta":{"_monsterinsights_skip_tracking":false,"_monsterinsights_sitenote_active":false,"_monsterinsights_sitenote_note":"","_monsterinsights_sitenote_category":0},"product_brand":[],"product_cat":[12325,12324],"product_tag":[],"class_list":{"0":"post-756906","1":"product","2":"type-product","3":"status-publish","5":"product_cat-diger-sosyoloji","6":"product_cat-sosyoloji","7":"pa_cilt-ciltsiz","8":"pa_tur-kitap","9":"pa_yayinevi-nika-yayinevi","10":"pa_yazar-serif-uzunaslan","12":"first","13":"instock","14":"sale","15":"shipping-taxable","16":"purchasable","17":"product-type-simple"},"_links":{"self":[{"href":"https:\/\/roveyayinevi.com.tr\/index.php\/wp-json\/wp\/v2\/product\/756906","targetHints":{"allow":["GET"]}}],"collection":[{"href":"https:\/\/roveyayinevi.com.tr\/index.php\/wp-json\/wp\/v2\/product"}],"about":[{"href":"https:\/\/roveyayinevi.com.tr\/index.php\/wp-json\/wp\/v2\/types\/product"}],"wp:attachment":[{"href":"https:\/\/roveyayinevi.com.tr\/index.php\/wp-json\/wp\/v2\/media?parent=756906"}],"wp:term":[{"taxonomy":"product_brand","embeddable":true,"href":"https:\/\/roveyayinevi.com.tr\/index.php\/wp-json\/wp\/v2\/product_brand?post=756906"},{"taxonomy":"product_cat","embeddable":true,"href":"https:\/\/roveyayinevi.com.tr\/index.php\/wp-json\/wp\/v2\/product_cat?post=756906"},{"taxonomy":"product_tag","embeddable":true,"href":"https:\/\/roveyayinevi.com.tr\/index.php\/wp-json\/wp\/v2\/product_tag?post=756906"}],"curies":[{"name":"wp","href":"https:\/\/api.w.org\/{rel}","templated":true}]}}