{"id":756905,"date":"2025-08-28T07:21:00","date_gmt":"2025-08-28T04:21:00","guid":{"rendered":"https:\/\/roveyayinevi.com.tr\/index.php\/urun\/parcalanmis-kentsel-mekan-bellekten-politikaya-metaverseten-sinemaya\/"},"modified":"2026-04-16T03:10:00","modified_gmt":"2026-04-16T00:10:00","slug":"parcalanmis-kentsel-mekan-bellekten-politikaya-metaverseten-sinemaya","status":"publish","type":"product","link":"https:\/\/roveyayinevi.com.tr\/index.php\/urun\/parcalanmis-kentsel-mekan-bellekten-politikaya-metaverseten-sinemaya\/","title":{"rendered":"Par\u00e7alanm\u0131\u015f Kentsel Mekan: Bellekten Politikaya, Metaverse\u2019ten Sinemaya"},"content":{"rendered":"<p>D\u00fc\u015flerin, feryatlar\u0131n, arzular\u0131n ve korkular\u0131n diyar\u0131 olarak g\u00fcn\u00fcm\u00fcz kentlerini sorun edinmek. Modern kent olgusunun birka\u00e7 as\u0131rl\u0131k tarihinde kentsel ger\u00e7ekli\u011fe farkl\u0131 yakla\u015f\u0131mlar \u0131\u015f\u0131\u011f\u0131nda temas etmek teorinin g\u00fcndemini s\u0131k\u00e7a me\u015fgul etmi\u015ftir. Mek\u00e2n\u0131n manifestosunu yazan Henri Lefebvre kenti hak, talep ve feryat \u00fc\u00e7l\u00fcs\u00fcyle temsil olunan diyalektik bir \u00f6r\u00fcnt\u00fc olarak sunar. G\u00fcn\u00fcm\u00fcz kentle\u015fmesinin \u00f6zellikle az geli\u015fmi\u015f ya da geli\u015fmekte olan \u00fclkelerdeki temel sorunlar\u0131ndan birisi olarak gecekondula\u015fmaya dikkat \u00e7eken Mike Davis ise kenti Ha\u00e7l\u0131 seferlerinin bir uzant\u0131s\u0131 olarak okur. Korkular kadar medeniyetin de mek\u00e2nlar\u0131 olan kentler \u00e7eli\u015fkili durumlara oldu\u011fu kadar yeni deneyimlere de imk\u00e2n tan\u0131rlar.  T\u00fcm bu y\u00f6nleriyle g\u00fcn\u00fcm\u00fcz kentleri can s\u0131k\u0131nt\u0131lar\u0131, hayaller, hayal k\u0131r\u0131kl\u0131klar\u0131, t\u00fcrl\u00fc \u00e7\u0131lg\u0131nl\u0131klar yoluyla insan ve mek\u00e2n aras\u0131ndaki kesintisiz ili\u015fkinin gizemli arenas\u0131d\u0131r. Elinizdeki bu derleme kitap g\u00fcn\u00fcm\u00fcz kentli insan\u0131n\u0131n tan\u0131kl\u0131k etti\u011fi farkl\u0131 durumlara dairdir. Bu durumlar, modern kent \u00fclk\u00fcs\u00fcn\u00fc kentli bir toplum idealiyle ger\u00e7ekle\u015ftirme tasar\u0131s\u0131n\u0131n yerle bir oldu\u011fu durumlard\u0131r. Kitaptaki yaz\u0131lar, bir yandan toplumsal varl\u0131\u011f\u0131yla b\u00fct\u00fcnle\u015fmek yerine par\u00e7alanan kentin \u00e7e\u015fitli kesitlerine \u0131\u015f\u0131k tutmaktad\u0131r. Di\u011fer yandan par\u00e7alanman\u0131n izlerini bellek, politika, sanat ve hayali d\u00fcnyalarda aramaktad\u0131r. Bu y\u00f6n\u00fcyle kitap, okuru par\u00e7alanan kent deneyimini ya\u015famaya ve sorgulamaya bir davet niteli\u011findedir. Ecdad\u0131n \u0130zinde: \u201cYeni\u201d T\u00fcrkiye\u2019de \u2018Milli \u0130hya\u2019 ve Alt\u0131n-\u00c7a\u011f Mitini Mek\u00e2n \u00dczerinden Okumak Mustafa Do\u011fano\u011flu \u2022 Kenti Bir \u0130stisna Olarak D\u00fc\u015f\u00fcnmek Halil Ecer \u2022 T\u00fcrkiye\u2019de Kentsel Politikalar\u0131n Da\u011f\u0131n\u0131k\/Karma\u015f\u0131k Ekolojisinde Yerel y\u00f6netimler Tolgahan Ayd\u0131ner \u2022 Hayat\u00ee Mek\u00e2n: \u0130z B\u0131rakma\u2019da Kentin Politik Ekolojisi Ahmet Emin B\u00fclb\u00fcl \u2022 Mek\u00e2nsal Ayr\u0131\u015fman\u0131n \u0130zinde: Heterotopya ve Metaverse \u00c7\u0131lg\u0131nl\u0131\u011f\u0131   Senem Kurtar, Ceyda Kurtar Anl\u0131 \u2022 Korku \u015eehrinin Sokaklar\u0131: Kent Distopyalar\u0131 Sinem \u015eahin Ye\u015fil \u2022 Ve Nar \u00e7atlad\u0131!  Zehra \u00c2z\u00e2de Soysal <\/p>\n","protected":false},"excerpt":{"rendered":"<p>D\u00fc\u015flerin, feryatlar\u0131n, arzular\u0131n ve korkular\u0131n diyar\u0131 olarak g\u00fcn\u00fcm\u00fcz kentlerini sorun edinmek. Modern kent olgusunun birka\u00e7 as\u0131rl\u0131k tarihinde kentsel ger\u00e7ekli\u011fe farkl\u0131 yakla\u015f\u0131mlar \u0131\u015f\u0131\u011f\u0131nda temas etmek teorinin g\u00fcndemini<span class=\"excerpt-hellip\"> [\u2026]<\/span><\/p>\n","protected":false},"featured_media":0,"template":"","meta":{"_monsterinsights_skip_tracking":false,"_monsterinsights_sitenote_active":false,"_monsterinsights_sitenote_note":"","_monsterinsights_sitenote_category":0},"product_brand":[],"product_cat":[12767,12324],"product_tag":[],"class_list":{"0":"post-756905","1":"product","2":"type-product","3":"status-publish","5":"product_cat-kentlesme-modernlesme","6":"product_cat-sosyoloji","7":"pa_cilt-ciltsiz","8":"pa_tur-kitap","9":"pa_yayinevi-nika-yayinevi","10":"pa_yazar-senem-kurtar-ceyda-kurtar-anli","12":"first","13":"instock","14":"sale","15":"shipping-taxable","16":"purchasable","17":"product-type-simple"},"_links":{"self":[{"href":"https:\/\/roveyayinevi.com.tr\/index.php\/wp-json\/wp\/v2\/product\/756905","targetHints":{"allow":["GET"]}}],"collection":[{"href":"https:\/\/roveyayinevi.com.tr\/index.php\/wp-json\/wp\/v2\/product"}],"about":[{"href":"https:\/\/roveyayinevi.com.tr\/index.php\/wp-json\/wp\/v2\/types\/product"}],"wp:attachment":[{"href":"https:\/\/roveyayinevi.com.tr\/index.php\/wp-json\/wp\/v2\/media?parent=756905"}],"wp:term":[{"taxonomy":"product_brand","embeddable":true,"href":"https:\/\/roveyayinevi.com.tr\/index.php\/wp-json\/wp\/v2\/product_brand?post=756905"},{"taxonomy":"product_cat","embeddable":true,"href":"https:\/\/roveyayinevi.com.tr\/index.php\/wp-json\/wp\/v2\/product_cat?post=756905"},{"taxonomy":"product_tag","embeddable":true,"href":"https:\/\/roveyayinevi.com.tr\/index.php\/wp-json\/wp\/v2\/product_tag?post=756905"}],"curies":[{"name":"wp","href":"https:\/\/api.w.org\/{rel}","templated":true}]}}