{"id":756904,"date":"2025-08-28T07:20:58","date_gmt":"2025-08-28T04:20:58","guid":{"rendered":"https:\/\/roveyayinevi.com.tr\/index.php\/urun\/gitmek-ve-donmek-arasinda-turkiyede-yeni-nesil-beyin-gocu\/"},"modified":"2026-04-16T03:10:00","modified_gmt":"2026-04-16T00:10:00","slug":"gitmek-ve-donmek-arasinda-turkiyede-yeni-nesil-beyin-gocu","status":"publish","type":"product","link":"https:\/\/roveyayinevi.com.tr\/index.php\/urun\/gitmek-ve-donmek-arasinda-turkiyede-yeni-nesil-beyin-gocu\/","title":{"rendered":"Gitmek ve D\u00f6nmek Aras\u0131nda: T\u00fcrkiye\u2019de Yeni Nesil Beyin G\u00f6\u00e7\u00fc"},"content":{"rendered":"<p>\u00dcniversitede okurken yurtd\u0131\u015f\u0131 hayali kuran gen\u00e7ler, her sene artan say\u0131da mesleki sicil kayd\u0131 almak i\u00e7in ba\u015fvuran doktorlar, hayat\u0131na ba\u015fka \u00fclkelerde devam eden sanat\u00e7\u0131lar, gazeteciler, akademisyenler, yaz\u0131l\u0131mc\u0131lar, m\u00fchendisler\u2026 Bu kitapta okuyaca\u011f\u0131n\u0131z 13 makale g\u00fcn\u00fcm\u00fcz T\u00fcrkiye\u2019sinin \u00f6nemli meselelerinden biri olan y\u00fcksek nitelikli ki\u015filerin g\u00f6\u00e7 ve hareketlilik pratiklerine odaklan\u0131yor. Farkl\u0131 bilimsel arka planlardan gelen yazarlar, y\u00fcksek nitelikli g\u00f6\u00e7 olgusunu basit\u00e7e bir kay\u0131p-kazan\u00e7 hesab\u0131 \u00e7er\u00e7evesinde de\u011ferlendirmekten ka\u00e7\u0131narak; meselenin hem bireysel tercihler hem de yap\u0131sal sorunlar \u00e7er\u00e7evesinde nas\u0131l \u015fekillendi\u011fini g\u00f6steriyorlar. Y\u00fcksek nitelikli ki\u015filer yabanc\u0131 \u00fclkelere g\u00f6\u00e7 ettikleri gibi, ko\u015fullar ve beklentilerdeki de\u011fi\u015fimle beraber k\u00f6ken \u00fclkelerine de d\u00f6nebiliyorlar. Bu nedenle bu kitapta beyin g\u00f6\u00e7\u00fc sorunu, \u201cgidenler\u201d ve \u201cd\u00f6nenler\u201d meselesine odaklanmak \u00fczere T\u00fcrkiye\u2019den yurtd\u0131\u015f\u0131na ve T\u00fcrkiye&#8217;ye geri g\u00f6\u00e7 olarak iki ayr\u0131 b\u00f6l\u00fcmde ele al\u0131n\u0131yor. G\u00fcn\u00fcm\u00fcz T\u00fcrkiye\u2019sinde Beyin G\u00f6\u00e7\u00fc Didem Dan\u0131\u015f \u2022 Y\u00fcksek Nitelikli G\u00f6\u00e7 Ara\u015ft\u0131rmalar\u0131: Geli\u015fen Bir Literat\u00fcr Elif Akta\u015f-\u00c7elik  \u2022 Avrupa\u2019daki T\u00fcrkiyeli Y\u00fcksek E\u011fitimli G\u00f6\u00e7menler: Kavramsal Bir Bak\u0131\u015f Zeynep Yana\u015fmayan  \u2022 T\u00fcrkiye\u2019den Beyin G\u00f6\u00e7\u00fcn\u00fcn Toplumsal Cinsiyet Boyutu Adem Yavuz Elveren, G\u00fclay Toks\u00f6z &amp; Nursel Durmaz Bodur \u2022 T\u00fcrkiye\u2019nin Yeni Nesil Nitelikli Emek G\u00f6\u00e7\u00fc: Berlin\u2019de \u2018Yeni Dalga\u2019 Bur\u00e7e Orhan \u2022 Almanya\u2019da Y\u00fcksek Nitelikli G\u00f6\u00e7menlerin G\u00fcndelik Hayat Deneyimleri ve Ba\u015f Etme S\u00fcre\u00e7leri G\u00fczin A\u011fca Varo\u011flu \u2022 T\u00fcrkiye\u2019den Almanya\u2019ya G\u00f6\u00e7\u00fcn De\u011fi\u015fen Y\u00fcz\u00fcn\u00fc Yeniden D\u00fc\u015f\u00fcnmek G\u00fclay T\u00fcrkmen \u2022 Avrupa\u2019da Y\u00fcksek E\u011fitimli \u0130kinci Ku\u015fak  Elif Keskiner \u2022 Geriye G\u00f6\u00e7 ve \u2018Nitelikli\u2019 Geriye G\u00f6\u00e7 Ara\u015ft\u0131rmalar\u0131na Bir Bak\u0131\u015f ve Bibliyografi \u00c7al\u0131\u015fmas\u0131 Zehra Hopyar  \u2022 Geriye G\u00f6\u00e7 \u00dczerine Teori ve Modeller: Avrupa\u2019dan T\u00fcrkiye\u2019ye Kesin D\u00f6n\u00fc\u015f Filiz K\u00fcn\u00fcro\u011flu \u2022 Geriye G\u00f6\u00e7 Sebebi Olarak Alg\u0131lanan Ayr\u0131mc\u0131l\u0131k: ABD ve Almanya\u2019dan D\u00f6nen Y\u00fcksek Nitelikli T\u00fcrkiyeli G\u00f6\u00e7menler Meltem Y\u0131lmaz \u015eener \u2022 \u201cAilem Misafir \u0130\u015f\u00e7i Olarak Gitti, Ben Doktor Olarak D\u00f6nd\u00fcm\u201d: Almanya\u2019dan T\u00fcrkiye\u2019ye Nitelikli \u2018Geri D\u00f6n\u00fc\u015f\u2019 G\u00f6\u00e7\u00fc Nilay K\u0131l\u0131n\u00e7 \u2022 Tersine Beyin G\u00f6\u00e7\u00fcnde Sosyal A\u011flar\u0131n Rol\u00fc: T\u00fcrkiyeli M\u00fchendislerin Almanya&#8217;dan Geriye G\u00f6\u00e7 Deneyim ve Alg\u0131lar\u0131 Ula\u015f Sunata \u2022 Dil ve Toplumsal Cinsiyet Ekseninde Geriye G\u00f6\u00e7 Deneyimlerine Bakmak: Avrupa&#8217;dan D\u00f6nen Nitelikli T\u00fcrk G\u00f6\u00e7men Kad\u0131nlar\u0131n Dil ve Kimlik Anlat\u0131lar\u0131 Yasemin Erdo\u011fan <\/p>\n","protected":false},"excerpt":{"rendered":"<p>\u00dcniversitede okurken yurtd\u0131\u015f\u0131 hayali kuran gen\u00e7ler, her sene artan say\u0131da mesleki sicil kayd\u0131 almak i\u00e7in ba\u015fvuran doktorlar, hayat\u0131na ba\u015fka \u00fclkelerde devam eden sanat\u00e7\u0131lar, gazeteciler, akademisyenler, yaz\u0131l\u0131mc\u0131lar,<span class=\"excerpt-hellip\"> [\u2026]<\/span><\/p>\n","protected":false},"featured_media":0,"template":"","meta":{"_monsterinsights_skip_tracking":false,"_monsterinsights_sitenote_active":false,"_monsterinsights_sitenote_note":"","_monsterinsights_sitenote_category":0},"product_brand":[],"product_cat":[12325,12324],"product_tag":[],"class_list":{"0":"post-756904","1":"product","2":"type-product","3":"status-publish","5":"product_cat-diger-sosyoloji","6":"product_cat-sosyoloji","7":"pa_cilt-ciltsiz","8":"pa_tur-kitap","9":"pa_yayinevi-nika-yayinevi","10":"pa_yazar-didem-danis","12":"first","13":"instock","14":"sale","15":"shipping-taxable","16":"purchasable","17":"product-type-simple"},"_links":{"self":[{"href":"https:\/\/roveyayinevi.com.tr\/index.php\/wp-json\/wp\/v2\/product\/756904","targetHints":{"allow":["GET"]}}],"collection":[{"href":"https:\/\/roveyayinevi.com.tr\/index.php\/wp-json\/wp\/v2\/product"}],"about":[{"href":"https:\/\/roveyayinevi.com.tr\/index.php\/wp-json\/wp\/v2\/types\/product"}],"wp:attachment":[{"href":"https:\/\/roveyayinevi.com.tr\/index.php\/wp-json\/wp\/v2\/media?parent=756904"}],"wp:term":[{"taxonomy":"product_brand","embeddable":true,"href":"https:\/\/roveyayinevi.com.tr\/index.php\/wp-json\/wp\/v2\/product_brand?post=756904"},{"taxonomy":"product_cat","embeddable":true,"href":"https:\/\/roveyayinevi.com.tr\/index.php\/wp-json\/wp\/v2\/product_cat?post=756904"},{"taxonomy":"product_tag","embeddable":true,"href":"https:\/\/roveyayinevi.com.tr\/index.php\/wp-json\/wp\/v2\/product_tag?post=756904"}],"curies":[{"name":"wp","href":"https:\/\/api.w.org\/{rel}","templated":true}]}}