{"id":756902,"date":"2025-08-28T07:20:54","date_gmt":"2025-08-28T04:20:54","guid":{"rendered":"https:\/\/roveyayinevi.com.tr\/index.php\/urun\/golgeli-muhabbetler\/"},"modified":"2026-04-16T03:10:00","modified_gmt":"2026-04-16T00:10:00","slug":"golgeli-muhabbetler","status":"publish","type":"product","link":"https:\/\/roveyayinevi.com.tr\/index.php\/urun\/golgeli-muhabbetler\/","title":{"rendered":"G\u00f6lgeli Muhabbetler"},"content":{"rendered":"<p>Bak ne anlataca\u011f\u0131m, diyorum kar\u015f\u0131mdaym\u0131\u015fs\u0131n gibi ve sen g\u00fclmeye \u2013yok l\u0131k\u0131rdamaya\u2013 haz\u0131r bir y\u00fczle bak\u0131yormu\u015fsun gibi. Belki de ku\u015fkuyla bakacaks\u0131n \u00e7\u00fcnk\u00fc son g\u00fcnlerde pek keyfin yoktu, beni dinliyormu\u015f gibi yap\u0131yordun ama akl\u0131n ba\u015fka yerdeydi. Senin eski halini, her \u015feye bo\u015f veren, d\u00fcnya umurunda de\u011filmi\u015f gibi l\u0131k\u0131r l\u0131k\u0131r g\u00fcl\u00fc\u015f\u00fcn\u00fc, sa\u00e7ma sapan sorular\u0131n\u0131 ve g\u00f6lgeli muhabbetlerimizi \u00e7ok \u00f6zledim. Bu zorlama olacak, biliyorum, yine de denemek istiyorum.   1983\u2019te yay\u0131mlanan ilk kitab\u0131 Pazar G\u00fcne\u015fi\u2019nden beri bize en olmayacak yerlerden, hi\u00e7 beklemedi\u011fimiz zamanlardan, asla ummad\u0131\u011f\u0131m\u0131z ki\u015filerden bulup \u00e7\u0131kar\u0131verdi\u011fi \u00f6yk\u00fcleri anlatan Cemil Kavuk\u00e7u, G\u00f6lgeli Muhabbetler\u2019de de hik\u00e2yesine kald\u0131\u011f\u0131 yerden devam ediyor.   Tek ba\u015f\u0131na da ayakta duran ama birbirine sata\u015fmadan da edemeyen, sonuna gelindi\u011finde okuyan\u0131 bir dostla vedala\u015fm\u0131\u015f gibi h\u00fcz\u00fcnlendiren \u00f6yk\u00fcler bunlar. Cemil Kavuk\u00e7u, on y\u0131llard\u0131r yazd\u0131klar\u0131yla gen\u00e7 yazarlara \u00f6nemli bir ders veriyor: \u00d6yk\u00fc \u00e7ok da uzakta de\u011fil.    #muhabbet #arkada\u015fl\u0131k #gen\u00e7lik #kamp #hikaye #hat\u0131ra #yolculuk <\/p>\n","protected":false},"excerpt":{"rendered":"<p>Bak ne anlataca\u011f\u0131m, diyorum kar\u015f\u0131mdaym\u0131\u015fs\u0131n gibi ve sen g\u00fclmeye \u2013yok l\u0131k\u0131rdamaya\u2013 haz\u0131r bir y\u00fczle bak\u0131yormu\u015fsun gibi. Belki de ku\u015fkuyla bakacaks\u0131n \u00e7\u00fcnk\u00fc son g\u00fcnlerde pek keyfin yoktu,<span class=\"excerpt-hellip\"> [\u2026]<\/span><\/p>\n","protected":false},"featured_media":0,"template":"","meta":{"_monsterinsights_skip_tracking":false,"_monsterinsights_sitenote_active":false,"_monsterinsights_sitenote_note":"","_monsterinsights_sitenote_category":0},"product_brand":[],"product_cat":[12291,12711],"product_tag":[],"class_list":{"0":"post-756902","1":"product","2":"type-product","3":"status-publish","5":"product_cat-edebiyat","6":"product_cat-roman-oyku","7":"pa_cilt-ciltsiz","8":"pa_tur-kitap","9":"pa_yayinevi-can-yayinlari","10":"pa_yazar-cemil-kavukcu","12":"first","13":"instock","14":"sale","15":"shipping-taxable","16":"purchasable","17":"product-type-simple"},"_links":{"self":[{"href":"https:\/\/roveyayinevi.com.tr\/index.php\/wp-json\/wp\/v2\/product\/756902","targetHints":{"allow":["GET"]}}],"collection":[{"href":"https:\/\/roveyayinevi.com.tr\/index.php\/wp-json\/wp\/v2\/product"}],"about":[{"href":"https:\/\/roveyayinevi.com.tr\/index.php\/wp-json\/wp\/v2\/types\/product"}],"wp:attachment":[{"href":"https:\/\/roveyayinevi.com.tr\/index.php\/wp-json\/wp\/v2\/media?parent=756902"}],"wp:term":[{"taxonomy":"product_brand","embeddable":true,"href":"https:\/\/roveyayinevi.com.tr\/index.php\/wp-json\/wp\/v2\/product_brand?post=756902"},{"taxonomy":"product_cat","embeddable":true,"href":"https:\/\/roveyayinevi.com.tr\/index.php\/wp-json\/wp\/v2\/product_cat?post=756902"},{"taxonomy":"product_tag","embeddable":true,"href":"https:\/\/roveyayinevi.com.tr\/index.php\/wp-json\/wp\/v2\/product_tag?post=756902"}],"curies":[{"name":"wp","href":"https:\/\/api.w.org\/{rel}","templated":true}]}}