{"id":756901,"date":"2025-08-28T07:20:53","date_gmt":"2025-08-28T04:20:53","guid":{"rendered":"https:\/\/roveyayinevi.com.tr\/index.php\/urun\/utz\/"},"modified":"2026-04-16T03:10:00","modified_gmt":"2026-04-16T00:10:00","slug":"utz","status":"publish","type":"product","link":"https:\/\/roveyayinevi.com.tr\/index.php\/urun\/utz\/","title":{"rendered":"Utz"},"content":{"rendered":"<p>\u201cSava\u015flar, soyk\u0131r\u0131mlar ve devrimler,\u201d derdi Utz s\u0131k s\u0131k, \u201ckoleksiyonculara m\u00fckemmel imk\u00e2nlar sunar.\u201d   Varl\u0131kl\u0131 bir aileden gelen Alman as\u0131ll\u0131 Kaspar Joachim Utz, \u0130kinci D\u00fcnya Sava\u015f\u0131\u2019ndan sonra Prag\u2019a ka\u00e7an bir Meissen porseleni koleksiyoncusudur ve iki odal\u0131 dairesinde binden fazla par\u00e7adan olu\u015fan de\u011ferli hazinesiyle ikamet etmektedir. Fakat Stalin d\u00f6neminde koruyup geni\u015fletti\u011fi koleksiyonu, rejim taraf\u0131ndan devlet m\u00fczelerine aktar\u0131lmak istenir. \u00d6l\u00fcm\u00fcne dek hazinesine dokunulmamas\u0131 konusunda yetkililerle uzla\u015fan Utz, her y\u0131l \u00fclkeden bir kez ayr\u0131lmas\u0131na m\u00fcsaade edilmesine ve her seferinde ka\u00e7\u0131p gitmeyi d\u00fc\u015f\u00fcnmesine ra\u011fmen, porselenlerini yan\u0131nda g\u00f6t\u00fcrmesine izin verilmedi\u011fi i\u00e7in geri d\u00f6ner ve bu y\u00fczden \u00f6mr\u00fcn\u00fcn sonuna dek hem kom\u00fcnist devletin hem de koleksiyonunun tutsa\u011f\u0131 olarak ya\u015far.   Bir yanda esrarengiz ba\u015fkarakteri ve Prag\u2019\u0131n hafif mistik, ger\u00e7ek\u00fcst\u00fc atmosferi, di\u011fer yanda siyasi gerilimler kar\u015f\u0131s\u0131ndaki bireyselli\u011fi ve sanatta g\u00fcvence aray\u0131\u015f\u0131n\u0131 anlatan hik\u00e2yesiyle Utz, \u0130ngiliz yazar Bruce Chatwin\u2019in en iyi eserlerinden biri.   \u201cChatwin hik\u00e2yesini anlat\u0131rken tek bir kelimeyi bile bo\u015fa harcam\u0131yor. Her c\u00fcmle mikroskobik bir \u00f6zenle \u015fekillendirilmi\u015f, parlat\u0131lm\u0131\u015f ve yerine oturtulmu\u015f.\u201d Daily Telegraph <\/p>\n","protected":false},"excerpt":{"rendered":"<p>\u201cSava\u015flar, soyk\u0131r\u0131mlar ve devrimler,\u201d derdi Utz s\u0131k s\u0131k, \u201ckoleksiyonculara m\u00fckemmel imk\u00e2nlar sunar.\u201d Varl\u0131kl\u0131 bir aileden gelen Alman as\u0131ll\u0131 Kaspar Joachim Utz, \u0130kinci D\u00fcnya Sava\u015f\u0131\u2019ndan sonra Prag\u2019a<span class=\"excerpt-hellip\"> [\u2026]<\/span><\/p>\n","protected":false},"featured_media":0,"template":"","meta":{"_monsterinsights_skip_tracking":false,"_monsterinsights_sitenote_active":false,"_monsterinsights_sitenote_note":"","_monsterinsights_sitenote_category":0},"product_brand":[],"product_cat":[12291,12866],"product_tag":[],"class_list":{"0":"post-756901","1":"product","2":"type-product","3":"status-publish","5":"product_cat-edebiyat","6":"product_cat-ingiliz-edebiyati","7":"pa_cilt-ciltsiz","8":"pa_tur-kitap","9":"pa_yayinevi-can-yayinlari","10":"pa_yazar-bruce-chatwin","12":"first","13":"instock","14":"sale","15":"shipping-taxable","16":"purchasable","17":"product-type-simple"},"_links":{"self":[{"href":"https:\/\/roveyayinevi.com.tr\/index.php\/wp-json\/wp\/v2\/product\/756901","targetHints":{"allow":["GET"]}}],"collection":[{"href":"https:\/\/roveyayinevi.com.tr\/index.php\/wp-json\/wp\/v2\/product"}],"about":[{"href":"https:\/\/roveyayinevi.com.tr\/index.php\/wp-json\/wp\/v2\/types\/product"}],"wp:attachment":[{"href":"https:\/\/roveyayinevi.com.tr\/index.php\/wp-json\/wp\/v2\/media?parent=756901"}],"wp:term":[{"taxonomy":"product_brand","embeddable":true,"href":"https:\/\/roveyayinevi.com.tr\/index.php\/wp-json\/wp\/v2\/product_brand?post=756901"},{"taxonomy":"product_cat","embeddable":true,"href":"https:\/\/roveyayinevi.com.tr\/index.php\/wp-json\/wp\/v2\/product_cat?post=756901"},{"taxonomy":"product_tag","embeddable":true,"href":"https:\/\/roveyayinevi.com.tr\/index.php\/wp-json\/wp\/v2\/product_tag?post=756901"}],"curies":[{"name":"wp","href":"https:\/\/api.w.org\/{rel}","templated":true}]}}