{"id":756900,"date":"2025-08-28T07:20:51","date_gmt":"2025-08-28T04:20:51","guid":{"rendered":"https:\/\/roveyayinevi.com.tr\/index.php\/urun\/kucuk-tilkili-kadin\/"},"modified":"2026-04-16T03:10:00","modified_gmt":"2026-04-16T00:10:00","slug":"kucuk-tilkili-kadin","status":"publish","type":"product","link":"https:\/\/roveyayinevi.com.tr\/index.php\/urun\/kucuk-tilkili-kadin\/","title":{"rendered":"K\u00fc\u00e7\u00fck Tilkili Kad\u0131n"},"content":{"rendered":"<p>\u201cTilki, kapan\u0131n elinde kalacakt\u0131 ama kad\u0131n di\u011ferlerinden daha bask\u0131n \u00e7\u0131km\u0131\u015ft\u0131. Herkes uyuyordu ve ona rastlayan kendisi olmu\u015ftu.\u201d   Paris\u2019te, \u00e7at\u0131 kat\u0131nda k\u00fc\u00e7\u00fcc\u00fck bir dairede yoksullu\u011fun s\u0131n\u0131rlar\u0131nda ya\u015fayan ve yine de hayatta kalmaya \u00e7al\u0131\u015fan ya\u015fl\u0131 bir kad\u0131n her sabah metronun g\u00fcr\u00fclt\u00fcs\u00fcn\u00fc dinleyerek kahve \u00e7ekirdeklerini say\u0131yor. S\u0131rf di\u011fer insanlar\u0131n s\u0131cakl\u0131\u011f\u0131n\u0131 hissetmek i\u00e7in son paras\u0131yla kalabal\u0131k metro vagonlar\u0131na biniyor, yiyecek bulmak i\u00e7in \u00e7\u00f6p kutular\u0131n\u0131 kar\u0131\u015ft\u0131r\u0131yor. Derken g\u00fcn\u00fcn birinde k\u00fc\u00e7\u00fck bir tilki k\u00fcrk\u00fc buluyor, di\u011fer bir deyi\u015fle kurtulu\u015funun anahtar\u0131n\u0131, yaln\u0131zl\u0131\u011f\u0131n\u0131 kendi uydurdu\u011fu e\u011flenceli bir d\u00fcnyaya d\u00f6n\u00fc\u015ft\u00fcren arkada\u015f\u0131n\u0131\u2026   K\u00fc\u00e7\u00fck Tilkili Kad\u0131n, b\u00fcy\u00fck\u015fehirlerde hissetti\u011fimiz g\u00f6r\u00fcnmezli\u011fin ve nihayet d\u00fcnyadaki yerini geri kazanan bir kad\u0131n\u0131n t\u00fcy hafifli\u011finde bir dokunu\u015fla yaz\u0131lm\u0131\u015f hik\u00e2yesi, k\u00fc\u00e7\u00fck bir m\u00fccevher.   \u201cViolette Leduc\u2019\u00fcn romanlar\u0131 d\u00e2hiyane oldu\u011fu kadar s\u0131ra d\u0131\u015f\u0131.\u201d Deborah Levy #frans\u0131zedebiyat\u0131 #yoksulluk #umut #ya\u015fl\u0131l\u0131k #a\u00e7l\u0131k #yaln\u0131zl\u0131k #paris <\/p>\n","protected":false},"excerpt":{"rendered":"<p>\u201cTilki, kapan\u0131n elinde kalacakt\u0131 ama kad\u0131n di\u011ferlerinden daha bask\u0131n \u00e7\u0131km\u0131\u015ft\u0131. Herkes uyuyordu ve ona rastlayan kendisi olmu\u015ftu.\u201d Paris\u2019te, \u00e7at\u0131 kat\u0131nda k\u00fc\u00e7\u00fcc\u00fck bir dairede yoksullu\u011fun s\u0131n\u0131rlar\u0131nda ya\u015fayan<span class=\"excerpt-hellip\"> [\u2026]<\/span><\/p>\n","protected":false},"featured_media":0,"template":"","meta":{"_monsterinsights_skip_tracking":false,"_monsterinsights_sitenote_active":false,"_monsterinsights_sitenote_note":"","_monsterinsights_sitenote_category":0},"product_brand":[],"product_cat":[12291,12711],"product_tag":[],"class_list":{"0":"post-756900","1":"product","2":"type-product","3":"status-publish","5":"product_cat-edebiyat","6":"product_cat-roman-oyku","7":"pa_cilt-ciltsiz","8":"pa_tur-kitap","9":"pa_yayinevi-can-yayinlari","10":"pa_yazar-violette-leduc","12":"first","13":"instock","14":"sale","15":"shipping-taxable","16":"purchasable","17":"product-type-simple"},"_links":{"self":[{"href":"https:\/\/roveyayinevi.com.tr\/index.php\/wp-json\/wp\/v2\/product\/756900","targetHints":{"allow":["GET"]}}],"collection":[{"href":"https:\/\/roveyayinevi.com.tr\/index.php\/wp-json\/wp\/v2\/product"}],"about":[{"href":"https:\/\/roveyayinevi.com.tr\/index.php\/wp-json\/wp\/v2\/types\/product"}],"wp:attachment":[{"href":"https:\/\/roveyayinevi.com.tr\/index.php\/wp-json\/wp\/v2\/media?parent=756900"}],"wp:term":[{"taxonomy":"product_brand","embeddable":true,"href":"https:\/\/roveyayinevi.com.tr\/index.php\/wp-json\/wp\/v2\/product_brand?post=756900"},{"taxonomy":"product_cat","embeddable":true,"href":"https:\/\/roveyayinevi.com.tr\/index.php\/wp-json\/wp\/v2\/product_cat?post=756900"},{"taxonomy":"product_tag","embeddable":true,"href":"https:\/\/roveyayinevi.com.tr\/index.php\/wp-json\/wp\/v2\/product_tag?post=756900"}],"curies":[{"name":"wp","href":"https:\/\/api.w.org\/{rel}","templated":true}]}}