{"id":756898,"date":"2025-08-28T07:20:48","date_gmt":"2025-08-28T04:20:48","guid":{"rendered":"https:\/\/roveyayinevi.com.tr\/index.php\/urun\/siyonist-kehanetler\/"},"modified":"2026-04-16T03:10:00","modified_gmt":"2026-04-16T00:10:00","slug":"siyonist-kehanetler","status":"publish","type":"product","link":"https:\/\/roveyayinevi.com.tr\/index.php\/urun\/siyonist-kehanetler\/","title":{"rendered":"Siyonist Kehanetler"},"content":{"rendered":"<p>D\u00dcNYANIN KADER\u0130 BEKLENEN KURTARICIDA MI SAKLI?   Gelece\u011fi bilmek ya da gelecekte olacaklar\u0131 \u00f6ng\u00f6rebilmek tarih boyunca insanl\u0131\u011f\u0131n en b\u00fcy\u00fck ilgi alanlar\u0131ndan biri oldu. S\u00fcmerlerden elimize ula\u015fan ilk yaz\u0131l\u0131 kaynaklardaki rahiplerin kehanetleri, y\u0131ld\u0131z hareketlerinin yorumlanmas\u0131 ve farkl\u0131 fal y\u00f6ntemleri, gelecekten haber vermek ve insanlar\u0131n da bu do\u011frultuda ad\u0131m atmalar\u0131n\u0131 sa\u011flayabilmek i\u00e7in kullan\u0131ld\u0131. Gelece\u011fe dair merak ve kayg\u0131lar\u0131n en \u00f6nemli aya\u011f\u0131 k\u00e2hinlerdi. K\u00e2hinler, sadece gelecekten haber veren ki\u015filer de\u011fil, ayn\u0131 zamanda d\u00f6nemin y\u00f6neticilerinin de en \u00f6nemli dan\u0131\u015fmanlar\u0131yd\u0131 \u00e7\u00fcnk\u00fc gelece\u011fi bilmek her devirde insanlar\u0131n kay\u0131ts\u0131z kalamad\u0131\u011f\u0131 konulard\u0131. Bir veliahd\u0131n ak\u0131beti, bir sava\u015f\u0131n sonucu ya da al\u0131nacak bir karar\u0131n yarataca\u011f\u0131 sonu\u00e7lar k\u00e2hinlerin hem ilgi hem de g\u00f6rev alan\u0131yd\u0131. Gelece\u011fi bilmek bu denli \u00f6nemli bir konuydu. Roma ve sonras\u0131nda Akdeniz d\u00fcnyas\u0131n\u0131n neredeyse tamam\u0131nda H\u0131ristiyanl\u0131\u011f\u0131n h\u00e2kim olmas\u0131yla k\u00e2hinler, ezoterizm i\u00e7inde varl\u0131klar\u0131n\u0131 devam ettirmi\u015flerdir. Yani pagan d\u00fczen H\u0131ristiyanl\u0131\u011f\u0131n i\u00e7ine n\u00fcfuz etmi\u015ftir. Kendilerine itiraz edenleri gerek cad\u0131 gerekse heretik ilan ederek bu engeli a\u015fm\u0131\u015flard\u0131r.   Gelece\u011fe dair kehanetlerde bulunan k\u00e2hinler yeni d\u00fczen i\u00e7inde kutsal kitaplara peygamber s\u0131fat\u0131yla eklenince onlar\u0131n s\u00f6zleri ilahi bir d\u00fczenin hayata ge\u00e7mesini \u015fart ko\u015fan emirlere d\u00f6n\u00fc\u015ft\u00fc. B\u00f6ylece buna inananlar\u0131n bu \u015fifreli bilgilerin\/kehanetlerin \u00e7\u00f6z\u00fcm\u00fcne ba\u015flamalar\u0131ndan ba\u015fka se\u00e7enekleri kalmad\u0131 \u00e7\u00fcnk\u00fc zaman azal\u0131yor ve takvimleri bitmek \u00fczere&#8230; <\/p>\n","protected":false},"excerpt":{"rendered":"<p>D\u00dcNYANIN KADER\u0130 BEKLENEN KURTARICIDA MI SAKLI? Gelece\u011fi bilmek ya da gelecekte olacaklar\u0131 \u00f6ng\u00f6rebilmek tarih boyunca insanl\u0131\u011f\u0131n en b\u00fcy\u00fck ilgi alanlar\u0131ndan biri oldu. S\u00fcmerlerden elimize ula\u015fan ilk<span class=\"excerpt-hellip\"> [\u2026]<\/span><\/p>\n","protected":false},"featured_media":0,"template":"","meta":{"_monsterinsights_skip_tracking":false,"_monsterinsights_sitenote_active":false,"_monsterinsights_sitenote_note":"","_monsterinsights_sitenote_category":0},"product_brand":[],"product_cat":[13590,12337],"product_tag":[],"class_list":{"0":"post-756898","1":"product","2":"type-product","3":"status-publish","5":"product_cat-arastirma-inceleme-politika-siyaset","6":"product_cat-politika-siyaset","7":"pa_cilt-ciltsiz","8":"pa_tur-kitap","9":"pa_yayinevi-destek-yayinlari","10":"pa_yazar-turker-akinci-zafer-calayoglu","12":"first","13":"instock","14":"sale","15":"shipping-taxable","16":"purchasable","17":"product-type-simple"},"_links":{"self":[{"href":"https:\/\/roveyayinevi.com.tr\/index.php\/wp-json\/wp\/v2\/product\/756898","targetHints":{"allow":["GET"]}}],"collection":[{"href":"https:\/\/roveyayinevi.com.tr\/index.php\/wp-json\/wp\/v2\/product"}],"about":[{"href":"https:\/\/roveyayinevi.com.tr\/index.php\/wp-json\/wp\/v2\/types\/product"}],"wp:attachment":[{"href":"https:\/\/roveyayinevi.com.tr\/index.php\/wp-json\/wp\/v2\/media?parent=756898"}],"wp:term":[{"taxonomy":"product_brand","embeddable":true,"href":"https:\/\/roveyayinevi.com.tr\/index.php\/wp-json\/wp\/v2\/product_brand?post=756898"},{"taxonomy":"product_cat","embeddable":true,"href":"https:\/\/roveyayinevi.com.tr\/index.php\/wp-json\/wp\/v2\/product_cat?post=756898"},{"taxonomy":"product_tag","embeddable":true,"href":"https:\/\/roveyayinevi.com.tr\/index.php\/wp-json\/wp\/v2\/product_tag?post=756898"}],"curies":[{"name":"wp","href":"https:\/\/api.w.org\/{rel}","templated":true}]}}