{"id":756897,"date":"2025-08-28T07:20:46","date_gmt":"2025-08-28T04:20:46","guid":{"rendered":"https:\/\/roveyayinevi.com.tr\/index.php\/urun\/egitim-kulesinin-usta-oyuncusu-3\/"},"modified":"2026-04-16T03:10:00","modified_gmt":"2026-04-16T00:10:00","slug":"egitim-kulesinin-usta-oyuncusu-3","status":"publish","type":"product","link":"https:\/\/roveyayinevi.com.tr\/index.php\/urun\/egitim-kulesinin-usta-oyuncusu-3\/","title":{"rendered":"E\u011fitim Kulesi\u2019nin Usta Oyuncusu 3"},"content":{"rendered":"<p>HYEON-WOO, E\u011e\u0130T\u0130M KULES\u0130 HAKKINDAK\u0130 GER\u00c7E\u011e\u0130 ARARKEN G\u0130ZEML\u0130 YAPAY ZEK\u00c2 AV \u0130LE TANI\u015eTI. VERD\u0130\u011e\u0130 G\u00d6REVLER\u0130 BA\u015eARIYLA TAMAMLAMASI KAR\u015eILI\u011eINDA AV, HYEON-WOO\u201aNUN SORULARINI CEVAPLADI. AYRICA, ARES DERNE\u011e\u0130\u201aYLE G\u0130RD\u0130\u011e\u0130 K\u00dc\u00c7\u00dcK SAVA\u015eLAR VE KAYIP \u00d6\u011eRENC\u0130S\u0130 DE BA\u015eINA DERT OLDU.   MUHAFIZ OLARAK G\u00d6REVLEND\u0130R\u0130LEN HYEON-WOO \u015e\u0130MD\u0130 DE D\u00dcNYAYI CANAVARLARDAN KORUMAK ZORUNDA.   \u00dcSTEL\u0130K E\u011e\u0130T\u0130M KULES\u0130 SADECE BA\u015eLANGI\u00c7.   VE GER\u00c7EK KULE \u00c7OK DAHA B\u00dcY\u00dcK&#8230; <\/p>\n","protected":false},"excerpt":{"rendered":"<p>HYEON-WOO, E\u011e\u0130T\u0130M KULES\u0130 HAKKINDAK\u0130 GER\u00c7E\u011e\u0130 ARARKEN G\u0130ZEML\u0130 YAPAY ZEK\u00c2 AV \u0130LE TANI\u015eTI. VERD\u0130\u011e\u0130 G\u00d6REVLER\u0130 BA\u015eARIYLA TAMAMLAMASI KAR\u015eILI\u011eINDA AV, HYEON-WOO\u201aNUN SORULARINI CEVAPLADI. AYRICA, ARES DERNE\u011e\u0130\u201aYLE G\u0130RD\u0130\u011e\u0130 K\u00dc\u00c7\u00dcK<span class=\"excerpt-hellip\"> [\u2026]<\/span><\/p>\n","protected":false},"featured_media":0,"template":"","meta":{"_monsterinsights_skip_tracking":false,"_monsterinsights_sitenote_active":false,"_monsterinsights_sitenote_note":"","_monsterinsights_sitenote_category":0},"product_brand":[],"product_cat":[12416,12291],"product_tag":[],"class_list":{"0":"post-756897","1":"product","2":"type-product","3":"status-publish","5":"product_cat-cizgi-roman","6":"product_cat-edebiyat","7":"pa_cilt-ciltsiz","8":"pa_tur-kitap","9":"pa_yayinevi-athica-yayinlari","10":"pa_yazar-indoor-kim","12":"first","13":"instock","14":"sale","15":"shipping-taxable","16":"purchasable","17":"product-type-simple"},"_links":{"self":[{"href":"https:\/\/roveyayinevi.com.tr\/index.php\/wp-json\/wp\/v2\/product\/756897","targetHints":{"allow":["GET"]}}],"collection":[{"href":"https:\/\/roveyayinevi.com.tr\/index.php\/wp-json\/wp\/v2\/product"}],"about":[{"href":"https:\/\/roveyayinevi.com.tr\/index.php\/wp-json\/wp\/v2\/types\/product"}],"wp:attachment":[{"href":"https:\/\/roveyayinevi.com.tr\/index.php\/wp-json\/wp\/v2\/media?parent=756897"}],"wp:term":[{"taxonomy":"product_brand","embeddable":true,"href":"https:\/\/roveyayinevi.com.tr\/index.php\/wp-json\/wp\/v2\/product_brand?post=756897"},{"taxonomy":"product_cat","embeddable":true,"href":"https:\/\/roveyayinevi.com.tr\/index.php\/wp-json\/wp\/v2\/product_cat?post=756897"},{"taxonomy":"product_tag","embeddable":true,"href":"https:\/\/roveyayinevi.com.tr\/index.php\/wp-json\/wp\/v2\/product_tag?post=756897"}],"curies":[{"name":"wp","href":"https:\/\/api.w.org\/{rel}","templated":true}]}}