{"id":756896,"date":"2025-08-28T07:20:44","date_gmt":"2025-08-28T04:20:44","guid":{"rendered":"https:\/\/roveyayinevi.com.tr\/index.php\/urun\/kanatli-gunes\/"},"modified":"2026-04-16T03:10:00","modified_gmt":"2026-04-16T00:10:00","slug":"kanatli-gunes","status":"publish","type":"product","link":"https:\/\/roveyayinevi.com.tr\/index.php\/urun\/kanatli-gunes\/","title":{"rendered":"Kanatl\u0131 G\u00fcne\u015f"},"content":{"rendered":"<p>\u201cBir Hitit Masal\u0131\u201d serisinin ilk kitab\u0131 Kanatl\u0131 G\u00fcne\u015f, okurlar\u0131n\u0131 zamanlar aras\u0131nda heyecanl\u0131 ve fantastik bir maceraya davet ediyor. Annesiyle birlikte Hititlerin kutsal sayd\u0131\u011f\u0131 Yaz\u0131l\u0131kaya\u2019y\u0131 ziyaret eden Aruna, zamanda yolculuk yap\u0131p Hitit \u00c7a\u011f\u0131\u2019na gider. \u00c7ok ge\u00e7meden Hititlerle bir ba\u011f\u0131 oldu\u011funu ve Hattu\u015fa\u2019da tamamlamas\u0131 gereken g\u00f6revleri bulundu\u011funu \u00f6\u011frenir. Karanl\u0131\u011fa g\u00f6m\u00fclen Hitit diyar\u0131nda G\u00fcne\u015f\u2019in yeniden do\u011fmas\u0131 Aruna\u2019ya ba\u011fl\u0131d\u0131r. Aruna b\u00fcy\u00fcc\u00fclerle ve canavarlarla sava\u015f\u0131rken Hititleri de yak\u0131ndan tan\u0131r. Kanatl\u0131 G\u00fcne\u015f sadece tarihi ve fantastik bir macera de\u011fil, bir k\u0131z \u00e7ocu\u011funun kendi g\u00fcc\u00fcn\u00fc ke\u015ffedi\u015finin de \u00f6yk\u00fcs\u00fc. <\/p>\n","protected":false},"excerpt":{"rendered":"<p>\u201cBir Hitit Masal\u0131\u201d serisinin ilk kitab\u0131 Kanatl\u0131 G\u00fcne\u015f, okurlar\u0131n\u0131 zamanlar aras\u0131nda heyecanl\u0131 ve fantastik bir maceraya davet ediyor. Annesiyle birlikte Hititlerin kutsal sayd\u0131\u011f\u0131 Yaz\u0131l\u0131kaya\u2019y\u0131 ziyaret eden<span class=\"excerpt-hellip\"> [\u2026]<\/span><\/p>\n","protected":false},"featured_media":0,"template":"","meta":{"_monsterinsights_skip_tracking":false,"_monsterinsights_sitenote_active":false,"_monsterinsights_sitenote_note":"","_monsterinsights_sitenote_category":0},"product_brand":[],"product_cat":[12291,14777],"product_tag":[],"class_list":{"0":"post-756896","1":"product","2":"type-product","3":"status-publish","5":"product_cat-edebiyat","6":"product_cat-fantastik","7":"pa_cilt-ciltsiz","8":"pa_tur-kitap","9":"pa_yayinevi-destek-yayinlari","10":"pa_yazar-ozlem-ertan","12":"first","13":"instock","14":"sale","15":"shipping-taxable","16":"purchasable","17":"product-type-simple"},"_links":{"self":[{"href":"https:\/\/roveyayinevi.com.tr\/index.php\/wp-json\/wp\/v2\/product\/756896","targetHints":{"allow":["GET"]}}],"collection":[{"href":"https:\/\/roveyayinevi.com.tr\/index.php\/wp-json\/wp\/v2\/product"}],"about":[{"href":"https:\/\/roveyayinevi.com.tr\/index.php\/wp-json\/wp\/v2\/types\/product"}],"wp:attachment":[{"href":"https:\/\/roveyayinevi.com.tr\/index.php\/wp-json\/wp\/v2\/media?parent=756896"}],"wp:term":[{"taxonomy":"product_brand","embeddable":true,"href":"https:\/\/roveyayinevi.com.tr\/index.php\/wp-json\/wp\/v2\/product_brand?post=756896"},{"taxonomy":"product_cat","embeddable":true,"href":"https:\/\/roveyayinevi.com.tr\/index.php\/wp-json\/wp\/v2\/product_cat?post=756896"},{"taxonomy":"product_tag","embeddable":true,"href":"https:\/\/roveyayinevi.com.tr\/index.php\/wp-json\/wp\/v2\/product_tag?post=756896"}],"curies":[{"name":"wp","href":"https:\/\/api.w.org\/{rel}","templated":true}]}}