{"id":756894,"date":"2025-08-28T07:20:41","date_gmt":"2025-08-28T04:20:41","guid":{"rendered":"https:\/\/roveyayinevi.com.tr\/index.php\/urun\/kendiliginden-evrim\/"},"modified":"2026-04-16T03:10:00","modified_gmt":"2026-04-16T00:10:00","slug":"kendiliginden-evrim","status":"publish","type":"product","link":"https:\/\/roveyayinevi.com.tr\/index.php\/urun\/kendiliginden-evrim\/","title":{"rendered":"Kendili\u011finden Evrim"},"content":{"rendered":"<p>YIKIM \u0130NSANLI\u011eI B\u0130R SONRAK\u0130 \u00c7A\u011eA TA\u015eIYACAK YEN\u0130 B\u0130R VAROLU\u015e B\u0130\u00c7\u0130M\u0130NE YER A\u00c7MAK \u0130\u00c7\u0130N GEREKEN TEM\u0130ZL\u0130\u011e\u0130N B\u0130R PAR\u00c7ASIDIR. E\u011fer umutsuz ve karamsar g\u00f6zlerle d\u00fcnyada olup bitenlere bak\u0131yorsan\u0131z farkl\u0131 bir bilimsel bak\u0131\u015f a\u00e7\u0131s\u0131yla ayd\u0131nlanmaya haz\u0131r olun. D\u00fcnyaca \u00fcnl\u00fc biyolog Bruce H. Lipton ile siyaset ve k\u00fclt\u00fcr yorumcusu Steve Bhaerman\u2019a g\u00f6re, asl\u0131nda evrimsel a\u00e7\u0131dan tam da olmam\u0131z gereken yerdeyiz. \u00dcstelik t\u00fcr\u00fcm\u00fcz\u00fcn geli\u015fiminde ileriye do\u011fru inan\u0131lmaz bir s\u0131\u00e7ramaya haz\u0131r oldu\u011fumuzun kan\u0131tlar\u0131yla \u00e7evriliyiz. \u2022 Her inan\u00e7 sisteminin ele almas\u0131 gereken \u00fc\u00e7 daim\u00ee soru ve bunlara verilen cevaplar tarih boyunca neden de\u011fi\u015fir? \u2022 Modern d\u00fc\u015f\u00fcnceyi destekleyen k\u0131yametin d\u00f6rt \u201cMit-Alg\u0131s\u0131\u201d neden y\u0131k\u0131lmaya haz\u0131rd\u0131r? \u2022 Daha parlak bir gelece\u011fin plan\u0131 tam anlam\u0131yla i\u00e7inizdeki trilyonlarca h\u00fccrenin her birine neden kodlanm\u0131\u015ft\u0131r? \u2022 Kopernik devriminden bu yana en b\u00fcy\u00fck k\u00fclt\u00fcrel de\u011fi\u015fimi ba\u015flatmaya yard\u0131mc\u0131 olmak i\u00e7in ne yapabilirsiniz? \u2022 Biyolojinin temeli olan DNA\u2019n\u0131n rol\u00fc sorgulanabilir mi? \u2022 Bilim ve ruh aras\u0131nda k\u00f6pr\u00fc kurulabilir mi?   Kendili\u011finden Evrim\u2019le, bizi uygarl\u0131\u011f\u0131n bir sonraki \u201cb\u00fct\u00fcnc\u00fcl\u201d a\u015famas\u0131na dair derin bir i\u00e7g\u00f6r\u00fcye kavu\u015fturacak bilim ve tarihin ufuk a\u00e7\u0131c\u0131 bir incelemesine kat\u0131lmaya davetlisiniz. <\/p>\n","protected":false},"excerpt":{"rendered":"<p>YIKIM \u0130NSANLI\u011eI B\u0130R SONRAK\u0130 \u00c7A\u011eA TA\u015eIYACAK YEN\u0130 B\u0130R VAROLU\u015e B\u0130\u00c7\u0130M\u0130NE YER A\u00c7MAK \u0130\u00c7\u0130N GEREKEN TEM\u0130ZL\u0130\u011e\u0130N B\u0130R PAR\u00c7ASIDIR. E\u011fer umutsuz ve karamsar g\u00f6zlerle d\u00fcnyada olup bitenlere bak\u0131yorsan\u0131z<span class=\"excerpt-hellip\"> [\u2026]<\/span><\/p>\n","protected":false},"featured_media":0,"template":"","meta":{"_monsterinsights_skip_tracking":false,"_monsterinsights_sitenote_active":false,"_monsterinsights_sitenote_note":"","_monsterinsights_sitenote_category":0},"product_brand":[],"product_cat":[13005,13006],"product_tag":[],"class_list":{"0":"post-756894","1":"product","2":"type-product","3":"status-publish","5":"product_cat-bilim-muhendislik","6":"product_cat-populer-bilim","7":"pa_cilt-ciltsiz","8":"pa_tur-kitap","9":"pa_yayinevi-beyaz-baykus-yayinlari","10":"pa_yazar-bruce-lipton-steve-bhaerman","12":"first","13":"instock","14":"sale","15":"shipping-taxable","16":"purchasable","17":"product-type-simple"},"_links":{"self":[{"href":"https:\/\/roveyayinevi.com.tr\/index.php\/wp-json\/wp\/v2\/product\/756894","targetHints":{"allow":["GET"]}}],"collection":[{"href":"https:\/\/roveyayinevi.com.tr\/index.php\/wp-json\/wp\/v2\/product"}],"about":[{"href":"https:\/\/roveyayinevi.com.tr\/index.php\/wp-json\/wp\/v2\/types\/product"}],"wp:attachment":[{"href":"https:\/\/roveyayinevi.com.tr\/index.php\/wp-json\/wp\/v2\/media?parent=756894"}],"wp:term":[{"taxonomy":"product_brand","embeddable":true,"href":"https:\/\/roveyayinevi.com.tr\/index.php\/wp-json\/wp\/v2\/product_brand?post=756894"},{"taxonomy":"product_cat","embeddable":true,"href":"https:\/\/roveyayinevi.com.tr\/index.php\/wp-json\/wp\/v2\/product_cat?post=756894"},{"taxonomy":"product_tag","embeddable":true,"href":"https:\/\/roveyayinevi.com.tr\/index.php\/wp-json\/wp\/v2\/product_tag?post=756894"}],"curies":[{"name":"wp","href":"https:\/\/api.w.org\/{rel}","templated":true}]}}