{"id":756893,"date":"2025-08-28T07:20:40","date_gmt":"2025-08-28T04:20:40","guid":{"rendered":"https:\/\/roveyayinevi.com.tr\/index.php\/urun\/miyon-dolarlik-sozler\/"},"modified":"2026-04-16T03:10:00","modified_gmt":"2026-04-16T00:10:00","slug":"miyon-dolarlik-sozler","status":"publish","type":"product","link":"https:\/\/roveyayinevi.com.tr\/index.php\/urun\/miyon-dolarlik-sozler\/","title":{"rendered":"Miyon Dolarl\u0131k S\u00f6zler"},"content":{"rendered":"<p>\u201cBir ba\u015far\u0131 hik\u00e2yesi okudu\u011fum her seferinde, o noktaya gelene kadar ba\u015far\u0131lamayan \u015feyleri ve bunun sebeplerini d\u00fc\u015f\u00fcnmeyi severim. Hedef ne olursa olsun, bir engele tak\u0131lmak, bir d\u00fczl\u00fckte s\u0131k\u0131\u015f\u0131p kalmak son derece do\u011fald\u0131r. Ba\u015far\u0131n\u0131n ve ba\u015far\u0131s\u0131zl\u0131\u011f\u0131n, \u2018t\u0131pk\u0131 yer\u00e7ekimi gibi\u2019 hep var olacak bir kavram oldu\u011funu bilmek, hepimiz i\u00e7in sa\u011flam bir dayanak noktas\u0131d\u0131r.\u201d T\u00fcrkiye\u2019nin en tecr\u00fcbeli y\u00f6netim ve i\u015f dan\u0131\u015fmanlar\u0131ndan Haluk Ziya T\u00fcrkmen, bak\u0131\u015f a\u00e7\u0131m\u0131z\u0131 yenileyip insan varolu\u015funun b\u00fct\u00fcn yanlar\u0131na dikkat \u00e7ekecek unutulmaz s\u00f6zleri bir araya getirdi ve yorumlad\u0131. Ba\u015fka hi\u00e7bir yerde duymayaca\u011f\u0131n\u0131z her bir tavsiye, i\u015f hayat\u0131nda sizi uzmanla\u015ft\u0131racak t\u00fcyolarla ve ya\u015fam\u0131n\u0131z boyunca akl\u0131n\u0131zda kalacak stratejilerle dolu. Kar\u015f\u0131n\u0131za \u00e7\u0131kabilecek bu en s\u0131cak ve ger\u00e7ek saptamalar bazen bir a\u00e7\u0131k deniz gemi kaptan\u0131ndan, bazen bir holding sahibinden, bazen esnaf sohbetlerinden, bazen bir akademisyenden, bazen de u\u00e7urumun kenar\u0131ndaki bir mangal restoran\u0131ndan size ula\u015facak. Milyon Dolarl\u0131k S\u00f6zler bilgi ile bilgeli\u011fin bir kar\u0131\u015f\u0131m\u0131, her okuyan\u0131n mutlaka bir \u015fey kazanaca\u011f\u0131, bir yan\u0131yla zenginle\u015fece\u011fi bir insan hik\u00e2yesi. Elinizden b\u0131rakamayaca\u011f\u0131n\u0131z bu referans kitab\u0131 g\u00fcncellenmi\u015f ve yenilenmi\u015f bask\u0131s\u0131yla, kitapl\u0131\u011f\u0131n\u0131z\u0131n en sevdi\u011finiz kitab\u0131 olmaya aday. <\/p>\n","protected":false},"excerpt":{"rendered":"<p>\u201cBir ba\u015far\u0131 hik\u00e2yesi okudu\u011fum her seferinde, o noktaya gelene kadar ba\u015far\u0131lamayan \u015feyleri ve bunun sebeplerini d\u00fc\u015f\u00fcnmeyi severim. Hedef ne olursa olsun, bir engele tak\u0131lmak, bir d\u00fczl\u00fckte<span class=\"excerpt-hellip\"> [\u2026]<\/span><\/p>\n","protected":false},"featured_media":0,"template":"","meta":{"_monsterinsights_skip_tracking":false,"_monsterinsights_sitenote_active":false,"_monsterinsights_sitenote_note":"","_monsterinsights_sitenote_category":0},"product_brand":[],"product_cat":[13043,17647],"product_tag":[],"class_list":{"0":"post-756893","1":"product","2":"type-product","3":"status-publish","5":"product_cat-ekonomi","6":"product_cat-is-dunyasi","7":"pa_cilt-ciltsiz","8":"pa_tur-kitap","9":"pa_yayinevi-destek-yayinlari","10":"pa_yazar-haluk-ziya-turkmen","12":"first","13":"instock","14":"sale","15":"shipping-taxable","16":"purchasable","17":"product-type-simple"},"_links":{"self":[{"href":"https:\/\/roveyayinevi.com.tr\/index.php\/wp-json\/wp\/v2\/product\/756893","targetHints":{"allow":["GET"]}}],"collection":[{"href":"https:\/\/roveyayinevi.com.tr\/index.php\/wp-json\/wp\/v2\/product"}],"about":[{"href":"https:\/\/roveyayinevi.com.tr\/index.php\/wp-json\/wp\/v2\/types\/product"}],"wp:attachment":[{"href":"https:\/\/roveyayinevi.com.tr\/index.php\/wp-json\/wp\/v2\/media?parent=756893"}],"wp:term":[{"taxonomy":"product_brand","embeddable":true,"href":"https:\/\/roveyayinevi.com.tr\/index.php\/wp-json\/wp\/v2\/product_brand?post=756893"},{"taxonomy":"product_cat","embeddable":true,"href":"https:\/\/roveyayinevi.com.tr\/index.php\/wp-json\/wp\/v2\/product_cat?post=756893"},{"taxonomy":"product_tag","embeddable":true,"href":"https:\/\/roveyayinevi.com.tr\/index.php\/wp-json\/wp\/v2\/product_tag?post=756893"}],"curies":[{"name":"wp","href":"https:\/\/api.w.org\/{rel}","templated":true}]}}