{"id":756891,"date":"2025-08-28T07:20:35","date_gmt":"2025-08-28T04:20:35","guid":{"rendered":"https:\/\/roveyayinevi.com.tr\/index.php\/urun\/bayan-mininin-oykusu\/"},"modified":"2026-04-16T03:10:00","modified_gmt":"2026-04-16T00:10:00","slug":"bayan-mininin-oykusu","status":"publish","type":"product","link":"https:\/\/roveyayinevi.com.tr\/index.php\/urun\/bayan-mininin-oykusu\/","title":{"rendered":"Bayan Mini\u2019nin \u00d6yk\u00fcs\u00fc"},"content":{"rendered":"<p>Beatrix Potter taraf\u0131ndan yaz\u0131lm\u0131\u015f ve resimlenmi\u015f Bayan Mini\u2019nin \u00d6yk\u00fcs\u00fc, evinin her zaman g\u00fczel ve d\u00fczenli olmas\u0131n\u0131 seven titiz bir orman faresinin, bir dizi beklenmedik ve da\u011f\u0131n\u0131k misafiriyle ya\u015fad\u0131klar\u0131n\u0131 anlatmaktad\u0131r.   Bir zamanlar bir orman faresi vard\u0131, ad\u0131 da Bayan Mini\u2019ydi. Bir \u00e7al\u0131n\u0131n alt\u0131ndaki toprak y\u0131\u011f\u0131n\u0131n <\/p>\n","protected":false},"excerpt":{"rendered":"<p>Beatrix Potter taraf\u0131ndan yaz\u0131lm\u0131\u015f ve resimlenmi\u015f Bayan Mini\u2019nin \u00d6yk\u00fcs\u00fc, evinin her zaman g\u00fczel ve d\u00fczenli olmas\u0131n\u0131 seven titiz bir orman faresinin, bir dizi beklenmedik ve da\u011f\u0131n\u0131k<span class=\"excerpt-hellip\"> [\u2026]<\/span><\/p>\n","protected":false},"featured_media":0,"template":"","meta":{"_monsterinsights_skip_tracking":false,"_monsterinsights_sitenote_active":false,"_monsterinsights_sitenote_note":"","_monsterinsights_sitenote_category":0},"product_brand":[],"product_cat":[12274],"product_tag":[],"class_list":{"0":"post-756891","1":"product","2":"type-product","3":"status-publish","5":"product_cat-cocuk-ve-genclik-kitaplari","6":"pa_cilt-ciltsiz","7":"pa_tur-kitap","8":"pa_yayinevi-cocuk-gelisimi-yayinlari","9":"pa_yazar-beatrix-potter","11":"first","12":"instock","13":"sale","14":"shipping-taxable","15":"purchasable","16":"product-type-simple"},"_links":{"self":[{"href":"https:\/\/roveyayinevi.com.tr\/index.php\/wp-json\/wp\/v2\/product\/756891","targetHints":{"allow":["GET"]}}],"collection":[{"href":"https:\/\/roveyayinevi.com.tr\/index.php\/wp-json\/wp\/v2\/product"}],"about":[{"href":"https:\/\/roveyayinevi.com.tr\/index.php\/wp-json\/wp\/v2\/types\/product"}],"wp:attachment":[{"href":"https:\/\/roveyayinevi.com.tr\/index.php\/wp-json\/wp\/v2\/media?parent=756891"}],"wp:term":[{"taxonomy":"product_brand","embeddable":true,"href":"https:\/\/roveyayinevi.com.tr\/index.php\/wp-json\/wp\/v2\/product_brand?post=756891"},{"taxonomy":"product_cat","embeddable":true,"href":"https:\/\/roveyayinevi.com.tr\/index.php\/wp-json\/wp\/v2\/product_cat?post=756891"},{"taxonomy":"product_tag","embeddable":true,"href":"https:\/\/roveyayinevi.com.tr\/index.php\/wp-json\/wp\/v2\/product_tag?post=756891"}],"curies":[{"name":"wp","href":"https:\/\/api.w.org\/{rel}","templated":true}]}}