{"id":756890,"date":"2025-08-28T07:20:34","date_gmt":"2025-08-28T04:20:34","guid":{"rendered":"https:\/\/roveyayinevi.com.tr\/index.php\/urun\/cumhuriyetimizin-100-yilina-armagan-rus-filolojisi-calismalari\/"},"modified":"2026-04-16T03:10:00","modified_gmt":"2026-04-16T00:10:00","slug":"cumhuriyetimizin-100-yilina-armagan-rus-filolojisi-calismalari","status":"publish","type":"product","link":"https:\/\/roveyayinevi.com.tr\/index.php\/urun\/cumhuriyetimizin-100-yilina-armagan-rus-filolojisi-calismalari\/","title":{"rendered":"Cumhuriyetimiz\u2019in 100.Y\u0131l\u0131\u2019na Arma\u011fan Rus Filolojisi \u00c7al\u0131\u015fmalar\u0131"},"content":{"rendered":"<p>\u0130\u00e7indekiler     1. RUS YAZAR RAD\u0130 F\u0130\u015e\u2019TEN MEVL\u00c2N\u00c2\u2019YI OKUMAK   2.FONV\u0130Z\u0130N\u2019\u0130N ANASININ KUZUSU ESER\u0130NDE TOPLUMSAL ELE\u015eT\u0130R\u0130   3.RUS EDEB\u0130YATINDA AMER\u0130KA \u0130MAJI   4.II. D\u00dcNYA SAVA\u015eI SONRASI KAP\u0130TAL\u0130ZM VE SOSYAL\u0130ZM G\u00d6LGES\u0130NDE \u0130NSAN: (BEREKETL\u0130 TOPRAKLAR \u00dcZER\u0130NDE VE \u0130K\u0130 KI\u015e VE \u00dc\u00c7 YAZ ESERLER\u0130 \u00d6RNE\u011e\u0130NDE)   5.SOVYETLER B\u0130RL\u0130\u011e\u0130 D\u00d6NEM\u0130NDE \u00c7OCUK T\u0130YATROLARI   6.\u041b\u0418\u041d\u0413\u0412\u041e\u0418\u041c\u0410\u0413\u041e\u041b\u041e\u0413\u0418\u042f: \u0412\u042b\u0417\u041e\u0412\u042b \u0418 \u041f\u0415\u0420\u0421\u041f\u0415\u041a\u0422\u0418\u0412\u042b (\u041d\u0410 \u041f\u0420\u0418\u041c\u0415\u0420\u0415 \u0422\u0423\u0420\u0415\u0426\u041a\u041e-\u0420\u0423\u0421\u0421\u041a\u041e\u0419 \u042f\u0417\u042b\u041a\u041e\u0412\u041e\u0419 \u041f\u0410\u0420\u042b)   7.&#8221;\u0414\u041e\u0413\u041e\u0412\u041e\u0420 \u0421 \u0414\u042c\u042f\u0412\u041e\u041b\u041e\u041c&#8221; \u0412 \u0422\u0423\u041f\u0418\u041a\u0415 \u041f\u0410\u0420\u0410\u041b\u041b\u0415\u041b\u042c\u041d\u042b\u0425 \u0412\u0421\u0415\u041b\u0415\u041d\u041d\u042b\u0425: \u0414\u0415\u041c\u041e\u041d \u0411\u0415\u041b\u042f\u041d\u0418\u041d\u0410, \u0412\u041e\u0417\u041d\u0418\u041a\u0410\u042e\u0429\u0418\u0419 \u0418\u0417 \u041f\u041e\u0420\u0422\u0420\u0415\u0422\u0410 \u0414\u041e\u0420\u0418\u0410\u041d\u0410 \u0413\u0420\u0415\u042f       8.\u0418\u0417\u041c\u0415\u041d\u0415\u041d\u0418\u0415 \u041a\u0420\u0415\u0421\u0422\u042c\u042f\u041d\u0421\u041a\u041e\u0413\u041e \u0411\u042b\u0422\u0410 \u0412 \u041e\u0427\u0415\u0420\u041a\u0415 \u00ab\u0412\u041b\u0410\u0421\u0422\u042c \u0417\u0415\u041c\u041b\u0418\u00bb \u0413. \u0418. \u0423\u0421\u041f\u0415\u041d\u0421\u041a\u041e\u0413\u041e   9.\u041e \u0412\u0417\u0410\u0418\u041c\u041e\u0421\u0412\u042f\u0417\u0418 \u041b\u0415\u041a\u0421\u0418\u041a\u041e-\u0421\u0415\u041c\u0410\u041d\u0422\u0418\u0427\u0415\u0421\u041a\u041e\u0419 \u0413\u0420\u0423\u041f\u041f\u042b \u0421 \u0413\u041b\u0410\u0413\u041e\u041b\u0410\u041c\u0418 \u0412 \u041f\u0420\u041e\u0426\u0415\u0421\u0421\u0415 \u041f\u0420\u0415\u041f\u041e\u0414\u0410\u0412\u0410\u041d\u0418\u042f \u0420\u0423\u0421\u0421\u041a\u041e\u0413\u041e \u041a\u0410\u041a \u0418\u041d\u041e\u0421\u0422\u0420\u0410\u041d\u041d\u041e\u0413\u041e <\/p>\n","protected":false},"excerpt":{"rendered":"<p>\u0130\u00e7indekiler 1. RUS YAZAR RAD\u0130 F\u0130\u015e\u2019TEN MEVL\u00c2N\u00c2\u2019YI OKUMAK 2.FONV\u0130Z\u0130N\u2019\u0130N ANASININ KUZUSU ESER\u0130NDE TOPLUMSAL ELE\u015eT\u0130R\u0130 3.RUS EDEB\u0130YATINDA AMER\u0130KA \u0130MAJI 4.II. D\u00dcNYA SAVA\u015eI SONRASI KAP\u0130TAL\u0130ZM VE SOSYAL\u0130ZM G\u00d6LGES\u0130NDE<span class=\"excerpt-hellip\"> [\u2026]<\/span><\/p>\n","protected":false},"featured_media":0,"template":"","meta":{"_monsterinsights_skip_tracking":false,"_monsterinsights_sitenote_active":false,"_monsterinsights_sitenote_note":"","_monsterinsights_sitenote_category":0},"product_brand":[],"product_cat":[12573,12566],"product_tag":[],"class_list":{"0":"post-756890","1":"product","2":"type-product","3":"status-publish","5":"product_cat-akademik-kitaplar","6":"product_cat-egitim","7":"pa_cilt-ciltsiz","8":"pa_tur-kitap","9":"pa_yayinevi-gazi-kitabevi","10":"pa_yazar-kolektif","12":"first","13":"instock","14":"sale","15":"shipping-taxable","16":"purchasable","17":"product-type-simple"},"_links":{"self":[{"href":"https:\/\/roveyayinevi.com.tr\/index.php\/wp-json\/wp\/v2\/product\/756890","targetHints":{"allow":["GET"]}}],"collection":[{"href":"https:\/\/roveyayinevi.com.tr\/index.php\/wp-json\/wp\/v2\/product"}],"about":[{"href":"https:\/\/roveyayinevi.com.tr\/index.php\/wp-json\/wp\/v2\/types\/product"}],"wp:attachment":[{"href":"https:\/\/roveyayinevi.com.tr\/index.php\/wp-json\/wp\/v2\/media?parent=756890"}],"wp:term":[{"taxonomy":"product_brand","embeddable":true,"href":"https:\/\/roveyayinevi.com.tr\/index.php\/wp-json\/wp\/v2\/product_brand?post=756890"},{"taxonomy":"product_cat","embeddable":true,"href":"https:\/\/roveyayinevi.com.tr\/index.php\/wp-json\/wp\/v2\/product_cat?post=756890"},{"taxonomy":"product_tag","embeddable":true,"href":"https:\/\/roveyayinevi.com.tr\/index.php\/wp-json\/wp\/v2\/product_tag?post=756890"}],"curies":[{"name":"wp","href":"https:\/\/api.w.org\/{rel}","templated":true}]}}