{"id":756885,"date":"2025-08-28T07:20:27","date_gmt":"2025-08-28T04:20:27","guid":{"rendered":"https:\/\/roveyayinevi.com.tr\/index.php\/urun\/islam-hukukunda-gucler-ayriligi\/"},"modified":"2026-04-16T03:10:00","modified_gmt":"2026-04-16T00:10:00","slug":"islam-hukukunda-gucler-ayriligi","status":"publish","type":"product","link":"https:\/\/roveyayinevi.com.tr\/index.php\/urun\/islam-hukukunda-gucler-ayriligi\/","title":{"rendered":"\u0130slam Hukukunda G\u00fc\u00e7ler Ayr\u0131l\u0131\u011f\u0131"},"content":{"rendered":"<p>Bu kitap, alan\u0131nda yaz\u0131lm\u0131\u015f nadide eserlerdendir. Kitap, \u0130sl\u00e2m\u2019da yarg\u0131sal h\u00fckm\u00fcn niteli\u011fini, \u00f6zelliklerini, fetva, idari ve siyasi tasarruflar aras\u0131ndaki farklar\u0131n\u0131 ele almaktad\u0131r. Fetva, bir anlamda yasama g\u00fcc\u00fcn\u00fc ifade etmekte ancak ba\u011flay\u0131c\u0131 olmad\u0131\u011f\u0131ndan h\u00e2kim taraf\u0131ndan benimsenmedi\u011fi s\u00fcrece yasa niteli\u011fini ta\u015f\u0131mamaktad\u0131r. \u0130sl\u00e2m\u2019\u0131n muhakeme uygulamas\u0131nda h\u00e2kim, m\u00fc\u00e7tehit oldu\u011fu zaman yasama i\u015flemini de yapabilmektedir. Bunun yan\u0131 s\u0131ra \u0130sl\u00e2m hukukunda imam\/devlet ba\u015fkan\u0131 ile temsil edilen y\u00fcr\u00fctme g\u00fcc\u00fc de bazen yarg\u0131 yetkisini kullanabilmektedir. Ayr\u0131ca bu kitap, Peygamber Efendimiz\u2019in (s.a.v.) farkl\u0131 makamlara sahip olmas\u0131ndan dolay\u0131 her bir makamda yapt\u0131\u011f\u0131 tasarrufun farkl\u0131 nitelikler ta\u015f\u0131d\u0131\u011f\u0131n\u0131; m\u00fcft\u00fc, h\u00e2kim, devlet ba\u015fkan\u0131 ve komutan olarak verdi\u011fi h\u00fck\u00fcmlerin farkl\u0131 sonu\u00e7lar meydana getirdi\u011fini a\u00e7\u0131klamaktad\u0131r.<\/p>\n","protected":false},"excerpt":{"rendered":"<p>Bu kitap, alan\u0131nda yaz\u0131lm\u0131\u015f nadide eserlerdendir. Kitap, \u0130sl\u00e2m\u2019da yarg\u0131sal h\u00fckm\u00fcn niteli\u011fini, \u00f6zelliklerini, fetva, idari ve siyasi tasarruflar aras\u0131ndaki farklar\u0131n\u0131 ele almaktad\u0131r. Fetva, bir anlamda yasama g\u00fcc\u00fcn\u00fc<span class=\"excerpt-hellip\"> [\u2026]<\/span><\/p>\n","protected":false},"featured_media":0,"template":"","meta":{"_monsterinsights_skip_tracking":false,"_monsterinsights_sitenote_active":false,"_monsterinsights_sitenote_note":"","_monsterinsights_sitenote_category":0},"product_brand":[],"product_cat":[12718,12719],"product_tag":[],"class_list":{"0":"post-756885","1":"product","2":"type-product","3":"status-publish","5":"product_cat-din","6":"product_cat-islam","7":"pa_cilt-ciltsiz","8":"pa_tur-kitap","9":"pa_yayinevi-takdim-kitap","10":"pa_yazar-sehabeddin-karafi","12":"first","13":"instock","14":"sale","15":"shipping-taxable","16":"purchasable","17":"product-type-simple"},"_links":{"self":[{"href":"https:\/\/roveyayinevi.com.tr\/index.php\/wp-json\/wp\/v2\/product\/756885","targetHints":{"allow":["GET"]}}],"collection":[{"href":"https:\/\/roveyayinevi.com.tr\/index.php\/wp-json\/wp\/v2\/product"}],"about":[{"href":"https:\/\/roveyayinevi.com.tr\/index.php\/wp-json\/wp\/v2\/types\/product"}],"wp:attachment":[{"href":"https:\/\/roveyayinevi.com.tr\/index.php\/wp-json\/wp\/v2\/media?parent=756885"}],"wp:term":[{"taxonomy":"product_brand","embeddable":true,"href":"https:\/\/roveyayinevi.com.tr\/index.php\/wp-json\/wp\/v2\/product_brand?post=756885"},{"taxonomy":"product_cat","embeddable":true,"href":"https:\/\/roveyayinevi.com.tr\/index.php\/wp-json\/wp\/v2\/product_cat?post=756885"},{"taxonomy":"product_tag","embeddable":true,"href":"https:\/\/roveyayinevi.com.tr\/index.php\/wp-json\/wp\/v2\/product_tag?post=756885"}],"curies":[{"name":"wp","href":"https:\/\/api.w.org\/{rel}","templated":true}]}}