{"id":756884,"date":"2025-08-28T07:20:25","date_gmt":"2025-08-28T04:20:25","guid":{"rendered":"https:\/\/roveyayinevi.com.tr\/index.php\/urun\/ilk-donem-hadis-tarihi-ibn-mace-ve-suneni-ornegi\/"},"modified":"2026-04-16T03:10:00","modified_gmt":"2026-04-16T00:10:00","slug":"ilk-donem-hadis-tarihi-ibn-mace-ve-suneni-ornegi","status":"publish","type":"product","link":"https:\/\/roveyayinevi.com.tr\/index.php\/urun\/ilk-donem-hadis-tarihi-ibn-mace-ve-suneni-ornegi\/","title":{"rendered":"\u0130lk D\u00f6nem Hadis Tarihi \u2013\u0130bn Mace ve S\u00fcnen\u2019i \u00d6rne\u011fi"},"content":{"rendered":"<p>Hind Altk\u0131tas\u0131\u2019nda XIX. y\u00fczy\u0131lda yo\u011funla\u015fan hadis tedr\u00eesat\u0131, hem ulem\u00e2 hem de eser ba\u011flam\u0131nda bir\u00e7ok \u00f6nemli \u015fahsiyetin ve ilm\u00ee tel\u00eef\u00e2t\u0131n ortaya \u00e7\u0131kmas\u0131na vesile olmu\u015ftur. Ortaya \u00e7\u0131kan eserlerin b\u00fcy\u00fck bir b\u00f6l\u00fcm\u00fcn\u00fc medrese gelene\u011finin bir sonucu olarak \u015ferh ve ha\u015fiyeler te\u015fkil etmektedir. Bu eserlerde, had\u00ees, had\u00ees tarihi, had\u00ees us\u00fbl\u00fc ve bunlar\u0131n alt dallar\u0131yla ilgili kayda de\u011fer ilm\u00ee \u00e7al\u0131\u015fmalar da yap\u0131lm\u0131\u015ft\u0131r. Elinizdeki eser, had\u00ees tarihi konusundaki \u00f6nemli ilm\u00ee mes\u00e2\u00eelerden biridir. M\u00fcellifi Muhammed Abdurre\u015f\u00eed Nu\u2019m\u00e2n\u00ee, Hanef\u00ee had\u00ees gelene\u011fi i\u00e7inde yeti\u015fmi\u015f, ayn\u0131 zamanda Nedvet\u00fc\u2019l-Ulem\u00e2\u2019da me\u015fhur \u00e2lim ve davet\u00e7i Ebu\u2019l-Hasen en-Nedv\u00ee ile ayn\u0131 s\u0131ralar\u0131 payla\u015fm\u0131\u015f bir \u00e2limdir.<\/p>\n","protected":false},"excerpt":{"rendered":"<p>Hind Altk\u0131tas\u0131\u2019nda XIX. y\u00fczy\u0131lda yo\u011funla\u015fan hadis tedr\u00eesat\u0131, hem ulem\u00e2 hem de eser ba\u011flam\u0131nda bir\u00e7ok \u00f6nemli \u015fahsiyetin ve ilm\u00ee tel\u00eef\u00e2t\u0131n ortaya \u00e7\u0131kmas\u0131na vesile olmu\u015ftur. Ortaya \u00e7\u0131kan eserlerin<span class=\"excerpt-hellip\"> [\u2026]<\/span><\/p>\n","protected":false},"featured_media":0,"template":"","meta":{"_monsterinsights_skip_tracking":false,"_monsterinsights_sitenote_active":false,"_monsterinsights_sitenote_note":"","_monsterinsights_sitenote_category":0},"product_brand":[],"product_cat":[12718,12719],"product_tag":[],"class_list":{"0":"post-756884","1":"product","2":"type-product","3":"status-publish","5":"product_cat-din","6":"product_cat-islam","7":"pa_cilt-ciltsiz","8":"pa_tur-kitap","9":"pa_yayinevi-takdim-kitap","10":"pa_yazar-muhammed-abdurresid-en-numani","12":"first","13":"instock","14":"sale","15":"shipping-taxable","16":"purchasable","17":"product-type-simple"},"_links":{"self":[{"href":"https:\/\/roveyayinevi.com.tr\/index.php\/wp-json\/wp\/v2\/product\/756884","targetHints":{"allow":["GET"]}}],"collection":[{"href":"https:\/\/roveyayinevi.com.tr\/index.php\/wp-json\/wp\/v2\/product"}],"about":[{"href":"https:\/\/roveyayinevi.com.tr\/index.php\/wp-json\/wp\/v2\/types\/product"}],"wp:attachment":[{"href":"https:\/\/roveyayinevi.com.tr\/index.php\/wp-json\/wp\/v2\/media?parent=756884"}],"wp:term":[{"taxonomy":"product_brand","embeddable":true,"href":"https:\/\/roveyayinevi.com.tr\/index.php\/wp-json\/wp\/v2\/product_brand?post=756884"},{"taxonomy":"product_cat","embeddable":true,"href":"https:\/\/roveyayinevi.com.tr\/index.php\/wp-json\/wp\/v2\/product_cat?post=756884"},{"taxonomy":"product_tag","embeddable":true,"href":"https:\/\/roveyayinevi.com.tr\/index.php\/wp-json\/wp\/v2\/product_tag?post=756884"}],"curies":[{"name":"wp","href":"https:\/\/api.w.org\/{rel}","templated":true}]}}