{"id":756883,"date":"2025-08-28T07:20:24","date_gmt":"2025-08-28T04:20:24","guid":{"rendered":"https:\/\/roveyayinevi.com.tr\/index.php\/urun\/helal-kazancin-onemi\/"},"modified":"2026-04-16T03:10:00","modified_gmt":"2026-04-16T00:10:00","slug":"helal-kazancin-onemi","status":"publish","type":"product","link":"https:\/\/roveyayinevi.com.tr\/index.php\/urun\/helal-kazancin-onemi\/","title":{"rendered":"Helal Kazanc\u0131n \u00d6nemi"},"content":{"rendered":"<p>\u0130slam&#8217;da helal kazanca verilen \u00f6nem atas\u00f6zleri ve deyimlerimize de yans\u0131m\u0131\u015ft\u0131r: Helal olsun, hakk\u0131n\u0131 helal etmek, helal s\u00fct emmi\u015f, helali ho\u015f olsun deyimlerini duymayan ve kullanmayan yoktur. Kitab\u0131n yazar\u0131 el-Hall\u00e2l, dinimizdeki bu ana kavramdan hareket ederek \u0130slam \u00e2limlerinin rivayetlerini bir araya getirip k\u0131sa ve \u00f6z bi\u00e7imde bu kitab\u0131 haz\u0131rlam\u0131\u015f. Ailenin ge\u00e7imini helalinden sa\u011flaman\u0131n, onlar\u0131 ba\u015fkas\u0131na muhta\u00e7 etmemenin, gerekenden az yememenin, r\u0131z\u0131k kazanmay\u0131 b\u0131rakmaman\u0131n delillerini s\u0131ralam\u0131\u015f. Yazar bu kitab\u0131 kaleme al\u0131rken helal lokman\u0131n \u00f6nemini b\u00fcy\u00fck \u00e2limlerin dilinden k\u0131sa ve \u00f6z bi\u00e7imde ele almak istemi\u015f. Ayr\u0131ca z\u00fchde y\u00f6nelen ki\u015filerin r\u0131z\u0131k pe\u015finde ko\u015fmaktan vazge\u00e7melerinin yanl\u0131\u015f oldu\u011funu delilleriyle g\u00f6stermek istemi\u015ftir. En do\u011frusunu Allah bilir.<\/p>\n","protected":false},"excerpt":{"rendered":"<p>\u0130slam&#8217;da helal kazanca verilen \u00f6nem atas\u00f6zleri ve deyimlerimize de yans\u0131m\u0131\u015ft\u0131r: Helal olsun, hakk\u0131n\u0131 helal etmek, helal s\u00fct emmi\u015f, helali ho\u015f olsun deyimlerini duymayan ve kullanmayan yoktur.<span class=\"excerpt-hellip\"> [\u2026]<\/span><\/p>\n","protected":false},"featured_media":0,"template":"","meta":{"_monsterinsights_skip_tracking":false,"_monsterinsights_sitenote_active":false,"_monsterinsights_sitenote_note":"","_monsterinsights_sitenote_category":0},"product_brand":[],"product_cat":[12718,12719],"product_tag":[],"class_list":{"0":"post-756883","1":"product","2":"type-product","3":"status-publish","5":"product_cat-din","6":"product_cat-islam","7":"pa_cilt-ciltsiz","8":"pa_tur-kitap","9":"pa_yayinevi-takdim-kitap","10":"pa_yazar-ebubekir-el-hallal","12":"first","13":"instock","14":"sale","15":"shipping-taxable","16":"purchasable","17":"product-type-simple"},"_links":{"self":[{"href":"https:\/\/roveyayinevi.com.tr\/index.php\/wp-json\/wp\/v2\/product\/756883","targetHints":{"allow":["GET"]}}],"collection":[{"href":"https:\/\/roveyayinevi.com.tr\/index.php\/wp-json\/wp\/v2\/product"}],"about":[{"href":"https:\/\/roveyayinevi.com.tr\/index.php\/wp-json\/wp\/v2\/types\/product"}],"wp:attachment":[{"href":"https:\/\/roveyayinevi.com.tr\/index.php\/wp-json\/wp\/v2\/media?parent=756883"}],"wp:term":[{"taxonomy":"product_brand","embeddable":true,"href":"https:\/\/roveyayinevi.com.tr\/index.php\/wp-json\/wp\/v2\/product_brand?post=756883"},{"taxonomy":"product_cat","embeddable":true,"href":"https:\/\/roveyayinevi.com.tr\/index.php\/wp-json\/wp\/v2\/product_cat?post=756883"},{"taxonomy":"product_tag","embeddable":true,"href":"https:\/\/roveyayinevi.com.tr\/index.php\/wp-json\/wp\/v2\/product_tag?post=756883"}],"curies":[{"name":"wp","href":"https:\/\/api.w.org\/{rel}","templated":true}]}}