{"id":756881,"date":"2025-08-28T07:20:21","date_gmt":"2025-08-28T04:20:21","guid":{"rendered":"https:\/\/roveyayinevi.com.tr\/index.php\/urun\/hadislerin-isnadinin-dindeki-yeri\/"},"modified":"2026-04-16T03:10:00","modified_gmt":"2026-04-16T00:10:00","slug":"hadislerin-isnadinin-dindeki-yeri","status":"publish","type":"product","link":"https:\/\/roveyayinevi.com.tr\/index.php\/urun\/hadislerin-isnadinin-dindeki-yeri\/","title":{"rendered":"Hadislerin \u0130snad\u0131n\u0131n Dindeki Yeri"},"content":{"rendered":"<p>Bu kitap, had\u00ees-i \u015fer\u00eef ilimlerinin konular\u0131 aras\u0131nda yer alan iki \u00f6nemli meseleyi ele almaktad\u0131r: 1. \u0130sn\u00e2d ve isn\u00e2da ba\u015fvurma konusunda hadis imamlar\u0131ndan gelen ifadelerdir. Bu s\u00f6zler ayn\u0131 \u015fekilde isn\u00e2d\u0131n de\u011feri ile bunun yaln\u0131zca \u0130slam \u00fcmmetine mahsus olu\u015fu, \u00f6nemi, hem hadis rivayetinde isnad anlay\u0131\u015f\u0131 ve konumu hem de di\u011fer ilim dallar\u0131n\u0131n anlay\u0131\u015f\u0131na g\u00f6re isnad\u0131n konumu, sonraki nesillerin seleften ilim alma y\u00f6ntemleri aras\u0131na isnad\u0131n giri\u015fi\u2026gibi hususlara dairdir. 2. Hadis\u00e7ilerin hadis okuma-\u00f6\u011frenme\/sem\u00e2\u2018 y\u00f6ntemleridir. Hadisi hocadan i\u015fiterek \u00f6\u011frenme \u015feklindeki bu y\u00f6ntem, hadis ilminin \u00f6nemli bir b\u00f6l\u00fcm\u00fcd\u00fcr. Bu eser, gerek \u0130slam Dini gerekse \u00fclkemiz ve d\u00fcnya co\u011frafyas\u0131 i\u00e7in bir g\u00fcvenlik meselesi olarak telakki etti\u011fimiz Hadis ve S\u00fcnnet\u2019in adeta mahfazas\u0131 say\u0131lan isnada dair e\u015fsiz bir perspektif sunmaktad\u0131r.<\/p>\n","protected":false},"excerpt":{"rendered":"<p>Bu kitap, had\u00ees-i \u015fer\u00eef ilimlerinin konular\u0131 aras\u0131nda yer alan iki \u00f6nemli meseleyi ele almaktad\u0131r: 1. \u0130sn\u00e2d ve isn\u00e2da ba\u015fvurma konusunda hadis imamlar\u0131ndan gelen ifadelerdir. Bu s\u00f6zler<span class=\"excerpt-hellip\"> [\u2026]<\/span><\/p>\n","protected":false},"featured_media":0,"template":"","meta":{"_monsterinsights_skip_tracking":false,"_monsterinsights_sitenote_active":false,"_monsterinsights_sitenote_note":"","_monsterinsights_sitenote_category":0},"product_brand":[],"product_cat":[12718,12719],"product_tag":[],"class_list":{"0":"post-756881","1":"product","2":"type-product","3":"status-publish","5":"product_cat-din","6":"product_cat-islam","7":"pa_cilt-ciltsiz","8":"pa_tur-kitap","9":"pa_yayinevi-takdim-kitap","10":"pa_yazar-abdulfettah-ebu-gudde","12":"first","13":"instock","14":"sale","15":"shipping-taxable","16":"purchasable","17":"product-type-simple"},"_links":{"self":[{"href":"https:\/\/roveyayinevi.com.tr\/index.php\/wp-json\/wp\/v2\/product\/756881","targetHints":{"allow":["GET"]}}],"collection":[{"href":"https:\/\/roveyayinevi.com.tr\/index.php\/wp-json\/wp\/v2\/product"}],"about":[{"href":"https:\/\/roveyayinevi.com.tr\/index.php\/wp-json\/wp\/v2\/types\/product"}],"wp:attachment":[{"href":"https:\/\/roveyayinevi.com.tr\/index.php\/wp-json\/wp\/v2\/media?parent=756881"}],"wp:term":[{"taxonomy":"product_brand","embeddable":true,"href":"https:\/\/roveyayinevi.com.tr\/index.php\/wp-json\/wp\/v2\/product_brand?post=756881"},{"taxonomy":"product_cat","embeddable":true,"href":"https:\/\/roveyayinevi.com.tr\/index.php\/wp-json\/wp\/v2\/product_cat?post=756881"},{"taxonomy":"product_tag","embeddable":true,"href":"https:\/\/roveyayinevi.com.tr\/index.php\/wp-json\/wp\/v2\/product_tag?post=756881"}],"curies":[{"name":"wp","href":"https:\/\/api.w.org\/{rel}","templated":true}]}}