{"id":756880,"date":"2025-08-28T07:20:19","date_gmt":"2025-08-28T04:20:19","guid":{"rendered":"https:\/\/roveyayinevi.com.tr\/index.php\/urun\/air-1\/"},"modified":"2026-04-16T03:09:59","modified_gmt":"2026-04-16T00:09:59","slug":"air-1","status":"publish","type":"product","link":"https:\/\/roveyayinevi.com.tr\/index.php\/urun\/air-1\/","title":{"rendered":"Air 1"},"content":{"rendered":"<p>Y\u00fckseklik korkusu olan hostes Blythe, ter\u00f6rist olup olmad\u0131\u011f\u0131ndan bile emin olamad\u0131\u011f\u0131 gizemli bir yolcuya a\u015f\u0131k olmak ve hayat\u0131n\u0131n en tuhaf yolculu\u011funa \u00e7\u0131kmak \u00fczere. Bu adam\u0131n pe\u015fine d\u00fc\u015fen Blythe, teknolojik komplolar, karanl\u0131k siyaset ve gizli \u00f6rg\u00fctlerle \u00f6r\u00fclm\u00fc\u015f bir a\u011fa zorunlu ini\u015f yap\u0131yor. U\u00e7u\u015fu ve ger\u00e7ekli\u011fi kontrol edebilen yeg\u00e2ne insan oldu\u011funu \u00f6\u011frendikten sonra da b\u00fcy\u00fcl\u00fc denebilecek kadar geli\u015fmi\u015f bir teknoloji sayesinde, baz\u0131 cevaplara ula\u015fmak i\u00e7in uzay-zaman kurallar\u0131n\u0131 ihlal ediyor. Eisner \u00f6d\u00fcllerine aday g\u00f6sterilmi\u015f bu d\u00f6rt ciltlik nefes kesen serinin yeni edisyonunun ilk kitab\u0131, kar\u015f\u0131n\u0131zda! <\/p>\n","protected":false},"excerpt":{"rendered":"<p>Y\u00fckseklik korkusu olan hostes Blythe, ter\u00f6rist olup olmad\u0131\u011f\u0131ndan bile emin olamad\u0131\u011f\u0131 gizemli bir yolcuya a\u015f\u0131k olmak ve hayat\u0131n\u0131n en tuhaf yolculu\u011funa \u00e7\u0131kmak \u00fczere. Bu adam\u0131n pe\u015fine<span class=\"excerpt-hellip\"> [\u2026]<\/span><\/p>\n","protected":false},"featured_media":0,"template":"","meta":{"_monsterinsights_skip_tracking":false,"_monsterinsights_sitenote_active":false,"_monsterinsights_sitenote_note":"","_monsterinsights_sitenote_category":0},"product_brand":[],"product_cat":[12416,12291],"product_tag":[],"class_list":{"0":"post-756880","1":"product","2":"type-product","3":"status-publish","5":"product_cat-cizgi-roman","6":"product_cat-edebiyat","7":"pa_cilt-ciltsiz","8":"pa_tur-kitap","9":"pa_yayinevi-kara-karga-yayinlari","10":"pa_yazar-g-willow-wilson","12":"first","13":"instock","14":"sale","15":"shipping-taxable","16":"purchasable","17":"product-type-simple"},"_links":{"self":[{"href":"https:\/\/roveyayinevi.com.tr\/index.php\/wp-json\/wp\/v2\/product\/756880","targetHints":{"allow":["GET"]}}],"collection":[{"href":"https:\/\/roveyayinevi.com.tr\/index.php\/wp-json\/wp\/v2\/product"}],"about":[{"href":"https:\/\/roveyayinevi.com.tr\/index.php\/wp-json\/wp\/v2\/types\/product"}],"wp:attachment":[{"href":"https:\/\/roveyayinevi.com.tr\/index.php\/wp-json\/wp\/v2\/media?parent=756880"}],"wp:term":[{"taxonomy":"product_brand","embeddable":true,"href":"https:\/\/roveyayinevi.com.tr\/index.php\/wp-json\/wp\/v2\/product_brand?post=756880"},{"taxonomy":"product_cat","embeddable":true,"href":"https:\/\/roveyayinevi.com.tr\/index.php\/wp-json\/wp\/v2\/product_cat?post=756880"},{"taxonomy":"product_tag","embeddable":true,"href":"https:\/\/roveyayinevi.com.tr\/index.php\/wp-json\/wp\/v2\/product_tag?post=756880"}],"curies":[{"name":"wp","href":"https:\/\/api.w.org\/{rel}","templated":true}]}}