{"id":756878,"date":"2025-08-28T07:20:15","date_gmt":"2025-08-28T04:20:15","guid":{"rendered":"https:\/\/roveyayinevi.com.tr\/index.php\/urun\/dunyayi-etkileyen-tablolariyla-seckin-ressamlar\/"},"modified":"2026-04-16T03:09:59","modified_gmt":"2026-04-16T00:09:59","slug":"dunyayi-etkileyen-tablolariyla-seckin-ressamlar","status":"publish","type":"product","link":"https:\/\/roveyayinevi.com.tr\/index.php\/urun\/dunyayi-etkileyen-tablolariyla-seckin-ressamlar\/","title":{"rendered":"D\u00fcnyay\u0131 Etkileyen Tablolar\u0131yla Se\u00e7kin Ressamlar"},"content":{"rendered":"<p>Var oldu\u011fu g\u00fcnden beri t\u00fcm g\u00fc\u00e7lerini, akl\u0131n\u0131, sezgilerini, bedenini seferber ederek do\u011fan\u0131n \u00fcstesinden gelmeye \u00e7al\u0131\u015fan insano\u011flu, bilimin ve sanat\u0131n ortak paydas\u0131nda toplad\u0131\u011f\u0131 ya\u015fam\u0131n gizine varmak i\u00e7in ger\u00e7e\u011fin pe\u015finde ko\u015fmu\u015ftur. Matematik\u00e7i H.Poincare, \u201cSezgiyle ke\u015ffeder, deneyle kan\u0131tlar\u0131z\u201d s\u00f6z\u00fcyle sezginin bilimin de temelini olu\u015fturdu\u011funu belirtmek istemi\u015ftir. \u201cTarih boyunca hi\u00e7 de\u011fi\u015fmemi\u015f olan do\u011faya ili\u015fkin \u2018ger\u00e7ek\u2019in \u00e7arp\u0131c\u0131 ve anlaml\u0131 bi\u00e7imde, Goethe\u2019nin de\u011ferini hi\u00e7 yitirmeyecek olan \u015fu s\u00f6zlerin dile getirmektedir: T\u00fcm ustalar\u0131n, \u00e7a\u011flar\u0131n, toplumlar\u0131n, Homer\u2019in ve Dante\u2019nin, Shakspeare\u2019in ve Cervantes\u2019in, Rubens\u2019in ve Rembrandt\u2019\u0131n, Stendhal ve Balzac\u2019\u0131n, Dostoyevski ve Tolstoy\u2019un, C\u00eazanne\u2019\u0131n ve Van Gogh\u2019un t\u00fcm eserleri ayn\u0131 derecede ger\u00e7ek\u00e7idir ver ger\u00e7eklik ate\u015fiyle tutu\u015fmu\u015flard\u0131r.\u201d (Hauser) \u0130nsan, deneye dayanan bilim (y\u00f6ntemli bilgi) yoluyla do\u011fay\u0131; bilgi edinmenin bir ba\u015fka yolu olan sanat yoluyla da insan\u0131 tan\u0131r. Bilim, makineleri tan\u0131d\u0131\u011f\u0131 kadar insan\u0131 tan\u0131sayd\u0131 insanl\u0131k daha mutlu olurdu. D\u00f6rt y\u00fcz y\u0131ld\u0131r ya\u015fam\u0131 kolayla\u015ft\u0131ran bilimin seksen bin y\u0131ll\u0131k ge\u00e7mi\u015fi oldu\u011fu tahmin edilen sanattan \u00f6\u011frenece\u011fi daha \u00e7ok \u015fey var. Sanat\u0131n sevdirme g\u00fcc\u00fc; \u201cg\u00fczelli\u011fi ke\u015ffetmek, sevginin, hi\u00e7bir zaman d\u00fc\u015f k\u0131r\u0131kl\u0131\u011f\u0131na u\u011fratmayacak olan d\u00fc\u015f\u00fcnceye dalm\u0131\u015f boyutunu ke\u015ffetmek demektir.\u201d (De Konnick) Zafer Gen\u00e7ayd\u0131n <\/p>\n","protected":false},"excerpt":{"rendered":"<p>Var oldu\u011fu g\u00fcnden beri t\u00fcm g\u00fc\u00e7lerini, akl\u0131n\u0131, sezgilerini, bedenini seferber ederek do\u011fan\u0131n \u00fcstesinden gelmeye \u00e7al\u0131\u015fan insano\u011flu, bilimin ve sanat\u0131n ortak paydas\u0131nda toplad\u0131\u011f\u0131 ya\u015fam\u0131n gizine varmak i\u00e7in<span class=\"excerpt-hellip\"> [\u2026]<\/span><\/p>\n","protected":false},"featured_media":0,"template":"","meta":{"_monsterinsights_skip_tracking":false,"_monsterinsights_sitenote_active":false,"_monsterinsights_sitenote_note":"","_monsterinsights_sitenote_category":0},"product_brand":[],"product_cat":[13072,12291],"product_tag":[],"class_list":{"0":"post-756878","1":"product","2":"type-product","3":"status-publish","5":"product_cat-arastirma-inceleme-referans","6":"product_cat-edebiyat","7":"pa_cilt-ciltsiz","8":"pa_tur-kitap","9":"pa_yayinevi-cumhuriyet-kitaplari","10":"pa_yazar-guven-baykan","12":"first","13":"instock","14":"sale","15":"shipping-taxable","16":"purchasable","17":"product-type-simple"},"_links":{"self":[{"href":"https:\/\/roveyayinevi.com.tr\/index.php\/wp-json\/wp\/v2\/product\/756878","targetHints":{"allow":["GET"]}}],"collection":[{"href":"https:\/\/roveyayinevi.com.tr\/index.php\/wp-json\/wp\/v2\/product"}],"about":[{"href":"https:\/\/roveyayinevi.com.tr\/index.php\/wp-json\/wp\/v2\/types\/product"}],"wp:attachment":[{"href":"https:\/\/roveyayinevi.com.tr\/index.php\/wp-json\/wp\/v2\/media?parent=756878"}],"wp:term":[{"taxonomy":"product_brand","embeddable":true,"href":"https:\/\/roveyayinevi.com.tr\/index.php\/wp-json\/wp\/v2\/product_brand?post=756878"},{"taxonomy":"product_cat","embeddable":true,"href":"https:\/\/roveyayinevi.com.tr\/index.php\/wp-json\/wp\/v2\/product_cat?post=756878"},{"taxonomy":"product_tag","embeddable":true,"href":"https:\/\/roveyayinevi.com.tr\/index.php\/wp-json\/wp\/v2\/product_tag?post=756878"}],"curies":[{"name":"wp","href":"https:\/\/api.w.org\/{rel}","templated":true}]}}