{"id":756876,"date":"2025-08-28T07:20:10","date_gmt":"2025-08-28T04:20:10","guid":{"rendered":"https:\/\/roveyayinevi.com.tr\/index.php\/urun\/alandaki-delikanli\/"},"modified":"2026-04-16T03:09:59","modified_gmt":"2026-04-16T00:09:59","slug":"alandaki-delikanli","status":"publish","type":"product","link":"https:\/\/roveyayinevi.com.tr\/index.php\/urun\/alandaki-delikanli\/","title":{"rendered":"Alandaki Delikanl\u0131"},"content":{"rendered":"<p>\u201cK\u00f6yl\u00fcler, i\u015f\u00e7iler, d\u00fc\u015fk\u00fcnler, g\u00f6\u00e7e s\u00fcr\u00fcklenenler, bungunluktan ka\u00e7anlar, ya\u015famaya direnenler, umutla var olmaya \u00e7al\u0131\u015fanlar, toprakla ba\u011flar\u0131n\u0131 g\u00fc\u00e7l\u00fc tutmak derdinde olan insanlar\u0131n \u00f6yk\u00fcleridir Alandaki Delikanl\u0131\u2019da yer alanlar\u201dFeridun Anda\u00e7 \u2026 \u00d6yk\u00fcleri 1939\u2019dan itibaren d\u00f6nemin pek \u00e7ok dergisinde yay\u0131mlanan Samim Kocag\u00f6z, zaman\u0131n bilin\u00e7li bir tan\u0131kl\u0131\u011f\u0131yla yaz\u0131n d\u00fcnyas\u0131n\u0131 kurmu\u015ftur. Cumhuriyet d\u00f6nemi yazarlar\u0131 aras\u0131nda yer alan Kocag\u00f6z\u2019\u00fcn roman, \u00f6yk\u00fc, deneme t\u00fcr\u00fcnde \u00e7ok say\u0131da yap\u0131t\u0131 bulunmakta olup, kimi yap\u0131tlar\u0131 yabanc\u0131 dillere \u00e7evrilmi\u015f ve \u00e7e\u015fitli \u00f6d\u00fcllere de de\u011fer g\u00f6r\u00fclm\u00fc\u015ft\u00fcr. Ulusal kurtulu\u015f m\u00fccadelesini konu alan Kalpakl\u0131lar roman\u0131 sinemaya ayn\u0131 adla uyarlanm\u0131\u015ft\u0131r. Cumhuriyet Kitaplar\u0131 olarak Alandaki Delikanl\u0131 kitab\u0131yla \u201cBac\u0131m Benim\u201d, \u201cK\u00fc\u00e7\u00fcc\u00fck Hik\u00e2yeler\u201d, \u201cDelikanl\u0131\u201d, \u201cBa\u015fkaca\u201d ve \u201cKentin K\u0131y\u0131s\u0131\u201d b\u00f6l\u00fcmleri halinde otuz iki \u00f6yk\u00fcs\u00fcn\u00fc okuyucular\u0131m\u0131zla bulu\u015fturuyoruz. <\/p>\n","protected":false},"excerpt":{"rendered":"<p>\u201cK\u00f6yl\u00fcler, i\u015f\u00e7iler, d\u00fc\u015fk\u00fcnler, g\u00f6\u00e7e s\u00fcr\u00fcklenenler, bungunluktan ka\u00e7anlar, ya\u015famaya direnenler, umutla var olmaya \u00e7al\u0131\u015fanlar, toprakla ba\u011flar\u0131n\u0131 g\u00fc\u00e7l\u00fc tutmak derdinde olan insanlar\u0131n \u00f6yk\u00fcleridir Alandaki Delikanl\u0131\u2019da yer alanlar\u201dFeridun Anda\u00e7<span class=\"excerpt-hellip\"> [\u2026]<\/span><\/p>\n","protected":false},"featured_media":0,"template":"","meta":{"_monsterinsights_skip_tracking":false,"_monsterinsights_sitenote_active":false,"_monsterinsights_sitenote_note":"","_monsterinsights_sitenote_category":0},"product_brand":[],"product_cat":[12291,18202],"product_tag":[],"class_list":{"0":"post-756876","1":"product","2":"type-product","3":"status-publish","5":"product_cat-edebiyat","6":"product_cat-hikaye","7":"pa_cilt-ciltsiz","8":"pa_tur-kitap","9":"pa_yayinevi-cumhuriyet-kitaplari","10":"pa_yazar-samim-kocagoz","12":"first","13":"instock","14":"sale","15":"shipping-taxable","16":"purchasable","17":"product-type-simple"},"_links":{"self":[{"href":"https:\/\/roveyayinevi.com.tr\/index.php\/wp-json\/wp\/v2\/product\/756876","targetHints":{"allow":["GET"]}}],"collection":[{"href":"https:\/\/roveyayinevi.com.tr\/index.php\/wp-json\/wp\/v2\/product"}],"about":[{"href":"https:\/\/roveyayinevi.com.tr\/index.php\/wp-json\/wp\/v2\/types\/product"}],"wp:attachment":[{"href":"https:\/\/roveyayinevi.com.tr\/index.php\/wp-json\/wp\/v2\/media?parent=756876"}],"wp:term":[{"taxonomy":"product_brand","embeddable":true,"href":"https:\/\/roveyayinevi.com.tr\/index.php\/wp-json\/wp\/v2\/product_brand?post=756876"},{"taxonomy":"product_cat","embeddable":true,"href":"https:\/\/roveyayinevi.com.tr\/index.php\/wp-json\/wp\/v2\/product_cat?post=756876"},{"taxonomy":"product_tag","embeddable":true,"href":"https:\/\/roveyayinevi.com.tr\/index.php\/wp-json\/wp\/v2\/product_tag?post=756876"}],"curies":[{"name":"wp","href":"https:\/\/api.w.org\/{rel}","templated":true}]}}