{"id":756871,"date":"2025-08-28T07:20:01","date_gmt":"2025-08-28T04:20:01","guid":{"rendered":"https:\/\/roveyayinevi.com.tr\/index.php\/urun\/psikolojik-dayaniklilik-2\/"},"modified":"2026-04-13T03:17:02","modified_gmt":"2026-04-13T00:17:02","slug":"psikolojik-dayaniklilik-2","status":"publish","type":"product","link":"https:\/\/roveyayinevi.com.tr\/index.php\/urun\/psikolojik-dayaniklilik-2\/","title":{"rendered":"Psikolojik Dayan\u0131kl\u0131l\u0131k"},"content":{"rendered":"<p>\u0130tinal\u0131 bir hayata azmettikten sonra her \u015feye ra\u011fmen yolda devaml\u0131 olmak \u00e7ok \u00f6nemlidir. Sal\u0131ncaktan d\u00fc\u015fen \u00e7ocuk hi\u00e7 k\u00fcser mi parka? S\u0131k\u0131lmak, k\u0131r\u0131lmak, dertler g\u00f6rmek, problemler tecr\u00fcbe etmek hayata k\u00fcsmeyi gerektirmez. \u0130nsanlardan uzakla\u015fmak, \u00fcmidi b\u0131rakmak, g\u00fcveni terk etmek, sevgiyi \u00f6ld\u00fcrmek i\u00e7in yeterli sebep de\u011fildir bunlar. D\u00fcnya \u00fczerinde iyilik yoksa onu yeniden icat etmek gerekir. \u0130tinayla ya\u015faman\u0131n bedeli olan s\u0131k\u0131nt\u0131lar elbette kar\u015f\u0131m\u0131za \u00e7\u0131kabilir ama tam ya\u015fay\u0131p tam i\u015fler yapmak, potansiyelimizi ortaya \u00e7\u0131karmak ancak itinayla ya\u015fad\u0131\u011f\u0131m\u0131zda m\u00fcmk\u00fcnd\u00fcr. Konu\u015fmas\u0131 kolay, yapmas\u0131 emek, zorlanma, gayret isteyen \u015feylerdir bunlar. Ni\u00e7in yapaca\u011f\u0131m bunlar\u0131? Kimse i\u00e7in de\u011fil, kendim i\u00e7in. \u00c7\u00fcnk\u00fc bazen ne yapsan bo\u015ftur, kimse g\u00f6rmez. Yapars\u0131n ve kimse fark etmez bile. Bu nedenle kimseden takdir, te\u015fvik, te\u015fekk\u00fcr beklemeden itinayla konu\u015facak, dinleyecek, yapacak, susaca\u011f\u0131z; bize b\u00f6ylesi yak\u0131\u015ft\u0131\u011f\u0131, do\u011fru bir hayat\u0131 b\u00f6yle ya\u015fayabilece\u011fimiz i\u00e7in. Ve b\u00fct\u00fcn bunlar\u0131 ertelemeden yapmal\u0131, zamana b\u0131rakmamal\u0131y\u0131z. \u015eartlar\u0131n olgunla\u015fmas\u0131n\u0131 bekliyorsun ama ya \u015fartlar da senin olgunla\u015fman\u0131 bekliyorsa? <\/p>\n","protected":false},"excerpt":{"rendered":"<p>\u0130tinal\u0131 bir hayata azmettikten sonra her \u015feye ra\u011fmen yolda devaml\u0131 olmak \u00e7ok \u00f6nemlidir. Sal\u0131ncaktan d\u00fc\u015fen \u00e7ocuk hi\u00e7 k\u00fcser mi parka? S\u0131k\u0131lmak, k\u0131r\u0131lmak, dertler g\u00f6rmek, problemler tecr\u00fcbe<span class=\"excerpt-hellip\"> [\u2026]<\/span><\/p>\n","protected":false},"featured_media":0,"template":"","meta":{"_monsterinsights_skip_tracking":false,"_monsterinsights_sitenote_active":false,"_monsterinsights_sitenote_note":"","_monsterinsights_sitenote_category":0},"product_brand":[],"product_cat":[12357],"product_tag":[],"class_list":{"0":"post-756871","1":"product","2":"type-product","3":"status-publish","5":"product_cat-psikoloji","6":"pa_cilt-ciltsiz","7":"pa_tur-kitap","8":"pa_yayinevi-muhit-kitap","9":"pa_yazar-mehmet-dinc","11":"first","12":"instock","13":"sale","14":"shipping-taxable","15":"purchasable","16":"product-type-simple"},"_links":{"self":[{"href":"https:\/\/roveyayinevi.com.tr\/index.php\/wp-json\/wp\/v2\/product\/756871","targetHints":{"allow":["GET"]}}],"collection":[{"href":"https:\/\/roveyayinevi.com.tr\/index.php\/wp-json\/wp\/v2\/product"}],"about":[{"href":"https:\/\/roveyayinevi.com.tr\/index.php\/wp-json\/wp\/v2\/types\/product"}],"wp:attachment":[{"href":"https:\/\/roveyayinevi.com.tr\/index.php\/wp-json\/wp\/v2\/media?parent=756871"}],"wp:term":[{"taxonomy":"product_brand","embeddable":true,"href":"https:\/\/roveyayinevi.com.tr\/index.php\/wp-json\/wp\/v2\/product_brand?post=756871"},{"taxonomy":"product_cat","embeddable":true,"href":"https:\/\/roveyayinevi.com.tr\/index.php\/wp-json\/wp\/v2\/product_cat?post=756871"},{"taxonomy":"product_tag","embeddable":true,"href":"https:\/\/roveyayinevi.com.tr\/index.php\/wp-json\/wp\/v2\/product_tag?post=756871"}],"curies":[{"name":"wp","href":"https:\/\/api.w.org\/{rel}","templated":true}]}}